{"id":530,"date":"2021-07-08T09:12:01","date_gmt":"2021-07-08T06:12:01","guid":{"rendered":"https:\/\/invego.lv\/kampanas\/kampaaniatingimused\/"},"modified":"2025-10-10T10:09:21","modified_gmt":"2025-10-10T07:09:21","slug":"kampanas-noteikumi","status":"publish","type":"page","link":"https:\/\/invego.lv\/kampanas\/kampanas-noteikumi\/","title":{"rendered":"Kampa\u0146as noteikumi"},"content":{"rendered":"\n<h3 class=\"wp-block-heading\">Kampa\u0146as<\/h3>\n\n\n\n<div style=\"height:20px\" aria-hidden=\"true\" class=\"wp-block-spacer\"><\/div>\n\n\n\n<h1 class=\"wp-block-heading\">Kampa\u0146as &#8221; LATVIJAI VAJAG VAIR\u0100K B\u0112RNU&#8221; noteikumi<\/h1>\n\n\n\n<p>M\u0113s atbalst\u0101m \u0123imenes, pie\u0161\u0137irot 5 000 \u20ac atlaidi par katru b\u0113rnu jauna m\u0101jok\u013ca ieg\u0101dei.<br>Kampa\u0146as noteikumi un saturs:<\/p>\n\n\n\n<ul class=\"wp-block-list\">\n<li>Pied\u0101v\u0101jums ir sp\u0113k\u0101 tikai jauniem klientiem, kuri paraksta priek\u0161l\u012bgumu laika period\u0101 no <strong>10.10.2025 <\/strong>l\u012bdz <strong>30.11.2025.<\/strong><\/li>\n\n\n\n<li>Pied\u0101v\u0101jums ir sp\u0113k\u0101 visos \u0161ajos projektos:\n<ul class=\"wp-block-list\">\n<li>Vitolu Parks <a href=\"https:\/\/invego.lv\/vitolu\" target=\"_blank\" rel=\"noreferrer noopener\">https:\/\/invego.lv\/vitolu<\/a><\/li>\n\n\n\n<li>Skanstes Rezidences <a href=\"https:\/\/skanstes.lv\" target=\"_blank\" rel=\"noreferrer noopener\">https:\/\/skanstes.lv<\/a><\/li>\n\n\n\n<li>Parka Kvartals <a href=\"https:\/\/parkakvartals.lv\" target=\"_blank\" rel=\"noreferrer noopener\">https:\/\/parkakvartals.lv<\/a><\/li>\n\n\n\n<li>Vide Adazi <a href=\"https:\/\/invego.lv\/videadazi\" target=\"_blank\" rel=\"noreferrer noopener\">https:\/\/invego.lv\/videadazi<\/a><\/li>\n\n\n\n<li>Marupes Sirds <a href=\"https:\/\/invego.lv\/marupessirds\/lv\/\">https:\/\/invego.lv\/marupessirds\/lv\/<\/a><\/li>\n\n\n\n<li>Miera Rezidences <a href=\"https:\/\/miera.lv\" target=\"_blank\" rel=\"noreferrer noopener\">https:\/\/miera.lv<\/a><\/li>\n<\/ul>\n<\/li>\n\n\n\n<li>Atlaides apjoms ir atkar\u012bgs no b\u0113rnu skaita \u0123imen\u0113\/m\u0101jsaimniec\u012bb\u0101.<\/li>\n\n\n\n<li>Atlaides apm\u0113ri ir \u0161\u0101di:\n<ul class=\"wp-block-list\">\n<li>1 b\u0113rns \u2013 5,000 eiro<\/li>\n\n\n\n<li>2 b\u0113rni \u2013 10,000 eiro<\/li>\n\n\n\n<li>3 b\u0113rni \u2013 15,000 eiro<\/li>\n\n\n\n<li>4 b\u0113rni \u2013 20,000 eiro<\/li>\n\n\n\n<li>5 vai vair\u0101k b\u0113rni \u2013 25,000 eiro<\/li>\n\n\n\n<li>Maksim\u0101lais atlaides apm\u0113rs ir 25 000 eiro.<\/li>\n<\/ul>\n<\/li>\n\n\n\n<li>Lai sa\u0146emtu atlaidi, klientam ir j\u0101uzr\u0101da apstiprin\u0101jums par b\u0113rnu skaitu. Invego var piepras\u012bt dokumentus, kas apliecina b\u0113rnu skaitu. \u0160\u0101di dokumenti var ietvert, piem\u0113ram, izrakstu no E-p\u0101rvaldes sist\u0113mas vai iedz\u012bvot\u0101ju re\u0123istra, no kura ir iz\u0146emti citi neb\u016btiski personas dati (piem\u0113ram, dz\u012bvesvieta, personas kods). Kampa\u0146as \u012bsteno\u0161anai Invego apstr\u0101d\u0101 personas datus saska\u0146\u0101 ar priv\u0101tuma politikas nosac\u012bjumiem, kas pieejami \u0161eit: <a href=\"https:\/\/invego.lv\/invego-pazinojums-par-privatumu\/\" target=\"_blank\" rel=\"noreferrer noopener\">https:\/\/invego.lv\/invego-pazinojums-par-privatumu\/<\/a>.<\/li>\n\n\n\n<li>Vienlaic\u012bgi ir sp\u0113k\u0101 tikai viena atlaide\/kampa\u0146a.<\/li>\n<\/ul>\n","protected":false},"excerpt":{"rendered":"Kampa\u0146as Kampa\u0146as &#8221; LATVIJAI VAJAG VAIR\u0100K B\u0112RNU&#8221; noteikumi M\u0113s atbalst\u0101m \u0123imenes, pie\u0161\u0137irot 5 000 \u20ac atlaidi par katru b\u0113rnu jauna m\u0101jok\u013ca ieg\u0101dei.Kampa\u0146as noteikumi un saturs:","protected":false},"author":1,"featured_media":0,"parent":0,"menu_order":0,"comment_status":"closed","ping_status":"closed","template":"","meta":{"_acf_changed":false,"inline_featured_image":false,"footnotes":""},"class_list":["post-530","page","type-page","status-publish","hentry"],"acf":[],"_links":{"self":[{"href":"https:\/\/invego.lv\/kampanas\/wp-json\/wp\/v2\/pages\/530","targetHints":{"allow":["GET"]}}],"collection":[{"href":"https:\/\/invego.lv\/kampanas\/wp-json\/wp\/v2\/pages"}],"about":[{"href":"https:\/\/invego.lv\/kampanas\/wp-json\/wp\/v2\/types\/page"}],"author":[{"embeddable":true,"href":"https:\/\/invego.lv\/kampanas\/wp-json\/wp\/v2\/users\/1"}],"replies":[{"embeddable":true,"href":"https:\/\/invego.lv\/kampanas\/wp-json\/wp\/v2\/comments?post=530"}],"version-history":[{"count":22,"href":"https:\/\/invego.lv\/kampanas\/wp-json\/wp\/v2\/pages\/530\/revisions"}],"predecessor-version":[{"id":1113,"href":"https:\/\/invego.lv\/kampanas\/wp-json\/wp\/v2\/pages\/530\/revisions\/1113"}],"wp:attachment":[{"href":"https:\/\/invego.lv\/kampanas\/wp-json\/wp\/v2\/media?parent=530"}],"curies":[{"name":"wp","href":"https:\/\/api.w.org\/{rel}","templated":true}]}}