{"id":900,"date":"2024-03-05T07:49:18","date_gmt":"2024-03-05T05:49:18","guid":{"rendered":"https:\/\/invego.lv\/marupessirds\/arendaja\/"},"modified":"2026-03-23T14:12:09","modified_gmt":"2026-03-23T12:12:09","slug":"developer","status":"publish","type":"page","link":"https:\/\/invego.lv\/marupessirds\/en\/developer\/","title":{"rendered":"Developer"},"content":{"rendered":"\n<section class=\"developer-block position-relative py-32 bg-white\" >\n    <div class=\"container-fluid\">\n        <div class=\"row align-items-center gx-32 gy-32\">\n            <div class=\"text col col-md-6 col-12\">\n                <div class=\"text_wrapper w100 color-lightBlue ms-auto\">\n                                            <img decoding=\"async\" class=\"mb-42\" src=\"https:\/\/invego.lv\/marupessirds\/wp-content\/uploads\/2025\/06\/vector.svg\" width=\"200\" height=\"58\" alt=\"\" \/>\n                    \n                    <p>Created by real estate developer INVEGO<\/p>\n<p>Invego is one of Estonia\u2019s leading real estate development companies, with over ten years of experience and nearly 30 ongoing development projects across three countries. In recent years, more than 1,300 homes and over 50,000 m\u00b2 of commercial space have been built in and around Tallinn. In Estonia, some of Invego\u2019s most notable developments include the recently completed Tiskreoja and Tabasalu Kodu, as well as the currently ongoing residential areas Luccaranna, Uus-J\u00e4rvek\u00fcla, and Keila Pargikodud.\u00a0In the Latvian capital, the company is developing residential area V\u012btolu Parks, and in collaboration with Reterra, the residential areas Parka Kvart\u0101ls, Skanstes Rezidences, and Miera Rezidences. Just outside Riga, Invego is developing the row houses residential area Vide \u0100da\u017ei and a large-scale residential district M\u0101rupes Sirds in M\u0101rupe.\u00a0\u00a0In southern Portugal, Invego is developing the Silves Hills project, which will feature 154 villas across 65 hectares.<\/p>\n                <\/div>\n            <\/div>\n\n            <div class=\"image col col-md-6 col-12\">\n                <div class=\"image_wrapper position-relative fade fade-in-left\">\n                    <img decoding=\"async\" class=\"w100 overflow-hidden\" src=\"https:\/\/invego.lv\/marupessirds\/wp-content\/uploads\/2025\/06\/ef42235b622899d2478344757bce9c31d9cc33ec.png\" width=\"1436\" height=\"1436\" alt=\"\" \/>\n                <\/div>\n            <\/div>\n        <\/div>\n    <\/div>\n<\/section>\n\n\n<section class=\"other-projects-block pt-lg-32 pt-16 pb-96 pb bg-white text-center\" >\n    <div class=\"container\">\n                    <h3 class=\"block_title mb-lg-24 mb-48\">View Invego residential development\u00a0in Latvia<\/h3>\n        \n        <div class=\"other-projects-list justify-content-center flex-wrap\">\n                                            <div class=\"other-project d-flex align-items-center justify-content-center w-100\">\n                                            <a href=\"https:\/\/invego.lv\/nordale\/en\" target=\"_blank\">\n                        \n                        <img decoding=\"async\" class=\"d-block\" src=\"https:\/\/invego.lv\/marupessirds\/wp-content\/uploads\/2026\/03\/nordale.svg\" width=\"103\" height=\"57\" alt=\"\" \/>\n\n                                                <\/a>\n                                    <\/div>\n                                            <div class=\"other-project d-flex align-items-center justify-content-center w-100\">\n                                            <a href=\"https:\/\/invego.lv\/tornakalna\/en\" target=\"_blank\">\n                        \n                        <img decoding=\"async\" class=\"d-block\" src=\"https:\/\/invego.lv\/marupessirds\/wp-content\/uploads\/2026\/03\/tornakalna.svg\" width=\"82\" height=\"48\" alt=\"\" \/>\n\n                                                <\/a>\n                                    <\/div>\n                                            <div class=\"other-project d-flex align-items-center justify-content-center w-100\">\n                                            <a href=\"https:\/\/invego.lv\/videadazi\/en\" target=\"_blank\">\n                        \n                        <img decoding=\"async\" class=\"d-block\" src=\"https:\/\/invego.lv\/marupessirds\/wp-content\/uploads\/2026\/03\/videadazi.svg\" width=\"148\" height=\"80\" alt=\"\" \/>\n\n                                                <\/a>\n                                    <\/div>\n                                            <div class=\"other-project d-flex align-items-center justify-content-center w-100\">\n                                            <a href=\"https:\/\/skanstes.lv\/en\" target=\"_blank\">\n                        \n                        <img decoding=\"async\" class=\"d-block\" src=\"https:\/\/invego.lv\/marupessirds\/wp-content\/uploads\/2026\/03\/skanstes.svg\" width=\"108\" height=\"58\" alt=\"\" \/>\n\n                                                <\/a>\n                                    <\/div>\n                                            <div class=\"other-project d-flex align-items-center justify-content-center w-100\">\n                                            <a href=\"https:\/\/miera.lv\/en\" target=\"_blank\">\n                        \n                        <img decoding=\"async\" class=\"d-block\" src=\"https:\/\/invego.lv\/marupessirds\/wp-content\/uploads\/2026\/03\/miera.svg\" width=\"58\" height=\"66\" alt=\"\" \/>\n\n                                                <\/a>\n                                    <\/div>\n                                            <div class=\"other-project d-flex align-items-center justify-content-center w-100\">\n                                            <a href=\"https:\/\/invego.lv\/vitolu\/en\" target=\"_blank\">\n                        \n                        <img decoding=\"async\" class=\"d-block\" src=\"https:\/\/invego.lv\/marupessirds\/wp-content\/uploads\/2026\/03\/vitolu.svg\" width=\"59\" height=\"67\" alt=\"\" \/>\n\n                                                <\/a>\n                                    <\/div>\n                                            <div class=\"other-project d-flex align-items-center justify-content-center w-100\">\n                                            <a href=\"https:\/\/invego.ee\/verve\/en\/\" target=\"_blank\">\n                        \n                        <img decoding=\"async\" class=\"d-block\" src=\"https:\/\/invego.lv\/marupessirds\/wp-content\/uploads\/2026\/03\/verve.svg\" width=\"96\" height=\"57\" alt=\"\" \/>\n\n                                                <\/a>\n                                    <\/div>\n                                            <div class=\"other-project d-flex align-items-center justify-content-center w-100\">\n                                            <a href=\"https:\/\/invego.ee\/keilapargikodud\/en\/\" target=\"_blank\">\n                        \n                        <img decoding=\"async\" class=\"d-block\" src=\"https:\/\/invego.lv\/marupessirds\/wp-content\/uploads\/2026\/03\/keila.svg\" width=\"76\" height=\"57\" alt=\"\" \/>\n\n                                                <\/a>\n                                    <\/div>\n                                            <div class=\"other-project d-flex align-items-center justify-content-center w-100\">\n                                            <a href=\"https:\/\/invego.ee\/luccaranna\/en\/\" target=\"_blank\">\n                        \n                        <img decoding=\"async\" class=\"d-block\" src=\"https:\/\/invego.lv\/marupessirds\/wp-content\/uploads\/2026\/03\/luccaranna.svg\" width=\"88\" height=\"47\" alt=\"\" \/>\n\n                                                <\/a>\n                                    <\/div>\n                                            <div class=\"other-project d-flex align-items-center justify-content-center w-100\">\n                                            <a href=\"https:\/\/invego.ee\/uusjarvekula\/en\/\" target=\"_blank\">\n                        \n                        <img decoding=\"async\" class=\"d-block\" src=\"https:\/\/invego.lv\/marupessirds\/wp-content\/uploads\/2026\/03\/uus-jarvekula.svg\" width=\"60\" height=\"59\" alt=\"\" \/>\n\n                                                <\/a>\n                                    <\/div>\n                                            <div class=\"other-project d-flex align-items-center justify-content-center w-100\">\n                                            <a href=\"https:\/\/silveshills.com\/\" target=\"_blank\">\n                        \n                        <img decoding=\"async\" class=\"d-block\" src=\"https:\/\/invego.lv\/marupessirds\/wp-content\/uploads\/2026\/03\/silves-hills.svg\" width=\"99\" height=\"28\" alt=\"\" \/>\n\n                                                <\/a>\n                                    <\/div>\n                    <\/div>\n\n                    <a href=\"https:\/\/invego.ee\/en\/residential-developments\/\" target=\"_blank\" class=\"btn btn-white mt-48\">View all Invego projects<\/a>\n            <\/div>\n<\/section>","protected":false},"excerpt":{"rendered":"","protected":false},"author":1,"featured_media":0,"parent":0,"menu_order":3,"comment_status":"closed","ping_status":"closed","template":"","meta":{"_acf_changed":false,"footnotes":""},"class_list":["post-900","page","type-page","status-publish","hentry"],"acf":[],"yoast_head":"<!-- This site is optimized with the Yoast SEO plugin v25.4 - https:\/\/yoast.com\/wordpress\/plugins\/seo\/ -->\n<title>Developer - Marupes Sirds<\/title>\n<meta name=\"robots\" content=\"index, follow, max-snippet:-1, max-image-preview:large, max-video-preview:-1\" \/>\n<link rel=\"canonical\" href=\"https:\/\/invego.lv\/marupessirds\/en\/developer\/\" \/>\n<meta property=\"og:locale\" content=\"en_US\" \/>\n<meta property=\"og:type\" content=\"article\" \/>\n<meta property=\"og:title\" content=\"Developer - Marupes Sirds\" \/>\n<meta property=\"og:url\" content=\"https:\/\/invego.lv\/marupessirds\/en\/developer\/\" \/>\n<meta property=\"og:site_name\" content=\"Marupes Sirds\" \/>\n<meta property=\"article:modified_time\" content=\"2026-03-23T12:12:09+00:00\" \/>\n<meta property=\"og:image\" content=\"https:\/\/invego.lv\/marupessirds\/wp-content\/uploads\/2025\/08\/share-image-min.png\" \/>\n\t<meta property=\"og:image:width\" content=\"1200\" \/>\n\t<meta property=\"og:image:height\" content=\"630\" \/>\n\t<meta property=\"og:image:type\" content=\"image\/png\" \/>\n<meta name=\"twitter:card\" content=\"summary_large_image\" \/>\n<script type=\"application\/ld+json\" class=\"yoast-schema-graph\">{\"@context\":\"https:\/\/schema.org\",\"@graph\":[{\"@type\":\"WebPage\",\"@id\":\"https:\/\/invego.lv\/marupessirds\/en\/developer\/\",\"url\":\"https:\/\/invego.lv\/marupessirds\/en\/developer\/\",\"name\":\"Developer - Marupes Sirds\",\"isPartOf\":{\"@id\":\"https:\/\/invego.lv\/marupessirds\/en\/#website\"},\"datePublished\":\"2024-03-05T05:49:18+00:00\",\"dateModified\":\"2026-03-23T12:12:09+00:00\",\"breadcrumb\":{\"@id\":\"https:\/\/invego.lv\/marupessirds\/en\/developer\/#breadcrumb\"},\"inLanguage\":\"en-US\",\"potentialAction\":[{\"@type\":\"ReadAction\",\"target\":[\"https:\/\/invego.lv\/marupessirds\/en\/developer\/\"]}]},{\"@type\":\"BreadcrumbList\",\"@id\":\"https:\/\/invego.lv\/marupessirds\/en\/developer\/#breadcrumb\",\"itemListElement\":[{\"@type\":\"ListItem\",\"position\":1,\"name\":\"Home\",\"item\":\"https:\/\/invego.lv\/marupessirds\/en\/\"},{\"@type\":\"ListItem\",\"position\":2,\"name\":\"Developer\"}]},{\"@type\":\"WebSite\",\"@id\":\"https:\/\/invego.lv\/marupessirds\/en\/#website\",\"url\":\"https:\/\/invego.lv\/marupessirds\/en\/\",\"name\":\"Marupes Sirds\",\"description\":\"\",\"publisher\":{\"@id\":\"https:\/\/invego.lv\/marupessirds\/en\/#organization\"},\"potentialAction\":[{\"@type\":\"SearchAction\",\"target\":{\"@type\":\"EntryPoint\",\"urlTemplate\":\"https:\/\/invego.lv\/marupessirds\/en\/?s={search_term_string}\"},\"query-input\":{\"@type\":\"PropertyValueSpecification\",\"valueRequired\":true,\"valueName\":\"search_term_string\"}}],\"inLanguage\":\"en-US\"},{\"@type\":\"Organization\",\"@id\":\"https:\/\/invego.lv\/marupessirds\/en\/#organization\",\"name\":\"Marupes Sirds\",\"url\":\"https:\/\/invego.lv\/marupessirds\/en\/\",\"logo\":{\"@type\":\"ImageObject\",\"inLanguage\":\"en-US\",\"@id\":\"https:\/\/invego.lv\/marupessirds\/en\/#\/schema\/logo\/image\/\",\"url\":\"https:\/\/invego.lv\/marupessirds\/wp-content\/uploads\/2025\/06\/layer_1.svg\",\"contentUrl\":\"https:\/\/invego.lv\/marupessirds\/wp-content\/uploads\/2025\/06\/layer_1.svg\",\"width\":170,\"height\":168,\"caption\":\"Marupes Sirds\"},\"image\":{\"@id\":\"https:\/\/invego.lv\/marupessirds\/en\/#\/schema\/logo\/image\/\"}}]}<\/script>\n<!-- \/ Yoast SEO plugin. -->","yoast_head_json":{"title":"Developer - Marupes Sirds","robots":{"index":"index","follow":"follow","max-snippet":"max-snippet:-1","max-image-preview":"max-image-preview:large","max-video-preview":"max-video-preview:-1"},"canonical":"https:\/\/invego.lv\/marupessirds\/en\/developer\/","og_locale":"en_US","og_type":"article","og_title":"Developer - Marupes Sirds","og_url":"https:\/\/invego.lv\/marupessirds\/en\/developer\/","og_site_name":"Marupes Sirds","article_modified_time":"2026-03-23T12:12:09+00:00","og_image":[{"width":1200,"height":630,"url":"https:\/\/invego.lv\/marupessirds\/wp-content\/uploads\/2025\/08\/share-image-min.png","type":"image\/png"}],"twitter_card":"summary_large_image","schema":{"@context":"https:\/\/schema.org","@graph":[{"@type":"WebPage","@id":"https:\/\/invego.lv\/marupessirds\/en\/developer\/","url":"https:\/\/invego.lv\/marupessirds\/en\/developer\/","name":"Developer - Marupes Sirds","isPartOf":{"@id":"https:\/\/invego.lv\/marupessirds\/en\/#website"},"datePublished":"2024-03-05T05:49:18+00:00","dateModified":"2026-03-23T12:12:09+00:00","breadcrumb":{"@id":"https:\/\/invego.lv\/marupessirds\/en\/developer\/#breadcrumb"},"inLanguage":"en-US","potentialAction":[{"@type":"ReadAction","target":["https:\/\/invego.lv\/marupessirds\/en\/developer\/"]}]},{"@type":"BreadcrumbList","@id":"https:\/\/invego.lv\/marupessirds\/en\/developer\/#breadcrumb","itemListElement":[{"@type":"ListItem","position":1,"name":"Home","item":"https:\/\/invego.lv\/marupessirds\/en\/"},{"@type":"ListItem","position":2,"name":"Developer"}]},{"@type":"WebSite","@id":"https:\/\/invego.lv\/marupessirds\/en\/#website","url":"https:\/\/invego.lv\/marupessirds\/en\/","name":"Marupes Sirds","description":"","publisher":{"@id":"https:\/\/invego.lv\/marupessirds\/en\/#organization"},"potentialAction":[{"@type":"SearchAction","target":{"@type":"EntryPoint","urlTemplate":"https:\/\/invego.lv\/marupessirds\/en\/?s={search_term_string}"},"query-input":{"@type":"PropertyValueSpecification","valueRequired":true,"valueName":"search_term_string"}}],"inLanguage":"en-US"},{"@type":"Organization","@id":"https:\/\/invego.lv\/marupessirds\/en\/#organization","name":"Marupes Sirds","url":"https:\/\/invego.lv\/marupessirds\/en\/","logo":{"@type":"ImageObject","inLanguage":"en-US","@id":"https:\/\/invego.lv\/marupessirds\/en\/#\/schema\/logo\/image\/","url":"https:\/\/invego.lv\/marupessirds\/wp-content\/uploads\/2025\/06\/layer_1.svg","contentUrl":"https:\/\/invego.lv\/marupessirds\/wp-content\/uploads\/2025\/06\/layer_1.svg","width":170,"height":168,"caption":"Marupes Sirds"},"image":{"@id":"https:\/\/invego.lv\/marupessirds\/en\/#\/schema\/logo\/image\/"}}]}},"_links":{"self":[{"href":"https:\/\/invego.lv\/marupessirds\/en\/wp-json\/wp\/v2\/pages\/900","targetHints":{"allow":["GET"]}}],"collection":[{"href":"https:\/\/invego.lv\/marupessirds\/en\/wp-json\/wp\/v2\/pages"}],"about":[{"href":"https:\/\/invego.lv\/marupessirds\/en\/wp-json\/wp\/v2\/types\/page"}],"author":[{"embeddable":true,"href":"https:\/\/invego.lv\/marupessirds\/en\/wp-json\/wp\/v2\/users\/1"}],"replies":[{"embeddable":true,"href":"https:\/\/invego.lv\/marupessirds\/en\/wp-json\/wp\/v2\/comments?post=900"}],"version-history":[{"count":14,"href":"https:\/\/invego.lv\/marupessirds\/en\/wp-json\/wp\/v2\/pages\/900\/revisions"}],"predecessor-version":[{"id":3891,"href":"https:\/\/invego.lv\/marupessirds\/en\/wp-json\/wp\/v2\/pages\/900\/revisions\/3891"}],"wp:attachment":[{"href":"https:\/\/invego.lv\/marupessirds\/en\/wp-json\/wp\/v2\/media?parent=900"}],"curies":[{"name":"wp","href":"https:\/\/api.w.org\/{rel}","templated":true}]}}