{"id":2548,"date":"2024-03-28T12:31:57","date_gmt":"2024-03-28T10:31:57","guid":{"rendered":"https:\/\/invego.lv\/marupessirds\/technical-description\/"},"modified":"2025-11-21T13:07:57","modified_gmt":"2025-11-21T11:07:57","slug":"arhitektura","status":"publish","type":"page","link":"https:\/\/invego.lv\/marupessirds\/arhitektura\/","title":{"rendered":"Arhitekt\u016bra"},"content":{"rendered":"\n<section class=\"quote-block bg-white pb-lg-96 pb-32 pt-lg-0 pt-32\">\n    <div class=\"container\">\n        <div class=\"row gy-32\">\n            <div class=\"quote-image-wrap col col-lg-6 col-12\">\n                <div class=\"quote-image overflow-hidden fade fade-in-right\">\n                    <img decoding=\"async\" class=\"w100\" src=\"https:\/\/invego.lv\/marupessirds\/wp-content\/uploads\/2025\/11\/image-7-min.png\" width=\"741\" height=\"501\" alt=\"\" \/>\n                <\/div>\n            <\/div>\n            <div class=\"quote-content-wrap col col-lg-6 col-12 d-flex flex-column align-items-center justify-content-center text-center\">\n                <div class=\"quote-content position-relative\">\n                    <svg class=\"top\" xmlns=\"http:\/\/www.w3.org\/2000\/svg\" width=\"38\" height=\"30\" viewBox=\"0 0 38 30\" fill=\"none\">\n                        <path d=\"M17.7763 0.51894L16.3593 5.02478C9.91865 3.0937 4.50847 9.01566 4.89492 16.74C10.5627 14.6802 15.0712 18.4136 14.9424 23.0481C14.9424 27.1678 11.9797 30 7.98644 30C3.34915 30 0 26.1379 0 17.6411C0 5.15351 7.47119 -2.05583 17.7763 0.51894ZM38 0.51894L36.5831 5.02478C30.1424 3.0937 24.7322 9.01566 25.1186 16.74C30.7864 14.6802 35.2949 18.4136 35.1661 23.0481C35.1661 27.1678 32.2034 30 28.2102 30C23.5729 30 20.2237 26.1379 20.2237 17.6411C20.2237 5.15351 27.6949 -2.05583 38 0.51894Z\" fill=\"#FC4200\"\/>\n                    <\/svg>\n                    <div class=\"quote-content-text mx-auto\">\n                        <p>\u201cM\u0101rupes Sirds\u201d \u012bpa\u0161u padara tas, ka viss dz\u012bvojamais rajons ir veidots k\u0101 vienots veselums, nevis k\u0101 atsevi\u0161\u0137as \u0113kas. Rindu m\u0101jas un dz\u012bvok\u013ci ir p\u0101rdom\u0101ti izvietoti, lai nodro\u0161in\u0101tu gan priv\u0101tumu, gan kop\u012bbas saj\u016btu. Starp \u0113k\u0101m esam izveidoju\u0161i zonu bez automa\u0161\u012bn\u0101m, lai veicin\u0101tu mier\u012bgu un klusu vidi, kur cilv\u0113ki var dro\u0161i un br\u012bvi p\u0101rvietoties.<br \/>\nKatram m\u0101joklim ir balkons vai terase, kas tuvina dabai un \u013cauj iedz\u012bvot\u0101jiem baud\u012bt M\u0101rupes ainavas. Visp\u0101r\u0113jais pl\u0101nojums atspogu\u013co m\u016bsu m\u0113r\u0137i rad\u012bt m\u0101jok\u013cus, kas ir funkcion\u0101li, \u0113rti un harmoniski iek\u013caujas apk\u0101rt\u0113j\u0101 vid\u0113.<\/p>\n                    <\/div>\n                    <svg class=\"btm\" xmlns=\"http:\/\/www.w3.org\/2000\/svg\" width=\"38\" height=\"30\" viewBox=\"0 0 38 30\" fill=\"none\">\n                        <path d=\"M20.2237 29.4811L21.6407 24.9752C28.0814 26.9063 33.4915 20.9843 33.1051 13.26C27.4373 15.3198 22.9288 11.5864 23.0576 6.95186C23.0576 2.83224 26.0203 0 30.0136 0C34.6508 0 38 3.86214 38 12.3589C38 24.8465 30.5288 32.0558 20.2237 29.4811ZM0 29.4811L1.41695 24.9752C7.85762 26.9063 13.2678 20.9843 12.8814 13.26C7.21356 15.3198 2.70508 11.5864 2.83389 6.95186C2.83389 2.83224 5.79661 0 9.78983 0C14.4271 0 17.7763 3.86214 17.7763 12.3589C17.7763 24.8465 10.3051 32.0558 0 29.4811Z\" fill=\"#FC4200\"\/>\n                    <\/svg>\n                <\/div>\n                                    <div class=\"quote-logo\">\n                        <img decoding=\"async\" class=\"w100\" src=\"https:\/\/invego.lv\/marupessirds\/wp-content\/uploads\/2025\/11\/group-2608935.svg\" width=\"211\" height=\"45\" alt=\"\" \/>\n                    <\/div>\n                            <\/div>\n        <\/div>\n    <\/div>\n<\/section>\n\n\n<section class=\"image-block bg-white\">\n    \n    <img decoding=\"async\" class=\"w100\" src=\"https:\/\/invego.lv\/marupessirds\/wp-content\/uploads\/2025\/11\/image-9-min.jpg\" width=\"2160\" height=\"1166\" alt=\"\" \/>\n\n    <\/section>\n\n\n<section class=\"images-layout-block bg-white overflow-hidden\">\n\t<div class=\"container-fluid\">\n\t\t<div class=\"row flex-lg-row gx-32\">\n\t\t\t<div class=\"col-left col col-lg-6 col-12\">\n\t\t\t\t\t\t\t\t\t<div class=\"image image-left position-relative d-lg-none d-block mb-32\">\n\t\t\t\t\t\t<div class=\"image-wrapper position-relative w100 overflow-hidden fade fade-in-left\">\n\t\t\t\t\t\t\t<div class=\"img position-absolute top-0 start-0 w100 h100\" style=\"background-image:url(https:\/\/invego.lv\/marupessirds\/wp-content\/uploads\/2025\/11\/image-5-min.png);\"><\/div>\n\t\t\t\t\t\t<\/div>\n\t\t\t\t\t<\/div>\n\t\t\t\t\n\t\t\t\t\t\t\t\t\t<div class=\"text_wrapper ul_styled w100 ms-lg-auto me-lg-32\">\n\t\t\t\t\t\t<p>Projekts \u201cM\u0101rupes Sirds\u201d ir pla\u0161s, p\u0101rdom\u0101ti veidots rajons ar v\u012bziju par m\u016bsdien\u012bgu arhitekt\u016bru, kas dabiski sapl\u016bst ar apk\u0101rt\u0113jo vidi. Apst\u0101d\u012bjumi ir r\u016bp\u012bgi integr\u0113ti apk\u0101rt\u0113j\u0101 vid\u0113, m\u0101jas iziet uz priv\u0101tiem d\u0101rziem un kop\u012bgo za\u013co zonu. \u201cM\u0101rupes Sirds\u201dapvieno \u0123imenes komfortu, ilgtsp\u0113j\u012bbu un vienm\u0113r aktu\u0101lu dizainu \u2014 tas viss tikai min\u016b\u0161u att\u0101lum\u0101 no pils\u0113tas centra.<\/p>\n\t\t\t\t\t<\/div>\n\t\t\t\t\n\t\t\t\t\t\t\t\t\t<div class=\"image image-left position-relative d-lg-block d-none\">\n\t\t\t\t\t\t<img decoding=\"async\" class=\"heart fade fade-in-up\" src=\"https:\/\/invego.lv\/marupessirds\/wp-content\/themes\/marupes\/images\/icons\/image-layout-heart.svg\" width=\"394\" height=\"380\" alt=\"\" \/>\n\n\t\t\t\t\t\t<div class=\"image-wrapper position-relative w100 overflow-hidden fade fade-in-right\">\n\t\t\t\t\t\t\t<div class=\"img position-absolute top-0 start-0 w100 h100\" style=\"background-image:url(https:\/\/invego.lv\/marupessirds\/wp-content\/uploads\/2025\/11\/image-5-min.png);\"><\/div>\n\t\t\t\t\t\t<\/div>\n\t\t\t\t\t<\/div>\n\t\t\t\t\t\t\t<\/div>\n\n\t\t\t\t\t\t\t<div class=\"col col-lg-6 col-12\">\n\t\t\t\t\t<div class=\"image image-right position-relative\">\n\t\t\t\t\t\t<div class=\"image-wrapper position-relative w100 overflow-hidden fade fade-in-left\">\n\t\t\t\t\t\t\t<div class=\"img position-absolute top-0 start-0 w100 h100\" style=\"background-image:url(https:\/\/invego.lv\/marupessirds\/wp-content\/uploads\/2025\/11\/image-6-min.png);\"><\/div>\n\t\t\t\t\t\t<\/div>\n\t\t\t\t\t<\/div>\n\t\t\t\t<\/div>\n\t\t\t\t\t<\/div>\n\t<\/div>\n\n\t\n\t<\/section>\n\n\n<h1 class=\"wp-block-heading\">Tehnisk\u0101 specifik\u0101cija<\/h1>\n\n\n\n<div class=\"wp-block-columns\">\n<div class=\"wp-block-column\">\n<h2 class=\"wp-block-heading\">Ener\u0123ijas klase<\/h2>\n\n\n\n<p>A klase<\/p>\n\n\n\n<h2 class=\"wp-block-heading\">Fas\u0101de<\/h2>\n\n\n\n<p>\u0112kas \u0101rsienas ir siltin\u0101tas, ap\u0161\u016btas ar koka d\u0113\u013ciem vai apmestas \u2013 atbilsto\u0161i arhitektoniskajam risin\u0101jumam.<\/p>\n\n\n\n<h2 class=\"wp-block-heading\">\u0112kas konstrukcijas<\/h2>\n\n\n\n<p>\u0112kas neso\u0161\u0101s sienas ir izgatavotas no blokiem, kuru platums ir atkar\u012bgs no sienas kravnes\u012bbas. Ar\u012b sienas starp dz\u012bvok\u013ciem veidotas no blokiem. Bloku sienas ir izl\u012bdzin\u0101tas un kr\u0101sotas.<br>Starpst\u0101vu gr\u012bdas tiek b\u016bv\u0113tas no samont\u0113tiem dobajiem pane\u013ciem ar so\u013cu trok\u0161\u0146a sl\u0101p\u0113\u0161anu un papildu beton\u0113\u0161anu. \u0112kai ir siltin\u0101ts plakanais jumts, p\u0101rkl\u0101ts ar velm\u0113jumu.<\/p>\n\n\n\n<h2 class=\"wp-block-heading\">Apkure un ventil\u0101cija<\/h2>\n\n\n\n<p>Apkurei ir silt\u0101s gr\u012bdas, un ventil\u0101ciju nodro\u0161ina rekuper\u0101cijas iek\u0101rtas.<\/p>\n<\/div>\n\n\n\n<div class=\"wp-block-column\">\n<h2 class=\"wp-block-heading\">Logi<\/h2>\n\n\n\n<p>M\u0101jai ir PVC logi. Logi ir ar tr\u012bsk\u0101r\u0161u stiklojumu, kas da\u013c\u0113ji atverami.<\/p>\n\n\n\n<h2 class=\"wp-block-heading\">Elektroinstal\u0101cija un apgaismojuma sist\u0113ma<\/h2>\n\n\n\n<p>\u0112kas iek\u0161ien\u0113 tiek veikta elektr\u012bbas kabe\u013cu mont\u0101\u017ea, sl\u0113d\u017eu un kontaktdak\u0161u uzst\u0101d\u012b\u0161ana p\u0113c dz\u012bvok\u013ca pl\u0101na (preciz\u0113jams projekt\u0113\u0161anas proces\u0101). <br>Iek\u0161\u0113j\u0101s apdares paketes ietvaros vannas istab\u0101s, tualet\u0113s un gaite\u0146os tiks uzst\u0101d\u012bts LED apgaismojums (ieb\u016bv\u0113ts piekaramajos griestos). Cit\u0101m telp\u0101m nepiecie\u0161amie baro\u0161anas kabe\u013ci tiks pievad\u012bti apgaismojumam paredz\u0113taj\u0101s viet\u0101s. Gaismas \u0137erme\u0146i netiks uzst\u0101d\u012bti.<\/p>\n\n\n\n<h2 class=\"wp-block-heading\">Apdare<\/h2>\n\n\n\n<p>Dz\u012bvojamo istabu sienas un griesti tiek kr\u0101soti, gr\u012bdu apdar\u0113 izmantots finier\u0113ts parkets. <br>Vannas istabas sienas un gr\u012bdas tiks kl\u0101tas ar keramikas fl\u012bz\u0113m, sienas tiks kl\u0101tas ar keramikas fl\u012bz\u0113m vai kr\u0101sotas atbilsto\u0161i arhitekt\u016bras dizaina projektam.<\/p>\n<\/div>\n<\/div>\n\n\n\n<div style=\"height:64px\" aria-hidden=\"true\" class=\"wp-block-spacer d-lg-block d-none\"><\/div>\n\n\n\n<p>*Att\u012bst\u012bt\u0101js patur ties\u012bbas \u0161eit aprakst\u012btos materi\u0101lus un apr\u012bkojumu aizst\u0101t ar l\u012bdzv\u0113rt\u012bgiem vai lab\u0101kiem.<\/p>\n","protected":false},"excerpt":{"rendered":"Tehnisk\u0101 specifik\u0101cija Ener\u0123ijas klase A klase Fas\u0101de \u0112kas \u0101rsienas ir siltin\u0101tas, ap\u0161\u016btas ar koka d\u0113\u013ciem vai apmestas \u2013 atbilsto\u0161i arhitektoniskajam risin\u0101jumam. \u0112kas konstrukcijas \u0112kas neso\u0161\u0101s sienas ir izgatavotas no blokiem, kuru platums ir atkar\u012bgs no sienas kravnes\u012bbas. Ar\u012b sienas starp dz\u012bvok\u013ciem veidotas no blokiem. Bloku sienas ir izl\u012bdzin\u0101tas un kr\u0101sotas.Starpst\u0101vu gr\u012bdas tiek b\u016bv\u0113tas no samont\u0113tiem [&hellip;]","protected":false},"author":1,"featured_media":0,"parent":0,"menu_order":2,"comment_status":"closed","ping_status":"closed","template":"page-templates\/hoonest.php","meta":{"_acf_changed":false,"footnotes":""},"class_list":["post-2548","page","type-page","status-publish","hentry"],"acf":[],"yoast_head":"<!-- This site is optimized with the Yoast SEO plugin v25.4 - https:\/\/yoast.com\/wordpress\/plugins\/seo\/ -->\n<title>Arhitekt\u016bra - Marupes Sirds<\/title>\n<meta name=\"robots\" content=\"index, follow, max-snippet:-1, max-image-preview:large, max-video-preview:-1\" \/>\n<link rel=\"canonical\" href=\"https:\/\/invego.lv\/marupessirds\/arhitektura\/\" \/>\n<meta property=\"og:locale\" content=\"lv_LV\" \/>\n<meta property=\"og:type\" content=\"article\" \/>\n<meta property=\"og:title\" content=\"Arhitekt\u016bra - Marupes Sirds\" \/>\n<meta property=\"og:description\" content=\"Tehnisk\u0101 specifik\u0101cija Ener\u0123ijas klase A klase Fas\u0101de \u0112kas \u0101rsienas ir siltin\u0101tas, ap\u0161\u016btas ar koka d\u0113\u013ciem vai apmestas \u2013 atbilsto\u0161i arhitektoniskajam risin\u0101jumam. \u0112kas konstrukcijas \u0112kas neso\u0161\u0101s sienas ir izgatavotas no blokiem, kuru platums ir atkar\u012bgs no sienas kravnes\u012bbas. Ar\u012b sienas starp dz\u012bvok\u013ciem veidotas no blokiem. Bloku sienas ir izl\u012bdzin\u0101tas un kr\u0101sotas.Starpst\u0101vu gr\u012bdas tiek b\u016bv\u0113tas no samont\u0113tiem [&hellip;]\" \/>\n<meta property=\"og:url\" content=\"https:\/\/invego.lv\/marupessirds\/arhitektura\/\" \/>\n<meta property=\"og:site_name\" content=\"Marupes Sirds\" \/>\n<meta property=\"article:modified_time\" content=\"2025-11-21T11:07:57+00:00\" \/>\n<meta property=\"og:image\" content=\"https:\/\/invego.lv\/marupessirds\/wp-content\/uploads\/2025\/08\/share-image-min.png\" \/>\n\t<meta property=\"og:image:width\" content=\"1200\" \/>\n\t<meta property=\"og:image:height\" content=\"630\" \/>\n\t<meta property=\"og:image:type\" content=\"image\/png\" \/>\n<meta name=\"twitter:card\" content=\"summary_large_image\" \/>\n<script type=\"application\/ld+json\" class=\"yoast-schema-graph\">{\"@context\":\"https:\/\/schema.org\",\"@graph\":[{\"@type\":\"WebPage\",\"@id\":\"https:\/\/invego.lv\/marupessirds\/arhitektura\/\",\"url\":\"https:\/\/invego.lv\/marupessirds\/arhitektura\/\",\"name\":\"Arhitekt\u016bra - Marupes Sirds\",\"isPartOf\":{\"@id\":\"https:\/\/invego.lv\/marupessirds\/#website\"},\"datePublished\":\"2024-03-28T10:31:57+00:00\",\"dateModified\":\"2025-11-21T11:07:57+00:00\",\"breadcrumb\":{\"@id\":\"https:\/\/invego.lv\/marupessirds\/arhitektura\/#breadcrumb\"},\"inLanguage\":\"lv-LV\",\"potentialAction\":[{\"@type\":\"ReadAction\",\"target\":[\"https:\/\/invego.lv\/marupessirds\/arhitektura\/\"]}]},{\"@type\":\"BreadcrumbList\",\"@id\":\"https:\/\/invego.lv\/marupessirds\/arhitektura\/#breadcrumb\",\"itemListElement\":[{\"@type\":\"ListItem\",\"position\":1,\"name\":\"Home\",\"item\":\"https:\/\/invego.lv\/marupessirds\/\"},{\"@type\":\"ListItem\",\"position\":2,\"name\":\"Arhitekt\u016bra\"}]},{\"@type\":\"WebSite\",\"@id\":\"https:\/\/invego.lv\/marupessirds\/#website\",\"url\":\"https:\/\/invego.lv\/marupessirds\/\",\"name\":\"Marupes Sirds\",\"description\":\"\",\"publisher\":{\"@id\":\"https:\/\/invego.lv\/marupessirds\/#organization\"},\"potentialAction\":[{\"@type\":\"SearchAction\",\"target\":{\"@type\":\"EntryPoint\",\"urlTemplate\":\"https:\/\/invego.lv\/marupessirds\/?s={search_term_string}\"},\"query-input\":{\"@type\":\"PropertyValueSpecification\",\"valueRequired\":true,\"valueName\":\"search_term_string\"}}],\"inLanguage\":\"lv-LV\"},{\"@type\":\"Organization\",\"@id\":\"https:\/\/invego.lv\/marupessirds\/#organization\",\"name\":\"Marupes Sirds\",\"url\":\"https:\/\/invego.lv\/marupessirds\/\",\"logo\":{\"@type\":\"ImageObject\",\"inLanguage\":\"lv-LV\",\"@id\":\"https:\/\/invego.lv\/marupessirds\/#\/schema\/logo\/image\/\",\"url\":\"https:\/\/invego.lv\/marupessirds\/wp-content\/uploads\/2025\/06\/layer_1.svg\",\"contentUrl\":\"https:\/\/invego.lv\/marupessirds\/wp-content\/uploads\/2025\/06\/layer_1.svg\",\"width\":170,\"height\":168,\"caption\":\"Marupes Sirds\"},\"image\":{\"@id\":\"https:\/\/invego.lv\/marupessirds\/#\/schema\/logo\/image\/\"}}]}<\/script>\n<!-- \/ Yoast SEO plugin. -->","yoast_head_json":{"title":"Arhitekt\u016bra - Marupes Sirds","robots":{"index":"index","follow":"follow","max-snippet":"max-snippet:-1","max-image-preview":"max-image-preview:large","max-video-preview":"max-video-preview:-1"},"canonical":"https:\/\/invego.lv\/marupessirds\/arhitektura\/","og_locale":"lv_LV","og_type":"article","og_title":"Arhitekt\u016bra - Marupes Sirds","og_description":"Tehnisk\u0101 specifik\u0101cija Ener\u0123ijas klase A klase Fas\u0101de \u0112kas \u0101rsienas ir siltin\u0101tas, ap\u0161\u016btas ar koka d\u0113\u013ciem vai apmestas \u2013 atbilsto\u0161i arhitektoniskajam risin\u0101jumam. \u0112kas konstrukcijas \u0112kas neso\u0161\u0101s sienas ir izgatavotas no blokiem, kuru platums ir atkar\u012bgs no sienas kravnes\u012bbas. Ar\u012b sienas starp dz\u012bvok\u013ciem veidotas no blokiem. Bloku sienas ir izl\u012bdzin\u0101tas un kr\u0101sotas.Starpst\u0101vu gr\u012bdas tiek b\u016bv\u0113tas no samont\u0113tiem [&hellip;]","og_url":"https:\/\/invego.lv\/marupessirds\/arhitektura\/","og_site_name":"Marupes Sirds","article_modified_time":"2025-11-21T11:07:57+00:00","og_image":[{"width":1200,"height":630,"url":"https:\/\/invego.lv\/marupessirds\/wp-content\/uploads\/2025\/08\/share-image-min.png","type":"image\/png"}],"twitter_card":"summary_large_image","schema":{"@context":"https:\/\/schema.org","@graph":[{"@type":"WebPage","@id":"https:\/\/invego.lv\/marupessirds\/arhitektura\/","url":"https:\/\/invego.lv\/marupessirds\/arhitektura\/","name":"Arhitekt\u016bra - Marupes Sirds","isPartOf":{"@id":"https:\/\/invego.lv\/marupessirds\/#website"},"datePublished":"2024-03-28T10:31:57+00:00","dateModified":"2025-11-21T11:07:57+00:00","breadcrumb":{"@id":"https:\/\/invego.lv\/marupessirds\/arhitektura\/#breadcrumb"},"inLanguage":"lv-LV","potentialAction":[{"@type":"ReadAction","target":["https:\/\/invego.lv\/marupessirds\/arhitektura\/"]}]},{"@type":"BreadcrumbList","@id":"https:\/\/invego.lv\/marupessirds\/arhitektura\/#breadcrumb","itemListElement":[{"@type":"ListItem","position":1,"name":"Home","item":"https:\/\/invego.lv\/marupessirds\/"},{"@type":"ListItem","position":2,"name":"Arhitekt\u016bra"}]},{"@type":"WebSite","@id":"https:\/\/invego.lv\/marupessirds\/#website","url":"https:\/\/invego.lv\/marupessirds\/","name":"Marupes Sirds","description":"","publisher":{"@id":"https:\/\/invego.lv\/marupessirds\/#organization"},"potentialAction":[{"@type":"SearchAction","target":{"@type":"EntryPoint","urlTemplate":"https:\/\/invego.lv\/marupessirds\/?s={search_term_string}"},"query-input":{"@type":"PropertyValueSpecification","valueRequired":true,"valueName":"search_term_string"}}],"inLanguage":"lv-LV"},{"@type":"Organization","@id":"https:\/\/invego.lv\/marupessirds\/#organization","name":"Marupes Sirds","url":"https:\/\/invego.lv\/marupessirds\/","logo":{"@type":"ImageObject","inLanguage":"lv-LV","@id":"https:\/\/invego.lv\/marupessirds\/#\/schema\/logo\/image\/","url":"https:\/\/invego.lv\/marupessirds\/wp-content\/uploads\/2025\/06\/layer_1.svg","contentUrl":"https:\/\/invego.lv\/marupessirds\/wp-content\/uploads\/2025\/06\/layer_1.svg","width":170,"height":168,"caption":"Marupes Sirds"},"image":{"@id":"https:\/\/invego.lv\/marupessirds\/#\/schema\/logo\/image\/"}}]}},"_links":{"self":[{"href":"https:\/\/invego.lv\/marupessirds\/wp-json\/wp\/v2\/pages\/2548","targetHints":{"allow":["GET"]}}],"collection":[{"href":"https:\/\/invego.lv\/marupessirds\/wp-json\/wp\/v2\/pages"}],"about":[{"href":"https:\/\/invego.lv\/marupessirds\/wp-json\/wp\/v2\/types\/page"}],"author":[{"embeddable":true,"href":"https:\/\/invego.lv\/marupessirds\/wp-json\/wp\/v2\/users\/1"}],"replies":[{"embeddable":true,"href":"https:\/\/invego.lv\/marupessirds\/wp-json\/wp\/v2\/comments?post=2548"}],"version-history":[{"count":9,"href":"https:\/\/invego.lv\/marupessirds\/wp-json\/wp\/v2\/pages\/2548\/revisions"}],"predecessor-version":[{"id":3690,"href":"https:\/\/invego.lv\/marupessirds\/wp-json\/wp\/v2\/pages\/2548\/revisions\/3690"}],"wp:attachment":[{"href":"https:\/\/invego.lv\/marupessirds\/wp-json\/wp\/v2\/media?parent=2548"}],"curies":[{"name":"wp","href":"https:\/\/api.w.org\/{rel}","templated":true}]}}