{"id":2552,"date":"2025-06-19T15:27:16","date_gmt":"2025-06-19T12:27:16","guid":{"rendered":"https:\/\/invego.lv\/marupessirds\/terms-of-sale\/"},"modified":"2025-08-11T15:26:13","modified_gmt":"2025-08-11T12:26:13","slug":"pardosanas-nosacijumi","status":"publish","type":"page","link":"https:\/\/invego.lv\/marupessirds\/pardosanas-nosacijumi\/","title":{"rendered":"P\u0101rdo\u0161anas nosac\u012bjumi"},"content":{"rendered":"\n<section class=\"terms-of-sale-steps-block\" >\n    <div class=\"container\">\n        <div class=\"terms-steps-wrapper\">\n                            <div class=\"terms-step\">\n                    <p>1. Solis \u2013 M\u0101jok\u013ca rezerv\u0113\u0161ana<\/p>\n                                            <div class=\"mobile_text\"><p>Kad esat izv\u0113l\u0113jies dz\u012bvokli, jums j\u0101veic rezerv\u0101cija un j\u0101samaks\u0101 rezerv\u0101cijas maksa 2500 eiro apm\u0113r\u0101. Rezerv\u0101ciju var veikt tie\u0161saist\u0113 vai ar p\u0101rdev\u0113ja pal\u012bdz\u012bbu. Rezerv\u0101cija ilgst 30 dienas, un p\u0113c \u0161\u012b perioda rezerv\u0101cijas summa tiek atgriezta, ja netiek parakst\u012bts priek\u0161l\u012bgums.<\/p>\n<\/div>\n                                    <\/div>\n                                    <div class=\"terms-step-arrow\" aria-hidden=\"true\">\n                        <svg xmlns=\"http:\/\/www.w3.org\/2000\/svg\" width=\"39\" height=\"130\" viewBox=\"0 0 39 130\" fill=\"none\">\n                            <path d=\"M1 1L38 64.2967L1 129\" stroke=\"#FC4200\"\/>\n                        <\/svg>\n                    <\/div>\n                    <div class=\"terms-step-arrow-mobile\" aria-hidden=\"true\">\n                        <svg xmlns=\"http:\/\/www.w3.org\/2000\/svg\" width=\"375\" height=\"39\" viewBox=\"0 0 375 39\" fill=\"none\">\n                            <path d=\"M375 1L189.56 38L-4.76837e-06 1\" stroke=\"#FC4200\"\/>\n                        <\/svg>\n                    <\/div>\n                                            <div class=\"terms-step terms-step-middle\">\n                    <p>2.Solis \u2013 Pirkuma priek\u0161l\u012bguma parakst\u012b\u0161ana<\/p>\n                                            <div class=\"mobile_text\"><p>30 dienu laik\u0101 nepiecie\u0161ams parakst\u012bt Pirkuma priek\u0161l\u012bgumu un samaks\u0101t 15% no m\u0101jok\u013ca kop\u0113j\u0101s cenas (\u0161aj\u0101 summ\u0101 tiks iek\u013cauta iemaks\u0101t\u0101 rezerv\u0101cijas maksa 2500 eiro apm\u0113r\u0101).<\/p>\n<\/div>\n                                    <\/div>\n                                    <div class=\"terms-step-arrow\" aria-hidden=\"true\">\n                        <svg xmlns=\"http:\/\/www.w3.org\/2000\/svg\" width=\"39\" height=\"130\" viewBox=\"0 0 39 130\" fill=\"none\">\n                            <path d=\"M1 1L38 64.2967L1 129\" stroke=\"#FC4200\"\/>\n                        <\/svg>\n                    <\/div>\n                    <div class=\"terms-step-arrow-mobile\" aria-hidden=\"true\">\n                        <svg xmlns=\"http:\/\/www.w3.org\/2000\/svg\" width=\"375\" height=\"39\" viewBox=\"0 0 375 39\" fill=\"none\">\n                            <path d=\"M375 1L189.56 38L-4.76837e-06 1\" stroke=\"#FC4200\"\/>\n                        <\/svg>\n                    <\/div>\n                                            <div class=\"terms-step\">\n                    <p>3.Solis \u2013 Pirkuma l\u012bguma parakst\u012b\u0161ana<\/p>\n                                            <div class=\"mobile_text\"><p>Pirkuma l\u012bgums un Apsaimnieko\u0161anas l\u012bgums tiks parakst\u012bti, kad m\u0101joklis b\u016bs gatavs. Klientam b\u016bs j\u0101samaks\u0101 atlikus\u012b summa un attiec\u012bg\u0101s nodevas, un m\u0101joklis tiks re\u0123istr\u0113ts Zemesgr\u0101mat\u0101 uz klienta v\u0101rda. Atsl\u0113gas tiks izsniegtas, kad re\u0123istr\u0101cija Zemesgr\u0101mat\u0101 tiks pabeigta. <\/p>\n<\/div>\n                                    <\/div>\n                                    <\/div>\n    <\/div>\n<\/section>\n\n\n<section class=\"text-columns-block\" >\n    <div class=\"container\">\n        <div class=\"text-columns-grid\">\n                            <div class=\"text-column\">\n                    <p>Kad esat izv\u0113l\u0113jies dz\u012bvokli, jums j\u0101veic rezerv\u0101cija un j\u0101samaks\u0101 rezerv\u0101cijas maksa 2500 eiro apm\u0113r\u0101. Rezerv\u0101ciju var veikt tie\u0161saist\u0113 vai ar p\u0101rdev\u0113ja pal\u012bdz\u012bbu. Rezerv\u0101cija ilgst 30 dienas, un p\u0113c \u0161\u012b perioda rezerv\u0101cijas summa tiek atgriezta, ja netiek parakst\u012bts priek\u0161l\u012bgums.<\/p>\n                <\/div>\n                            <div class=\"text-column\">\n                    <p>30 dienu laik\u0101 nepiecie\u0161ams parakst\u012bt Pirkuma priek\u0161l\u012bgumu un samaks\u0101t 15% no m\u0101jok\u013ca kop\u0113j\u0101s cenas (\u0161aj\u0101 summ\u0101 tiks iek\u013cauta iemaks\u0101t\u0101 rezerv\u0101cijas maksa 2500 eiro apm\u0113r\u0101).<\/p>\n                <\/div>\n                            <div class=\"text-column\">\n                    <p>Pirkuma l\u012bgums un Apsaimnieko\u0161anas l\u012bgums tiks parakst\u012bti, kad m\u0101joklis b\u016bs gatavs. Klientam b\u016bs j\u0101samaks\u0101 atlikus\u012b summa un attiec\u012bg\u0101s nodevas, un m\u0101joklis tiks re\u0123istr\u0113ts Zemesgr\u0101mat\u0101 uz klienta v\u0101rda. Atsl\u0113gas tiks izsniegtas, kad re\u0123istr\u0101cija Zemesgr\u0101mat\u0101 tiks pabeigta. <\/p>\n                <\/div>\n                    <\/div>\n    <\/div>\n<\/section>\n\n\n<section class=\"pink-text-columns-block\" >\n    <div class=\"container\">\n        <div class=\"pink-text-columns-grid\">\n                            <div class=\"pink-text-column\">\n                                            <h3>L\u012bguma cen\u0101 iek\u013cauts<\/h3>\n                                        <div class=\"pink-text-content\">\n                        <ul>\n<li>m\u0101jok\u013ca piln\u012bga pabeig\u0161ana saska\u0146\u0101 ar projekta dokument\u0101ciju<\/li>\n<li>maksa par in\u017eeniert\u012bklu (\u016bdens, elektr\u012bba, kanaliz\u0101cija, apkure, ventil\u0101cija) izb\u016bvi un piesl\u0113gumu tiem<\/li>\n<li>gatav\u012bba piesl\u0113gt datu p\u0101rraides sist\u0113mas<\/li>\n<li>2 autost\u0101vvietas (tikai rindu m\u0101jas).<\/li>\n<\/ul>\n                    <\/div>\n                <\/div>\n                            <div class=\"pink-text-column\">\n                                            <h3>L\u012bguma cen\u0101 nav iek\u013cauts<\/h3>\n                                        <div class=\"pink-text-content\">\n                        <ul>\n<li>notari\u0101l\u0101s nodevas un valsts nodeva par pirkuma l\u012bguma nosl\u0113g\u0161anu (maks\u0101 pirc\u0113js);<\/li>\n<li>piesl\u0113guma maksa par datu sakariem, kabe\u013ctelev\u012bziju, telefona sakariem un dro\u0161\u012bbu;<\/li>\n<li>autost\u0101vvietas (tikai daudzdz\u012bvok\u013cu m\u0101j\u0101m).<\/li>\n<\/ul>\n                    <\/div>\n                <\/div>\n                    <\/div>\n    <\/div>\n<\/section>\n\n\n<section class=\"full-width-text-block\" >\n    <div class=\"container\">\n                    <h2 class=\"fw-title\">Bankas finans\u0113jums<\/h2>\n        \n                    <div class=\"fw-content\">\n                <p>Jauna m\u0101jok\u013ca ieg\u0101de \u0161odien ar bankas finans\u0113jumu. Banka pied\u0101v\u0101s m\u0101jok\u013cu kred\u012btus visiem m\u016bsu projektiem \u0161\u0101d\u0101 veid\u0101:<\/p>\n<ul>\n<li>Klients pieprasa mums cenas pied\u0101v\u0101jumu izv\u0113l\u0113tajam jaunajam m\u0101joklim un piesak\u0101s bankas kred\u012btam caur bankas saiti kop\u0101 ar jaun\u0101 m\u0101jok\u013ca pied\u0101v\u0101jumu.<\/li>\n<li>Banka izsniedz kred\u012bta pied\u0101v\u0101jumu klientam, kas b\u016bs der\u012bgs 18 m\u0113ne\u0161us \u2013 pietiekams laiks, lai m\u0101joklis b\u016btu gatavs.<\/li>\n<li>Papildus banka un klients var parakst\u012bt m\u0101jok\u013ca kred\u012bta l\u012bgumu \u0161odien, lai nodro\u0161in\u0101tu m\u0101jok\u013ca kred\u012btu l\u012bdz 18 m\u0113ne\u0161u periodam.<\/li>\n<li>Kad dz\u012bvoklis\/m\u0101ja ir gatava, tiks parakst\u012bts pirkuma l\u012bgums, un klients sa\u0146ems gatavo m\u0101jokli, bet banka izsniegs kred\u012btu.<\/li>\n<\/ul>\n            <\/div>\n            <\/div>\n<\/section>\n\n\n<section class=\"terms-of-sale-offers-block\" >\n    <div class=\"container\">\n\n                    <h2 class=\"offers-title\">Jaut\u0101jiet par m\u0101jok\u013ca kred\u012btu pied\u0101v\u0101jumiem no m\u016bsu partneriem<\/h2>\n        \n                    <div class=\"offers-logos-grid\">\n                                    <div class=\"offers-logo\">\n                                                    <a href=\"https:\/\/www.seb.lv\/\" target=\"_blank\" rel=\"noopener noreferrer\">\n                        \n                                                    <img decoding=\"async\" src=\"https:\/\/invego.lv\/marupessirds\/wp-content\/uploads\/2025\/06\/vector-12.svg\" alt=\"\">\n                        \n                                                    <\/a>\n                                            <\/div>\n                                    <div class=\"offers-logo\">\n                                                    <a href=\"https:\/\/www.citadele.lv\/lv\/private\/\" target=\"_blank\" rel=\"noopener noreferrer\">\n                        \n                                                    <img decoding=\"async\" src=\"https:\/\/invego.lv\/marupessirds\/wp-content\/uploads\/2025\/06\/group-2608765.svg\" alt=\"\">\n                        \n                                                    <\/a>\n                                            <\/div>\n                                    <div class=\"offers-logo\">\n                                                    <a href=\"https:\/\/luminor.lv\/\" target=\"_blank\" rel=\"noopener noreferrer\">\n                        \n                                                    <img decoding=\"async\" src=\"https:\/\/invego.lv\/marupessirds\/wp-content\/uploads\/2025\/06\/vector-13.svg\" alt=\"\">\n                        \n                                                    <\/a>\n                                            <\/div>\n                                    <div class=\"offers-logo\">\n                                                    <a href=\"https:\/\/www.bigbank.lv\/\" target=\"_blank\" rel=\"noopener noreferrer\">\n                        \n                                                    <img decoding=\"async\" src=\"https:\/\/invego.lv\/marupessirds\/wp-content\/uploads\/2025\/06\/layer_1-9.svg\" alt=\"\">\n                        \n                                                    <\/a>\n                                            <\/div>\n                                    <div class=\"offers-logo\">\n                                                    <a href=\"https:\/\/www.swedbank.lv\/private\" target=\"_blank\" rel=\"noopener noreferrer\">\n                        \n                                                    <img decoding=\"async\" src=\"https:\/\/invego.lv\/marupessirds\/wp-content\/uploads\/2025\/06\/group-2608766.svg\" alt=\"\">\n                        \n                                                    <\/a>\n                                            <\/div>\n                            <\/div>\n        \n                    <h2 class=\"offers-contacts-title\">L\u016bdziet m\u016bsu partnerim nov\u0113rt\u0113juma pied\u0101v\u0101jumu<\/h2>\n        \n                    <div class=\"offers-contacts-grid\">\n                                    <div class=\"offers-contact\">\n                                                    <div class=\"offers-contact-name\"><h2>Henrijs Skuji\u0146\u0161<\/h2><\/div>\n                                                \n                        <div class=\"offers-contact-details\">\n                                                            <a href=\"tel:+37128868652\" class=\"contact-phone\">\n                                    <svg xmlns=\"http:\/\/www.w3.org\/2000\/svg\" width=\"24\" height=\"24\" viewBox=\"0 0 24 24\" fill=\"none\">\n                                        <path fill-rule=\"evenodd\" clip-rule=\"evenodd\" d=\"M16.5528 22.1095C15.1119 22.0565 11.0312 21.4937 6.75784 17.2249C2.48445 12.9561 1.92105 8.87974 1.86803 7.44033C1.78723 5.24721 3.46903 3.11629 5.41264 2.28421C5.8687 2.08896 6.42109 2.12469 6.85777 2.44288C8.45656 3.60786 9.5612 5.36922 10.5095 6.75505C10.9379 7.38107 10.8355 8.23581 10.2536 8.73899L8.30246 10.1865C8.10907 10.33 8.04477 10.5907 8.16076 10.8016C8.60221 11.6043 9.38867 12.7988 10.2886 13.6979C11.1896 14.5978 12.4419 15.4341 13.3007 15.9248C13.5234 16.0521 13.8035 15.9783 13.9443 15.7641L15.2136 13.8327C15.7003 13.1856 16.6093 13.0443 17.27 13.5011C18.6775 14.4741 20.3193 15.5577 21.5215 17.0956C21.863 17.5326 21.9138 18.104 21.7101 18.5789C20.8733 20.5294 18.7557 22.1905 16.5528 22.1095Z\" fill=\"#FC4200\"\/>\n                                    <\/svg>\n                                    <span>+371 28868652<\/span>\n                                <\/a>\n                                                        \n                                                            <a href=\"mailto:henrijs@invego.lv\" class=\"contact-email\">\n                                    <svg xmlns=\"http:\/\/www.w3.org\/2000\/svg\" width=\"24\" height=\"24\" viewBox=\"0 0 24 24\" fill=\"none\">\n                                        <path d=\"M2.06773 6.44137L10.9435 15.3077C11.4927 15.8563 12.3618 15.8906 12.9509 15.4106L13.0648 15.3077L21.934 6.44796C21.9627 6.55667 21.9825 6.669 21.9925 6.78412L22 6.9588V18.946C22 19.9993 21.1841 20.8621 20.1493 20.9384L20 20.9439H4C2.94564 20.9439 2.08183 20.1289 2.00549 19.0951L2 18.946V6.9588C2 6.83951 2.01047 6.72265 2.03053 6.6091L2.06773 6.44137ZM20 4.96094C20.1211 4.96094 20.2396 4.97168 20.3547 4.99226L20.5247 5.03039L12.0042 13.5418L3.48191 5.02863C3.59207 4.99919 3.70598 4.97892 3.82276 4.96867L4 4.96094H20Z\" fill=\"#FC4200\"\/>\n                                    <\/svg>\n                                    <span>henrijs@invego.lv<\/span>\n                                <\/a>\n                                                    <\/div>\n                    <\/div>\n                                    <div class=\"offers-contact\">\n                                                    <div class=\"offers-contact-name\"><h2>Valters Man\u010dass<\/h2><\/div>\n                                                \n                        <div class=\"offers-contact-details\">\n                                                            <a href=\"tel:+37129294936\" class=\"contact-phone\">\n                                    <svg xmlns=\"http:\/\/www.w3.org\/2000\/svg\" width=\"24\" height=\"24\" viewBox=\"0 0 24 24\" fill=\"none\">\n                                        <path fill-rule=\"evenodd\" clip-rule=\"evenodd\" d=\"M16.5528 22.1095C15.1119 22.0565 11.0312 21.4937 6.75784 17.2249C2.48445 12.9561 1.92105 8.87974 1.86803 7.44033C1.78723 5.24721 3.46903 3.11629 5.41264 2.28421C5.8687 2.08896 6.42109 2.12469 6.85777 2.44288C8.45656 3.60786 9.5612 5.36922 10.5095 6.75505C10.9379 7.38107 10.8355 8.23581 10.2536 8.73899L8.30246 10.1865C8.10907 10.33 8.04477 10.5907 8.16076 10.8016C8.60221 11.6043 9.38867 12.7988 10.2886 13.6979C11.1896 14.5978 12.4419 15.4341 13.3007 15.9248C13.5234 16.0521 13.8035 15.9783 13.9443 15.7641L15.2136 13.8327C15.7003 13.1856 16.6093 13.0443 17.27 13.5011C18.6775 14.4741 20.3193 15.5577 21.5215 17.0956C21.863 17.5326 21.9138 18.104 21.7101 18.5789C20.8733 20.5294 18.7557 22.1905 16.5528 22.1095Z\" fill=\"#FC4200\"\/>\n                                    <\/svg>\n                                    <span>+371 29294936<\/span>\n                                <\/a>\n                                                        \n                                                            <a href=\"mailto:valters@invego.lv\" class=\"contact-email\">\n                                    <svg xmlns=\"http:\/\/www.w3.org\/2000\/svg\" width=\"24\" height=\"24\" viewBox=\"0 0 24 24\" fill=\"none\">\n                                        <path d=\"M2.06773 6.44137L10.9435 15.3077C11.4927 15.8563 12.3618 15.8906 12.9509 15.4106L13.0648 15.3077L21.934 6.44796C21.9627 6.55667 21.9825 6.669 21.9925 6.78412L22 6.9588V18.946C22 19.9993 21.1841 20.8621 20.1493 20.9384L20 20.9439H4C2.94564 20.9439 2.08183 20.1289 2.00549 19.0951L2 18.946V6.9588C2 6.83951 2.01047 6.72265 2.03053 6.6091L2.06773 6.44137ZM20 4.96094C20.1211 4.96094 20.2396 4.97168 20.3547 4.99226L20.5247 5.03039L12.0042 13.5418L3.48191 5.02863C3.59207 4.99919 3.70598 4.97892 3.82276 4.96867L4 4.96094H20Z\" fill=\"#FC4200\"\/>\n                                    <\/svg>\n                                    <span>valters@invego.lv<\/span>\n                                <\/a>\n                                                    <\/div>\n                    <\/div>\n                            <\/div>\n            <\/div>\n<\/section>","protected":false},"excerpt":{"rendered":"","protected":false},"author":1,"featured_media":0,"parent":0,"menu_order":0,"comment_status":"closed","ping_status":"closed","template":"","meta":{"_acf_changed":false,"footnotes":""},"class_list":["post-2552","page","type-page","status-publish","hentry"],"acf":[],"yoast_head":"<!-- This site is optimized with the Yoast SEO plugin v25.4 - https:\/\/yoast.com\/wordpress\/plugins\/seo\/ -->\n<title>P\u0101rdo\u0161anas nosac\u012bjumi - Marupes Sirds<\/title>\n<meta name=\"robots\" content=\"index, follow, max-snippet:-1, max-image-preview:large, max-video-preview:-1\" \/>\n<link rel=\"canonical\" href=\"https:\/\/invego.lv\/marupessirds\/pardosanas-nosacijumi\/\" \/>\n<meta property=\"og:locale\" content=\"lv_LV\" \/>\n<meta property=\"og:type\" content=\"article\" \/>\n<meta property=\"og:title\" content=\"P\u0101rdo\u0161anas nosac\u012bjumi - Marupes Sirds\" \/>\n<meta property=\"og:url\" content=\"https:\/\/invego.lv\/marupessirds\/pardosanas-nosacijumi\/\" \/>\n<meta property=\"og:site_name\" content=\"Marupes Sirds\" \/>\n<meta property=\"article:modified_time\" content=\"2025-08-11T12:26:13+00:00\" \/>\n<meta property=\"og:image\" content=\"https:\/\/invego.lv\/marupessirds\/wp-content\/uploads\/2025\/08\/share-image-min.png\" \/>\n\t<meta property=\"og:image:width\" content=\"1200\" \/>\n\t<meta property=\"og:image:height\" content=\"630\" \/>\n\t<meta property=\"og:image:type\" content=\"image\/png\" \/>\n<meta name=\"twitter:card\" content=\"summary_large_image\" \/>\n<script type=\"application\/ld+json\" class=\"yoast-schema-graph\">{\"@context\":\"https:\/\/schema.org\",\"@graph\":[{\"@type\":\"WebPage\",\"@id\":\"https:\/\/invego.lv\/marupessirds\/pardosanas-nosacijumi\/\",\"url\":\"https:\/\/invego.lv\/marupessirds\/pardosanas-nosacijumi\/\",\"name\":\"P\u0101rdo\u0161anas nosac\u012bjumi - Marupes Sirds\",\"isPartOf\":{\"@id\":\"https:\/\/invego.lv\/marupessirds\/#website\"},\"datePublished\":\"2025-06-19T12:27:16+00:00\",\"dateModified\":\"2025-08-11T12:26:13+00:00\",\"breadcrumb\":{\"@id\":\"https:\/\/invego.lv\/marupessirds\/pardosanas-nosacijumi\/#breadcrumb\"},\"inLanguage\":\"lv-LV\",\"potentialAction\":[{\"@type\":\"ReadAction\",\"target\":[\"https:\/\/invego.lv\/marupessirds\/pardosanas-nosacijumi\/\"]}]},{\"@type\":\"BreadcrumbList\",\"@id\":\"https:\/\/invego.lv\/marupessirds\/pardosanas-nosacijumi\/#breadcrumb\",\"itemListElement\":[{\"@type\":\"ListItem\",\"position\":1,\"name\":\"Home\",\"item\":\"https:\/\/invego.lv\/marupessirds\/\"},{\"@type\":\"ListItem\",\"position\":2,\"name\":\"P\u0101rdo\u0161anas nosac\u012bjumi\"}]},{\"@type\":\"WebSite\",\"@id\":\"https:\/\/invego.lv\/marupessirds\/#website\",\"url\":\"https:\/\/invego.lv\/marupessirds\/\",\"name\":\"Marupes Sirds\",\"description\":\"\",\"publisher\":{\"@id\":\"https:\/\/invego.lv\/marupessirds\/#organization\"},\"potentialAction\":[{\"@type\":\"SearchAction\",\"target\":{\"@type\":\"EntryPoint\",\"urlTemplate\":\"https:\/\/invego.lv\/marupessirds\/?s={search_term_string}\"},\"query-input\":{\"@type\":\"PropertyValueSpecification\",\"valueRequired\":true,\"valueName\":\"search_term_string\"}}],\"inLanguage\":\"lv-LV\"},{\"@type\":\"Organization\",\"@id\":\"https:\/\/invego.lv\/marupessirds\/#organization\",\"name\":\"Marupes Sirds\",\"url\":\"https:\/\/invego.lv\/marupessirds\/\",\"logo\":{\"@type\":\"ImageObject\",\"inLanguage\":\"lv-LV\",\"@id\":\"https:\/\/invego.lv\/marupessirds\/#\/schema\/logo\/image\/\",\"url\":\"https:\/\/invego.lv\/marupessirds\/wp-content\/uploads\/2025\/06\/layer_1.svg\",\"contentUrl\":\"https:\/\/invego.lv\/marupessirds\/wp-content\/uploads\/2025\/06\/layer_1.svg\",\"width\":170,\"height\":168,\"caption\":\"Marupes Sirds\"},\"image\":{\"@id\":\"https:\/\/invego.lv\/marupessirds\/#\/schema\/logo\/image\/\"}}]}<\/script>\n<!-- \/ Yoast SEO plugin. -->","yoast_head_json":{"title":"P\u0101rdo\u0161anas nosac\u012bjumi - Marupes Sirds","robots":{"index":"index","follow":"follow","max-snippet":"max-snippet:-1","max-image-preview":"max-image-preview:large","max-video-preview":"max-video-preview:-1"},"canonical":"https:\/\/invego.lv\/marupessirds\/pardosanas-nosacijumi\/","og_locale":"lv_LV","og_type":"article","og_title":"P\u0101rdo\u0161anas nosac\u012bjumi - Marupes Sirds","og_url":"https:\/\/invego.lv\/marupessirds\/pardosanas-nosacijumi\/","og_site_name":"Marupes Sirds","article_modified_time":"2025-08-11T12:26:13+00:00","og_image":[{"width":1200,"height":630,"url":"https:\/\/invego.lv\/marupessirds\/wp-content\/uploads\/2025\/08\/share-image-min.png","type":"image\/png"}],"twitter_card":"summary_large_image","schema":{"@context":"https:\/\/schema.org","@graph":[{"@type":"WebPage","@id":"https:\/\/invego.lv\/marupessirds\/pardosanas-nosacijumi\/","url":"https:\/\/invego.lv\/marupessirds\/pardosanas-nosacijumi\/","name":"P\u0101rdo\u0161anas nosac\u012bjumi - Marupes Sirds","isPartOf":{"@id":"https:\/\/invego.lv\/marupessirds\/#website"},"datePublished":"2025-06-19T12:27:16+00:00","dateModified":"2025-08-11T12:26:13+00:00","breadcrumb":{"@id":"https:\/\/invego.lv\/marupessirds\/pardosanas-nosacijumi\/#breadcrumb"},"inLanguage":"lv-LV","potentialAction":[{"@type":"ReadAction","target":["https:\/\/invego.lv\/marupessirds\/pardosanas-nosacijumi\/"]}]},{"@type":"BreadcrumbList","@id":"https:\/\/invego.lv\/marupessirds\/pardosanas-nosacijumi\/#breadcrumb","itemListElement":[{"@type":"ListItem","position":1,"name":"Home","item":"https:\/\/invego.lv\/marupessirds\/"},{"@type":"ListItem","position":2,"name":"P\u0101rdo\u0161anas nosac\u012bjumi"}]},{"@type":"WebSite","@id":"https:\/\/invego.lv\/marupessirds\/#website","url":"https:\/\/invego.lv\/marupessirds\/","name":"Marupes Sirds","description":"","publisher":{"@id":"https:\/\/invego.lv\/marupessirds\/#organization"},"potentialAction":[{"@type":"SearchAction","target":{"@type":"EntryPoint","urlTemplate":"https:\/\/invego.lv\/marupessirds\/?s={search_term_string}"},"query-input":{"@type":"PropertyValueSpecification","valueRequired":true,"valueName":"search_term_string"}}],"inLanguage":"lv-LV"},{"@type":"Organization","@id":"https:\/\/invego.lv\/marupessirds\/#organization","name":"Marupes Sirds","url":"https:\/\/invego.lv\/marupessirds\/","logo":{"@type":"ImageObject","inLanguage":"lv-LV","@id":"https:\/\/invego.lv\/marupessirds\/#\/schema\/logo\/image\/","url":"https:\/\/invego.lv\/marupessirds\/wp-content\/uploads\/2025\/06\/layer_1.svg","contentUrl":"https:\/\/invego.lv\/marupessirds\/wp-content\/uploads\/2025\/06\/layer_1.svg","width":170,"height":168,"caption":"Marupes Sirds"},"image":{"@id":"https:\/\/invego.lv\/marupessirds\/#\/schema\/logo\/image\/"}}]}},"_links":{"self":[{"href":"https:\/\/invego.lv\/marupessirds\/wp-json\/wp\/v2\/pages\/2552","targetHints":{"allow":["GET"]}}],"collection":[{"href":"https:\/\/invego.lv\/marupessirds\/wp-json\/wp\/v2\/pages"}],"about":[{"href":"https:\/\/invego.lv\/marupessirds\/wp-json\/wp\/v2\/types\/page"}],"author":[{"embeddable":true,"href":"https:\/\/invego.lv\/marupessirds\/wp-json\/wp\/v2\/users\/1"}],"replies":[{"embeddable":true,"href":"https:\/\/invego.lv\/marupessirds\/wp-json\/wp\/v2\/comments?post=2552"}],"version-history":[{"count":12,"href":"https:\/\/invego.lv\/marupessirds\/wp-json\/wp\/v2\/pages\/2552\/revisions"}],"predecessor-version":[{"id":3263,"href":"https:\/\/invego.lv\/marupessirds\/wp-json\/wp\/v2\/pages\/2552\/revisions\/3263"}],"wp:attachment":[{"href":"https:\/\/invego.lv\/marupessirds\/wp-json\/wp\/v2\/media?parent=2552"}],"curies":[{"name":"wp","href":"https:\/\/api.w.org\/{rel}","templated":true}]}}