{"id":2599,"date":"2024-03-05T07:49:18","date_gmt":"2024-03-05T05:49:18","guid":{"rendered":"https:\/\/invego.lv\/marupessirds\/developer\/"},"modified":"2026-03-23T14:12:54","modified_gmt":"2026-03-23T12:12:54","slug":"attistitajs","status":"publish","type":"page","link":"https:\/\/invego.lv\/marupessirds\/attistitajs\/","title":{"rendered":"Att\u012bst\u012bt\u0101js"},"content":{"rendered":"\n<section class=\"developer-block position-relative py-32 bg-white\" >\n    <div class=\"container-fluid\">\n        <div class=\"row align-items-center gx-32 gy-32\">\n            <div class=\"text col col-md-6 col-12\">\n                <div class=\"text_wrapper w100 color-lightBlue ms-auto\">\n                                            <img decoding=\"async\" class=\"mb-42\" src=\"https:\/\/invego.lv\/marupessirds\/wp-content\/uploads\/2025\/06\/vector.svg\" width=\"200\" height=\"58\" alt=\"\" \/>\n                    \n                    <p>Nekustamo \u012bpa\u0161umu att\u012bst\u012bt\u0101js INVEGO<\/p>\n<p>Invego ir viens no vado\u0161ajiem nekustamo \u012bpa\u0161umu att\u012bst\u012bt\u0101jiem Igaunij\u0101 ar vair\u0101k nek\u0101 10 gadu pieredzi, un \u0161obr\u012bd tr\u012bs valst\u012bs tiek \u012bstenoti aptuveni 30 att\u012bst\u012bbas projektu. Uz\u0146\u0113mums p\u0113d\u0113jos gados Tallin\u0101 un t\u0101s apk\u0101rtn\u0113 uzc\u0113lis m\u0101jok\u013cus vair\u0101k nek\u0101 1300 \u0123imen\u0113m, k\u0101 ar\u012b vair\u0101k nek\u0101 50 000 kvadr\u0101tmetru komercplat\u012bbas. Igaunij\u0101 Invego iev\u0113rojam\u0101kie projekti ir nesen pabeigtie \u201cTiskreoja\u201d un \u201cTabasalu Kodu\u201d rajoni, k\u0101 ar\u012b projekti \u201eLuccaranna\u201c, \u201eUus-J\u00e4rvek\u00fcla\u201c un \u201eKeila Pargikodud\u201d, kas \u0161obr\u012bd tiek b\u016bv\u0113ti. Latvijas galvaspils\u0113t\u0101 uz\u0146\u0113mums \u0161obr\u012bd att\u012bsta dz\u012bvojamo rajonu \u201cV\u012btolu Parks\u201d un kop\u0101 ar att\u012bst\u012bt\u0101ju Reterra \u012bsteno projektus &#8220;Miera Rezidences&#8221;, \u201cParka Kvart\u0101ls\u201d un \u201cSkanstes Rezidences\u201d. Pier\u012bg\u0101 Invego att\u012bsta rindu m\u0101ju ciematu \u201cVide \u0100da\u017ei\u201d un liela m\u0113roga dz\u012bvojamo rajonu M\u0101rup\u0113 &#8220;M\u0101rupes Sirds&#8221;. Portug\u0101les dienvidos Invego att\u012bsta projektu \u201eSilves Hills\u201c \u2014 65 hekt\u0101rus lielu dz\u012bvojamo rajonu ar 154 vill\u0101m.<\/p>\n                <\/div>\n            <\/div>\n\n            <div class=\"image col col-md-6 col-12\">\n                <div class=\"image_wrapper position-relative fade fade-in-left\">\n                    <img decoding=\"async\" class=\"w100 overflow-hidden\" src=\"https:\/\/invego.lv\/marupessirds\/wp-content\/uploads\/2025\/06\/ef42235b622899d2478344757bce9c31d9cc33ec.png\" width=\"1436\" height=\"1436\" alt=\"\" \/>\n                <\/div>\n            <\/div>\n        <\/div>\n    <\/div>\n<\/section>\n\n\n<section class=\"other-projects-block pt-lg-32 pt-16 pb-96 pb bg-white text-center\" >\n    <div class=\"container\">\n                    <h3 class=\"block_title mb-lg-24 mb-48\">Apskat\u012bt Invego dz\u012bvojamos projektus Latvij\u0101<\/h3>\n        \n        <div class=\"other-projects-list justify-content-center flex-wrap\">\n                                            <div class=\"other-project d-flex align-items-center justify-content-center w-100\">\n                                            <a href=\"https:\/\/invego.lv\/nordale\/\" target=\"_blank\">\n                        \n                        <img decoding=\"async\" class=\"d-block\" src=\"https:\/\/invego.lv\/marupessirds\/wp-content\/uploads\/2026\/03\/nordale.svg\" width=\"103\" height=\"57\" alt=\"\" \/>\n\n                                                <\/a>\n                                    <\/div>\n                                            <div class=\"other-project d-flex align-items-center justify-content-center w-100\">\n                                            <a href=\"https:\/\/invego.lv\/tornakalna\/\" target=\"_blank\">\n                        \n                        <img decoding=\"async\" class=\"d-block\" src=\"https:\/\/invego.lv\/marupessirds\/wp-content\/uploads\/2026\/03\/tornakalna.svg\" width=\"82\" height=\"48\" alt=\"\" \/>\n\n                                                <\/a>\n                                    <\/div>\n                                            <div class=\"other-project d-flex align-items-center justify-content-center w-100\">\n                                            <a href=\"https:\/\/invego.lv\/videadazi\/\" target=\"_blank\">\n                        \n                        <img decoding=\"async\" class=\"d-block\" src=\"https:\/\/invego.lv\/marupessirds\/wp-content\/uploads\/2026\/03\/videadazi.svg\" width=\"148\" height=\"80\" alt=\"\" \/>\n\n                                                <\/a>\n                                    <\/div>\n                                            <div class=\"other-project d-flex align-items-center justify-content-center w-100\">\n                                            <a href=\"https:\/\/skanstes.lv\/\" target=\"_blank\">\n                        \n                        <img decoding=\"async\" class=\"d-block\" src=\"https:\/\/invego.lv\/marupessirds\/wp-content\/uploads\/2026\/03\/skanstes.svg\" width=\"108\" height=\"58\" alt=\"\" \/>\n\n                                                <\/a>\n                                    <\/div>\n                                            <div class=\"other-project d-flex align-items-center justify-content-center w-100\">\n                                            <a href=\"https:\/\/miera.lv\/\" target=\"_blank\">\n                        \n                        <img decoding=\"async\" class=\"d-block\" src=\"https:\/\/invego.lv\/marupessirds\/wp-content\/uploads\/2026\/03\/miera.svg\" width=\"58\" height=\"66\" alt=\"\" \/>\n\n                                                <\/a>\n                                    <\/div>\n                                            <div class=\"other-project d-flex align-items-center justify-content-center w-100\">\n                                            <a href=\"https:\/\/invego.lv\/vitolu\/\" target=\"_blank\">\n                        \n                        <img decoding=\"async\" class=\"d-block\" src=\"https:\/\/invego.lv\/marupessirds\/wp-content\/uploads\/2026\/03\/vitolu.svg\" width=\"59\" height=\"67\" alt=\"\" \/>\n\n                                                <\/a>\n                                    <\/div>\n                                            <div class=\"other-project d-flex align-items-center justify-content-center w-100\">\n                                            <a href=\"https:\/\/parkakvartals.lv\/\" target=\"_blank\">\n                        \n                        <img decoding=\"async\" class=\"d-block\" src=\"https:\/\/invego.lv\/marupessirds\/wp-content\/uploads\/2026\/03\/parka.svg\" width=\"98\" height=\"55\" alt=\"\" \/>\n\n                                                <\/a>\n                                    <\/div>\n                                            <div class=\"other-project d-flex align-items-center justify-content-center w-100\">\n                                            <a href=\"https:\/\/invego.ee\/verve\/en\" target=\"_blank\">\n                        \n                        <img decoding=\"async\" class=\"d-block\" src=\"https:\/\/invego.lv\/marupessirds\/wp-content\/uploads\/2026\/03\/verve.svg\" width=\"96\" height=\"57\" alt=\"\" \/>\n\n                                                <\/a>\n                                    <\/div>\n                                            <div class=\"other-project d-flex align-items-center justify-content-center w-100\">\n                                            <a href=\"https:\/\/invego.ee\/keilapargikodud\/en\" target=\"_blank\">\n                        \n                        <img decoding=\"async\" class=\"d-block\" src=\"https:\/\/invego.lv\/marupessirds\/wp-content\/uploads\/2026\/03\/keila.svg\" width=\"76\" height=\"57\" alt=\"\" \/>\n\n                                                <\/a>\n                                    <\/div>\n                                            <div class=\"other-project d-flex align-items-center justify-content-center w-100\">\n                                            <a href=\"https:\/\/invego.ee\/luccaranna\/en\" target=\"_blank\">\n                        \n                        <img decoding=\"async\" class=\"d-block\" src=\"https:\/\/invego.lv\/marupessirds\/wp-content\/uploads\/2026\/03\/luccaranna.svg\" width=\"88\" height=\"47\" alt=\"\" \/>\n\n                                                <\/a>\n                                    <\/div>\n                                            <div class=\"other-project d-flex align-items-center justify-content-center w-100\">\n                                            <a href=\"https:\/\/invego.ee\/uusjarvekula\/en\" target=\"_blank\">\n                        \n                        <img decoding=\"async\" class=\"d-block\" src=\"https:\/\/invego.lv\/marupessirds\/wp-content\/uploads\/2026\/03\/uus-jarvekula.svg\" width=\"60\" height=\"59\" alt=\"\" \/>\n\n                                                <\/a>\n                                    <\/div>\n                                            <div class=\"other-project d-flex align-items-center justify-content-center w-100\">\n                                            <a href=\"https:\/\/silveshills.com\/\" target=\"_blank\">\n                        \n                        <img decoding=\"async\" class=\"d-block\" src=\"https:\/\/invego.lv\/marupessirds\/wp-content\/uploads\/2026\/03\/silves-hills.svg\" width=\"99\" height=\"28\" alt=\"\" \/>\n\n                                                <\/a>\n                                    <\/div>\n                    <\/div>\n\n                    <a href=\"https:\/\/invego.lv\/dzivojamas-ekas\/\" target=\"_blank\" class=\"btn btn-white mt-48\">Apskat\u012bt visus invego projektus<\/a>\n            <\/div>\n<\/section>","protected":false},"excerpt":{"rendered":"","protected":false},"author":1,"featured_media":0,"parent":0,"menu_order":3,"comment_status":"closed","ping_status":"closed","template":"","meta":{"_acf_changed":false,"footnotes":""},"class_list":["post-2599","page","type-page","status-publish","hentry"],"acf":[],"yoast_head":"<!-- This site is optimized with the Yoast SEO plugin v25.4 - https:\/\/yoast.com\/wordpress\/plugins\/seo\/ -->\n<title>Att\u012bst\u012bt\u0101js - Marupes Sirds<\/title>\n<meta name=\"robots\" content=\"index, follow, max-snippet:-1, max-image-preview:large, max-video-preview:-1\" \/>\n<link rel=\"canonical\" href=\"https:\/\/invego.lv\/marupessirds\/attistitajs\/\" \/>\n<meta property=\"og:locale\" content=\"lv_LV\" \/>\n<meta property=\"og:type\" content=\"article\" \/>\n<meta property=\"og:title\" content=\"Att\u012bst\u012bt\u0101js - Marupes Sirds\" \/>\n<meta property=\"og:url\" content=\"https:\/\/invego.lv\/marupessirds\/attistitajs\/\" \/>\n<meta property=\"og:site_name\" content=\"Marupes Sirds\" \/>\n<meta property=\"article:modified_time\" content=\"2026-03-23T12:12:54+00:00\" \/>\n<meta property=\"og:image\" content=\"https:\/\/invego.lv\/marupessirds\/wp-content\/uploads\/2025\/08\/share-image-min.png\" \/>\n\t<meta property=\"og:image:width\" content=\"1200\" \/>\n\t<meta property=\"og:image:height\" content=\"630\" \/>\n\t<meta property=\"og:image:type\" content=\"image\/png\" \/>\n<meta name=\"twitter:card\" content=\"summary_large_image\" \/>\n<script type=\"application\/ld+json\" class=\"yoast-schema-graph\">{\"@context\":\"https:\/\/schema.org\",\"@graph\":[{\"@type\":\"WebPage\",\"@id\":\"https:\/\/invego.lv\/marupessirds\/attistitajs\/\",\"url\":\"https:\/\/invego.lv\/marupessirds\/attistitajs\/\",\"name\":\"Att\u012bst\u012bt\u0101js - Marupes Sirds\",\"isPartOf\":{\"@id\":\"https:\/\/invego.lv\/marupessirds\/#website\"},\"datePublished\":\"2024-03-05T05:49:18+00:00\",\"dateModified\":\"2026-03-23T12:12:54+00:00\",\"breadcrumb\":{\"@id\":\"https:\/\/invego.lv\/marupessirds\/attistitajs\/#breadcrumb\"},\"inLanguage\":\"lv-LV\",\"potentialAction\":[{\"@type\":\"ReadAction\",\"target\":[\"https:\/\/invego.lv\/marupessirds\/attistitajs\/\"]}]},{\"@type\":\"BreadcrumbList\",\"@id\":\"https:\/\/invego.lv\/marupessirds\/attistitajs\/#breadcrumb\",\"itemListElement\":[{\"@type\":\"ListItem\",\"position\":1,\"name\":\"Home\",\"item\":\"https:\/\/invego.lv\/marupessirds\/\"},{\"@type\":\"ListItem\",\"position\":2,\"name\":\"Att\u012bst\u012bt\u0101js\"}]},{\"@type\":\"WebSite\",\"@id\":\"https:\/\/invego.lv\/marupessirds\/#website\",\"url\":\"https:\/\/invego.lv\/marupessirds\/\",\"name\":\"Marupes Sirds\",\"description\":\"\",\"publisher\":{\"@id\":\"https:\/\/invego.lv\/marupessirds\/#organization\"},\"potentialAction\":[{\"@type\":\"SearchAction\",\"target\":{\"@type\":\"EntryPoint\",\"urlTemplate\":\"https:\/\/invego.lv\/marupessirds\/?s={search_term_string}\"},\"query-input\":{\"@type\":\"PropertyValueSpecification\",\"valueRequired\":true,\"valueName\":\"search_term_string\"}}],\"inLanguage\":\"lv-LV\"},{\"@type\":\"Organization\",\"@id\":\"https:\/\/invego.lv\/marupessirds\/#organization\",\"name\":\"Marupes Sirds\",\"url\":\"https:\/\/invego.lv\/marupessirds\/\",\"logo\":{\"@type\":\"ImageObject\",\"inLanguage\":\"lv-LV\",\"@id\":\"https:\/\/invego.lv\/marupessirds\/#\/schema\/logo\/image\/\",\"url\":\"https:\/\/invego.lv\/marupessirds\/wp-content\/uploads\/2025\/06\/layer_1.svg\",\"contentUrl\":\"https:\/\/invego.lv\/marupessirds\/wp-content\/uploads\/2025\/06\/layer_1.svg\",\"width\":170,\"height\":168,\"caption\":\"Marupes Sirds\"},\"image\":{\"@id\":\"https:\/\/invego.lv\/marupessirds\/#\/schema\/logo\/image\/\"}}]}<\/script>\n<!-- \/ Yoast SEO plugin. -->","yoast_head_json":{"title":"Att\u012bst\u012bt\u0101js - Marupes Sirds","robots":{"index":"index","follow":"follow","max-snippet":"max-snippet:-1","max-image-preview":"max-image-preview:large","max-video-preview":"max-video-preview:-1"},"canonical":"https:\/\/invego.lv\/marupessirds\/attistitajs\/","og_locale":"lv_LV","og_type":"article","og_title":"Att\u012bst\u012bt\u0101js - Marupes Sirds","og_url":"https:\/\/invego.lv\/marupessirds\/attistitajs\/","og_site_name":"Marupes Sirds","article_modified_time":"2026-03-23T12:12:54+00:00","og_image":[{"width":1200,"height":630,"url":"https:\/\/invego.lv\/marupessirds\/wp-content\/uploads\/2025\/08\/share-image-min.png","type":"image\/png"}],"twitter_card":"summary_large_image","schema":{"@context":"https:\/\/schema.org","@graph":[{"@type":"WebPage","@id":"https:\/\/invego.lv\/marupessirds\/attistitajs\/","url":"https:\/\/invego.lv\/marupessirds\/attistitajs\/","name":"Att\u012bst\u012bt\u0101js - Marupes Sirds","isPartOf":{"@id":"https:\/\/invego.lv\/marupessirds\/#website"},"datePublished":"2024-03-05T05:49:18+00:00","dateModified":"2026-03-23T12:12:54+00:00","breadcrumb":{"@id":"https:\/\/invego.lv\/marupessirds\/attistitajs\/#breadcrumb"},"inLanguage":"lv-LV","potentialAction":[{"@type":"ReadAction","target":["https:\/\/invego.lv\/marupessirds\/attistitajs\/"]}]},{"@type":"BreadcrumbList","@id":"https:\/\/invego.lv\/marupessirds\/attistitajs\/#breadcrumb","itemListElement":[{"@type":"ListItem","position":1,"name":"Home","item":"https:\/\/invego.lv\/marupessirds\/"},{"@type":"ListItem","position":2,"name":"Att\u012bst\u012bt\u0101js"}]},{"@type":"WebSite","@id":"https:\/\/invego.lv\/marupessirds\/#website","url":"https:\/\/invego.lv\/marupessirds\/","name":"Marupes Sirds","description":"","publisher":{"@id":"https:\/\/invego.lv\/marupessirds\/#organization"},"potentialAction":[{"@type":"SearchAction","target":{"@type":"EntryPoint","urlTemplate":"https:\/\/invego.lv\/marupessirds\/?s={search_term_string}"},"query-input":{"@type":"PropertyValueSpecification","valueRequired":true,"valueName":"search_term_string"}}],"inLanguage":"lv-LV"},{"@type":"Organization","@id":"https:\/\/invego.lv\/marupessirds\/#organization","name":"Marupes Sirds","url":"https:\/\/invego.lv\/marupessirds\/","logo":{"@type":"ImageObject","inLanguage":"lv-LV","@id":"https:\/\/invego.lv\/marupessirds\/#\/schema\/logo\/image\/","url":"https:\/\/invego.lv\/marupessirds\/wp-content\/uploads\/2025\/06\/layer_1.svg","contentUrl":"https:\/\/invego.lv\/marupessirds\/wp-content\/uploads\/2025\/06\/layer_1.svg","width":170,"height":168,"caption":"Marupes Sirds"},"image":{"@id":"https:\/\/invego.lv\/marupessirds\/#\/schema\/logo\/image\/"}}]}},"_links":{"self":[{"href":"https:\/\/invego.lv\/marupessirds\/wp-json\/wp\/v2\/pages\/2599","targetHints":{"allow":["GET"]}}],"collection":[{"href":"https:\/\/invego.lv\/marupessirds\/wp-json\/wp\/v2\/pages"}],"about":[{"href":"https:\/\/invego.lv\/marupessirds\/wp-json\/wp\/v2\/types\/page"}],"author":[{"embeddable":true,"href":"https:\/\/invego.lv\/marupessirds\/wp-json\/wp\/v2\/users\/1"}],"replies":[{"embeddable":true,"href":"https:\/\/invego.lv\/marupessirds\/wp-json\/wp\/v2\/comments?post=2599"}],"version-history":[{"count":5,"href":"https:\/\/invego.lv\/marupessirds\/wp-json\/wp\/v2\/pages\/2599\/revisions"}],"predecessor-version":[{"id":3892,"href":"https:\/\/invego.lv\/marupessirds\/wp-json\/wp\/v2\/pages\/2599\/revisions\/3892"}],"wp:attachment":[{"href":"https:\/\/invego.lv\/marupessirds\/wp-json\/wp\/v2\/media?parent=2599"}],"curies":[{"name":"wp","href":"https:\/\/api.w.org\/{rel}","templated":true}]}}