{"id":1197,"date":"2026-04-10T09:58:19","date_gmt":"2026-04-10T09:58:19","guid":{"rendered":"https:\/\/invego.lv\/nordale\/?page_id=1197"},"modified":"2026-04-16T08:16:01","modified_gmt":"2026-04-16T08:16:01","slug":"koncepts","status":"publish","type":"page","link":"https:\/\/invego.lv\/nordale\/koncepts\/","title":{"rendered":"Koncepts"},"content":{"rendered":"<section class=\"concept-header-block\"\n    >\n    <div class=\"container\">\n\n        <div class=\"block-top\">\n                            <h1 class=\"block-title fade-in-up\">\n                                            <span class=\"d-block\">Zieme\u013cvalstu <\/span>\n                                            <span class=\"d-block\">dz\u012bvesstila <\/span>\n                                            <span class=\"d-block\">iedvesmots<\/span>\n                                    <\/h1>\n            \n                            <div class=\"block-description fade-in-up\">\n                    <p>M\u016bsdien\u012bgs, vair\u0101ku k\u0101rtu dz\u012bvojamais projekts Me\u017eciem\u0101, kur zieme\u013cniecisk\u0101s arhitekt\u016bras iedvesma organiski sapl\u016bst ar dabu. Katra att\u012bst\u012bbas k\u0101rta veido savu raksturu, kop\u0101 radot harmoniski daudzveid\u012bgu, vienotu apkaimi.<\/p>\n                <\/div>\n                    <\/div>\n\n        <div class=\"block-bottom\">\n                            <div class=\"block-image\">\n                    <img decoding=\"async\" src=\"https:\/\/invego.lv\/nordale\/wp-content\/uploads\/2026\/04\/refleksdesign_photo_of_four_architects_-v_7_3914aa4f-7f3c-4ac0-ae23-e85a57e74d67_3-1-1.png\"\n                        width=\"1340\"\n                        height=\"980\"\n                        alt=\"\">\n                <\/div>\n            \n                            <div class=\"block-quote\">\n                                            <div class=\"quote-text\">\n                            <p>&#8220;Izstr\u0101d\u0101jot Nordale arhitekt\u016bras konceptu, k\u0101 galvenais idejas vadmot\u012bvs izv\u0113l\u0113ta vietas unik\u0101l\u0101 v\u0113rt\u012bba &#8211; \u0160mer\u013ca me\u017es. Apb\u016bves v\u012bzija un apjomu kompoz\u012bcija veidota t\u0101, lai t\u0101 k\u013c\u016btu par da\u013cu no apk\u0101rt\u0113j\u0101 prie\u017eu me\u017ea. \u0112ku b\u016bvapjomi dekonstru\u0113ti vair\u0101kos vizu\u0101li at\u0161\u0137ir\u012bgos pak\u0101pjveida apjomos, veidojot vidi cilv\u0113kam draudz\u012bg\u0101 m\u0113rog\u0101.<br \/>\n\u0112ku fas\u0101des papildus atdz\u012bvina pla\u0161i, br\u012bvi izk\u0101rtoti balkoni, kas piln\u012bb\u0101 nojauc robe\u017eu starp iek\u0161telpu un \u0101rtelpu, sniedzot ikvienam iedz\u012bvot\u0101jam iesp\u0113ju piln\u012bb\u0101 izjust \u0160mer\u013ca me\u017ea sniegto o\u0101zi urb\u0101naj\u0101 telp\u0101.&#8221;<\/p>\n                        <\/div>\n                    \n                                            <div class=\"quote-author\">\n                            <img decoding=\"async\" src=\"https:\/\/invego.lv\/nordale\/wp-content\/uploads\/2026\/03\/Group-164-1.svg\"\n                                width=\"189\"\n                                height=\"20\"\n                                alt=\"\">\n                        <\/div>\n                                    <\/div>\n                    <\/div>\n\n    <\/div>\n<\/section>\n\n<section class=\"lines-list-image-block\"\n    >\n    <div class=\"container\">\n\n        <div class=\"block-top\">\n                            <h2 class=\"block-title fade-in-up\">\n                                            <span class=\"d-block\">Vide, <\/span>\n                                            <span class=\"d-block\">kas rad\u012bta <\/span>\n                                            <span class=\"d-block\">kopienai<\/span>\n                                    <\/h2>\n            \n                            <ul class=\"items-list fade-in-up\">\n                                            <li class=\"list-item\">\n                                                            <span class=\"item-label\">ATT\u012aST\u012aBA VAIR\u0100K\u0100S K\u0100RT\u0100S:<\/span>\n                                                                                        <span class=\"item-text\">katrs att\u012bst\u012bbas posms veidots ar savu arhitektonisko identit\u0101ti<\/span>\n                                                    <\/li>\n                                            <li class=\"list-item\">\n                                                            <span class=\"item-label\">PROMEN\u0100DE:<\/span>\n                                                                                        <span class=\"item-text\">dz\u012bv\u012bga iela ar kafejn\u012bc\u0101m, veikaliem, pakalpojumiem un rado\u0161u dizaina vidi<\/span>\n                                                    <\/li>\n                                            <li class=\"list-item\">\n                                                            <span class=\"item-label\">DZ\u012aVE BEZ AUTOMA\u0160\u012aN\u0100M:<\/span>\n                                                                                        <span class=\"item-text\">za\u013cas, dro\u0161as un klusas zonas, kas paredz\u0113tas g\u0101j\u0113jiem un velobrauc\u0113jiem\u200b<\/span>\n                                                    <\/li>\n                                            <li class=\"list-item\">\n                                                            <span class=\"item-label\">SIRD\u012a ME\u017dON\u012aGA:<\/span>\n                                                                                        <span class=\"item-text\">za\u013ca me\u017ea ieskauta, pied\u0101v\u0101jot ide\u0101lu l\u012bdzsvaru starp akt\u012bvu dz\u012bvesveidu un mieru<\/span>\n                                                    <\/li>\n                                    <\/ul>\n                    <\/div>\n\n                    <div class=\"block-image\">\n                <img decoding=\"async\" src=\"https:\/\/invego.lv\/nordale\/wp-content\/uploads\/2026\/04\/getty-images-F8byiHK7lAs-unsplash-4.png\"\n                    width=\"2042\"\n                    height=\"1492\"\n                    alt=\"\">\n            <\/div>\n            <\/div>\n<\/section>\n\n<section class=\"numbered-list-image-block\"\n    >\n    <div class=\"container\">\n\n        <div class=\"block-content\">\n\n            <div class=\"block-intro\">\n                                    <h2 class=\"block-title fade-in-up\">\n                                                    <span class=\"d-block\">K\u0101p\u0113c izv\u0113l\u0113ties <\/span>\n                                                    <span class=\"d-block\">N\u00d8rdale?<\/span>\n                                            <\/h2>\n                \n                                    <ol class=\"items-list fade-in-up\">\n                                                    <li class=\"list-item\">Skandin\u0101vu stila iedvesmoti m\u0101jok\u013ci R\u012bg\u0101, ko ieskauj me\u017es<\/li>\n                                                    <li class=\"list-item\">M\u016bsdien\u012bgi, p\u0101rdom\u0101ta pl\u0101nojumu m\u0101jok\u013ci, piepild\u012bti ar dabisko gaismu<\/li>\n                                                    <li class=\"list-item\">Pla\u0161i balkoni un terases, za\u013ci iek\u0161pagalmi<\/li>\n                                                    <li class=\"list-item\">Daudzveid\u012bga kopiena da\u017e\u0101d\u0101m paaudz\u0113m un dz\u012bvesstiliem<\/li>\n                                                    <li class=\"list-item\">Tuvu visam. T\u0101lu no ierast\u0101.<\/li>\n                                            <\/ol>\n                            <\/div>\n\n                            <div class=\"block-image-secondary\">\n                    <img decoding=\"async\" src=\"https:\/\/invego.lv\/nordale\/wp-content\/uploads\/2026\/04\/Rectangle-3.png\"\n                        width=\"640\"\n                        height=\"960\"\n                        alt=\"\">\n                <\/div>\n            \n                            <div class=\"block-image-main\">\n                    <img decoding=\"async\" src=\"https:\/\/invego.lv\/nordale\/wp-content\/uploads\/2026\/04\/08-copy_AI-1.png\"\n                        width=\"984\"\n                        height=\"1346\"\n                        alt=\"\">\n                <\/div>\n            \n                            <div class=\"block-section\">\n                                            <h2 class=\"section-title fade-in-up\">\n                                                            <span class=\"d-block\">Harmoniska <\/span>\n                                                            <span class=\"d-block\">apkaime<\/span>\n                                                    <\/h2>\n                    \n                                            <div class=\"block-description fade-in-up\">\n                            <p>Centr\u0101l\u0101 promen\u0101de savieno apkaimi ar T\/C &#8220;Akropole Alfa&#8221; apk\u0101rtni un Bi\u0137ernieku me\u017eu, radot \u0113rtu un pat\u012bkamu ikdienas vidi.<\/p>\n<p>Labiek\u0101rtot\u0101 apk\u0101rtne un tuv\u0113j\u0101s me\u017ea takas veido harmonisku vidi, kur dz\u012bve rit dabisk\u0101 temp\u0101, bet vienlaikus tiek saglab\u0101ta \u0113rta piek\u013cuve visam b\u016btiskajam.<\/p>\n                        <\/div>\n                                    <\/div>\n            \n        <\/div>\n\n                    <div class=\"block-tagline\">\n                <p>Zieme\u013cniecisks dz\u012bvesveids \u2013 piel\u0101gots R\u012bgai.<\/p>\n            <\/div>\n        \n    <\/div>\n<\/section>","protected":false},"excerpt":{"rendered":"","protected":false},"author":1,"featured_media":0,"parent":0,"menu_order":0,"comment_status":"closed","ping_status":"closed","template":"","meta":{"_acf_changed":false,"footnotes":""},"class_list":["post-1197","page","type-page","status-publish","hentry"],"acf":[],"_links":{"self":[{"href":"https:\/\/invego.lv\/nordale\/wp-json\/wp\/v2\/pages\/1197","targetHints":{"allow":["GET"]}}],"collection":[{"href":"https:\/\/invego.lv\/nordale\/wp-json\/wp\/v2\/pages"}],"about":[{"href":"https:\/\/invego.lv\/nordale\/wp-json\/wp\/v2\/types\/page"}],"author":[{"embeddable":true,"href":"https:\/\/invego.lv\/nordale\/wp-json\/wp\/v2\/users\/1"}],"replies":[{"embeddable":true,"href":"https:\/\/invego.lv\/nordale\/wp-json\/wp\/v2\/comments?post=1197"}],"version-history":[{"count":11,"href":"https:\/\/invego.lv\/nordale\/wp-json\/wp\/v2\/pages\/1197\/revisions"}],"predecessor-version":[{"id":1664,"href":"https:\/\/invego.lv\/nordale\/wp-json\/wp\/v2\/pages\/1197\/revisions\/1664"}],"wp:attachment":[{"href":"https:\/\/invego.lv\/nordale\/wp-json\/wp\/v2\/media?parent=1197"}],"curies":[{"name":"wp","href":"https:\/\/api.w.org\/{rel}","templated":true}]}}