{"id":529,"date":"2023-05-01T17:11:44","date_gmt":"2023-05-01T14:11:44","guid":{"rendered":"https:\/\/invego.lv\/videadazi\/?page_id=529"},"modified":"2026-03-23T13:46:24","modified_gmt":"2026-03-23T10:46:24","slug":"developer","status":"publish","type":"page","link":"https:\/\/invego.lv\/videadazi\/en\/developer\/","title":{"rendered":"Developer"},"content":{"rendered":"\n<section class=\"developer-block pt-8 pb-11\">\n    <div class=\"container fade-in-up\">\n        <div class=\"intro_image text-center\"><img loading=\"lazy\" decoding=\"async\" class=\"pb-4 ms-auto me-auto\" src=\"https:\/\/invego.lv\/videadazi\/wp-content\/uploads\/2025\/11\/invego_logo.svg\" width=\"135\" height=\"38\" alt=\"\"\/><\/div>        <div class=\"intro w100 mb-9 pt-2 ms-auto me-auto\"><h3 style=\"text-align: center;\">About Invego<\/h3>\n<p style=\"text-align: center;\">Invego is a new-generation real estate developer operating in three countries, specializing in the creation of large-scale residential areas and business quarters with an integrated concept that creates future urban space. With over 10 years of operational history, the Invego group includes over 30 companies in Estonia, Latvia, and Portugal, and has about 30 different development projects in progress. Invego has developed more than 150,000 m\u00b2 residential and 50,000 m2 commercial spaces and has an additional 450,000 m\u00b2 of residential and commercial real estate in development.<\/p>\n<p style=\"text-align: center;\">Its largest developments to date include the completed Tiskreoja, Vana-Peetri, and Tabasalu Kodu residential areas, as well as the ongoing Luccaranna, Uus-J\u00e4rvek\u00fcla, and Keila Pargikodud projects, which are currently in the active sales and development phase. The company has also developed over 50,000 m\u00b2 of commercial space. In Latvia, Invego is developing the V\u012btolu Parks residential area in Riga, as well as Vide \u0100da\u017ei and M\u0101rupes Sirds residential areas near Riga. Together with Reterra, Invego is co-developing Parka Kvart\u0101ls, Skanstes Rezidences, and Miera Rezidences, all located in Riga.\u2028\u2028In Portugal, Invego is developing Silves Hills, a 65-hectare resort-style development with 154 villas.<\/p>\n<p style=\"text-align: center;\">You can find more information about Invego here: <a href=\"http:\/\/invego.ee\/en\/\" target=\"_blank\" rel=\"noopener\">invego.ee\/en\/<\/a><\/p>\n<p style=\"text-align: center;\">Here you can see the selection of Invego\u2019s largest developments:<\/p>\n<\/div>        <div class=\"projects row gx-4 gy-4 pt-4\">\n                                            <div class=\"project col col-lg-6 col-12 position-relative\">\n                    <a class=\"image position-relative d-block overflow-hidden\" href=\"https:\/\/invego.lv\/nordale\/en\" target=\"_blank\">\n                        <div class=\"position-absolute top-0 start-0 w100 h100 bg-center no-lazy\" style=\"background-image: url('https:\/\/invego.lv\/videadazi\/wp-content\/uploads\/2026\/03\/001-1-1.png');\">\n                            <div class=\"project_logo position-absolute d-flex justify-content-center align-items-center px-3 py-3 bg-white\"><img loading=\"lazy\" decoding=\"async\" src=\"https:\/\/invego.lv\/videadazi\/wp-content\/uploads\/2026\/03\/group-2608790.svg\" width=\"137\" height=\"75\" alt=\"\"\/><\/div>                            <span class=\"see_more position-absolute btn blue\">See more<\/span>\n                        <\/div>\n                    <\/a>\n                <\/div>\n                                            <div class=\"project col col-lg-6 col-12 position-relative\">\n                    <a class=\"image position-relative d-block overflow-hidden\" href=\"https:\/\/invego.lv\/tornakalna\/en\/\" target=\"_blank\">\n                        <div class=\"position-absolute top-0 start-0 w100 h100 bg-center no-lazy\" style=\"background-image: url('https:\/\/invego.lv\/videadazi\/wp-content\/uploads\/2026\/02\/image-24.png');\">\n                            <div class=\"project_logo position-absolute d-flex justify-content-center align-items-center px-3 py-3 bg-white\"><img loading=\"lazy\" decoding=\"async\" src=\"https:\/\/invego.lv\/videadazi\/wp-content\/uploads\/2026\/02\/group-2608749-2.svg\" width=\"105\" height=\"61\" alt=\"\"\/><\/div>                            <span class=\"see_more position-absolute btn blue\">See more<\/span>\n                        <\/div>\n                    <\/a>\n                <\/div>\n                                            <div class=\"project col col-lg-6 col-12 position-relative\">\n                    <a class=\"image position-relative d-block overflow-hidden\" href=\"https:\/\/invego.lv\/vitolu\/en\/\" target=\"_blank\">\n                        <div class=\"position-absolute top-0 start-0 w100 h100 bg-center no-lazy\" style=\"background-image: url('https:\/\/invego.lv\/videadazi\/wp-content\/uploads\/2025\/11\/duntes-cam-22-final-2-scaled.jpg');\">\n                            <div class=\"project_logo position-absolute d-flex justify-content-center align-items-center px-3 py-3 bg-white\"><img loading=\"lazy\" decoding=\"async\" src=\"https:\/\/invego.lv\/videadazi\/wp-content\/uploads\/2025\/11\/vitolu-1.svg\" width=\"61\" height=\"69\" alt=\"\"\/><\/div>                            <span class=\"see_more position-absolute btn blue\">See more<\/span>\n                        <\/div>\n                    <\/a>\n                <\/div>\n                                            <div class=\"project col col-lg-6 col-12 position-relative\">\n                    <a class=\"image position-relative d-block overflow-hidden\" href=\"https:\/\/skanstes.lv\/en\/\" target=\"_blank\">\n                        <div class=\"position-absolute top-0 start-0 w100 h100 bg-center no-lazy\" style=\"background-image: url('https:\/\/invego.lv\/videadazi\/wp-content\/uploads\/2024\/06\/image-7.png');\">\n                            <div class=\"project_logo position-absolute d-flex justify-content-center align-items-center px-3 py-3 bg-white\"><img loading=\"lazy\" decoding=\"async\" src=\"https:\/\/invego.lv\/videadazi\/wp-content\/uploads\/2025\/11\/skanstes-1.svg\" width=\"112\" height=\"60\" alt=\"\"\/><\/div>                            <span class=\"see_more position-absolute btn blue\">See more<\/span>\n                        <\/div>\n                    <\/a>\n                <\/div>\n                                            <div class=\"project col col-lg-6 col-12 position-relative\">\n                    <a class=\"image position-relative d-block overflow-hidden\" href=\"https:\/\/miera.lv\/en\/\" target=\"_blank\">\n                        <div class=\"position-absolute top-0 start-0 w100 h100 bg-center no-lazy\" style=\"background-image: url('https:\/\/invego.lv\/videadazi\/wp-content\/uploads\/2025\/11\/miera_01-scaled.jpg');\">\n                            <div class=\"project_logo position-absolute d-flex justify-content-center align-items-center px-3 py-3 bg-white\"><img loading=\"lazy\" decoding=\"async\" src=\"https:\/\/invego.lv\/videadazi\/wp-content\/uploads\/2025\/11\/miera-1.svg\" width=\"74\" height=\"85\" alt=\"\"\/><\/div>                            <span class=\"see_more position-absolute btn blue\">See more<\/span>\n                        <\/div>\n                    <\/a>\n                <\/div>\n                                            <div class=\"project col col-lg-6 col-12 position-relative\">\n                    <a class=\"image position-relative d-block overflow-hidden\" href=\"https:\/\/invego.lv\/marupessirds\/en\/\" target=\"_blank\">\n                        <div class=\"position-absolute top-0 start-0 w100 h100 bg-center no-lazy\" style=\"background-image: url('https:\/\/invego.lv\/videadazi\/wp-content\/uploads\/2025\/11\/04-apartment-house-terrace-scaled.jpg');\">\n                            <div class=\"project_logo position-absolute d-flex justify-content-center align-items-center px-3 py-3 bg-white\"><img loading=\"lazy\" decoding=\"async\" src=\"https:\/\/invego.lv\/videadazi\/wp-content\/uploads\/2025\/11\/marupes-1.svg\" width=\"95\" height=\"43\" alt=\"\"\/><\/div>                            <span class=\"see_more position-absolute btn blue\">See more<\/span>\n                        <\/div>\n                    <\/a>\n                <\/div>\n                                            <div class=\"project col col-lg-6 col-12 position-relative\">\n                    <a class=\"image position-relative d-block overflow-hidden\" href=\"https:\/\/parkakvartals.lv\/en\/\" target=\"_blank\">\n                        <div class=\"position-absolute top-0 start-0 w100 h100 bg-center no-lazy\" style=\"background-image: url('https:\/\/invego.lv\/videadazi\/wp-content\/uploads\/2025\/11\/maza-starestu-iela-7-scaled.jpg');\">\n                            <div class=\"project_logo position-absolute d-flex justify-content-center align-items-center px-3 py-3 bg-white\"><img loading=\"lazy\" decoding=\"async\" src=\"https:\/\/invego.lv\/videadazi\/wp-content\/uploads\/2025\/11\/parka-1.svg\" width=\"101\" height=\"56\" alt=\"\"\/><\/div>                            <span class=\"see_more position-absolute btn blue\">See more<\/span>\n                        <\/div>\n                    <\/a>\n                <\/div>\n                                            <div class=\"project col col-lg-6 col-12 position-relative\">\n                    <a class=\"image position-relative d-block overflow-hidden\" href=\"https:\/\/invego.ee\/verve\/en\/\" target=\"_blank\">\n                        <div class=\"position-absolute top-0 start-0 w100 h100 bg-center no-lazy\" style=\"background-image: url('https:\/\/invego.lv\/videadazi\/wp-content\/uploads\/2026\/01\/image-10-2.png');\">\n                            <div class=\"project_logo position-absolute d-flex justify-content-center align-items-center px-3 py-3 bg-white\"><img loading=\"lazy\" decoding=\"async\" src=\"https:\/\/invego.lv\/videadazi\/wp-content\/uploads\/2026\/02\/verve-6.svg\" width=\"107\" height=\"64\" alt=\"\"\/><\/div>                            <span class=\"see_more position-absolute btn blue\">See more<\/span>\n                        <\/div>\n                    <\/a>\n                <\/div>\n                                            <div class=\"project col col-lg-6 col-12 position-relative\">\n                    <a class=\"image position-relative d-block overflow-hidden\" href=\"https:\/\/invego.ee\/keilapargikodud\/en\/\" target=\"_blank\">\n                        <div class=\"position-absolute top-0 start-0 w100 h100 bg-center no-lazy\" style=\"background-image: url('https:\/\/invego.lv\/videadazi\/wp-content\/uploads\/2025\/11\/1m5a2744-scaled.jpg');\">\n                            <div class=\"project_logo position-absolute d-flex justify-content-center align-items-center px-3 py-3 bg-white\"><img loading=\"lazy\" decoding=\"async\" src=\"https:\/\/invego.lv\/videadazi\/wp-content\/uploads\/2025\/11\/keila.svg\" width=\"74\" height=\"55\" alt=\"\"\/><\/div>                            <span class=\"see_more position-absolute btn blue\">See more<\/span>\n                        <\/div>\n                    <\/a>\n                <\/div>\n                                            <div class=\"project col col-lg-6 col-12 position-relative\">\n                    <a class=\"image position-relative d-block overflow-hidden\" href=\"https:\/\/luccaranna.ee\/en\/\" target=\"_blank\">\n                        <div class=\"position-absolute top-0 start-0 w100 h100 bg-center no-lazy\" style=\"background-image: url('https:\/\/invego.lv\/videadazi\/wp-content\/uploads\/2025\/11\/uld-6.jpg');\">\n                            <div class=\"project_logo position-absolute d-flex justify-content-center align-items-center px-3 py-3 bg-white\"><img loading=\"lazy\" decoding=\"async\" src=\"https:\/\/invego.lv\/videadazi\/wp-content\/uploads\/2025\/11\/luccaranna-1.svg\" width=\"97\" height=\"52\" alt=\"\"\/><\/div>                            <span class=\"see_more position-absolute btn blue\">See more<\/span>\n                        <\/div>\n                    <\/a>\n                <\/div>\n                                            <div class=\"project col col-lg-6 col-12 position-relative\">\n                    <a class=\"image position-relative d-block overflow-hidden\" href=\"https:\/\/uusjarvekula.ee\/en\/\" target=\"_blank\">\n                        <div class=\"position-absolute top-0 start-0 w100 h100 bg-center no-lazy\" style=\"background-image: url('https:\/\/invego.lv\/videadazi\/wp-content\/uploads\/2025\/11\/uj2-scaled.jpg');\">\n                            <div class=\"project_logo position-absolute d-flex justify-content-center align-items-center px-3 py-3 bg-white\"><img loading=\"lazy\" decoding=\"async\" src=\"https:\/\/invego.lv\/videadazi\/wp-content\/uploads\/2025\/11\/uus-jarvekula-1.svg\" width=\"66\" height=\"65\" alt=\"\"\/><\/div>                            <span class=\"see_more position-absolute btn blue\">See more<\/span>\n                        <\/div>\n                    <\/a>\n                <\/div>\n                                            <div class=\"project col col-lg-6 col-12 position-relative\">\n                    <a class=\"image position-relative d-block overflow-hidden\" href=\"https:\/\/silveshills.com\/\" target=\"_blank\">\n                        <div class=\"position-absolute top-0 start-0 w100 h100 bg-center no-lazy\" style=\"background-image: url('https:\/\/invego.lv\/videadazi\/wp-content\/uploads\/2025\/11\/image-14.png');\">\n                            <div class=\"project_logo position-absolute d-flex justify-content-center align-items-center px-3 py-3 bg-white\"><img loading=\"lazy\" decoding=\"async\" src=\"https:\/\/invego.lv\/videadazi\/wp-content\/uploads\/2025\/11\/silves-hills.svg\" width=\"122\" height=\"34\" alt=\"\"\/><\/div>                            <span class=\"see_more position-absolute btn blue\">See more<\/span>\n                        <\/div>\n                    <\/a>\n                <\/div>\n                    <\/div>\n    <\/div>\n<\/section>","protected":false},"excerpt":{"rendered":"","protected":false},"author":1,"featured_media":0,"parent":0,"menu_order":0,"comment_status":"closed","ping_status":"closed","template":"","meta":{"_acf_changed":false,"footnotes":""},"class_list":["post-529","page","type-page","status-publish","hentry"],"acf":[],"yoast_head":"<!-- This site is optimized with the Yoast SEO plugin v25.0 - https:\/\/yoast.com\/wordpress\/plugins\/seo\/ -->\n<title>Developer - Adazi<\/title>\n<meta name=\"robots\" content=\"index, follow, max-snippet:-1, max-image-preview:large, max-video-preview:-1\" \/>\n<link rel=\"canonical\" href=\"https:\/\/invego.lv\/videadazi\/en\/developer\/\" \/>\n<meta property=\"og:locale\" content=\"en_US\" \/>\n<meta property=\"og:type\" content=\"article\" \/>\n<meta property=\"og:title\" content=\"Developer - Adazi\" \/>\n<meta property=\"og:url\" content=\"https:\/\/invego.lv\/videadazi\/en\/developer\/\" \/>\n<meta property=\"og:site_name\" content=\"Adazi\" \/>\n<meta property=\"article:modified_time\" content=\"2026-03-23T10:46:24+00:00\" \/>\n<meta property=\"og:image\" content=\"https:\/\/invego.lv\/videadazi\/wp-content\/uploads\/2025\/11\/share_picture-min.png\" \/>\n\t<meta property=\"og:image:width\" content=\"1200\" \/>\n\t<meta property=\"og:image:height\" content=\"675\" \/>\n\t<meta property=\"og:image:type\" content=\"image\/png\" \/>\n<meta name=\"twitter:card\" content=\"summary_large_image\" \/>\n<script type=\"application\/ld+json\" class=\"yoast-schema-graph\">{\"@context\":\"https:\/\/schema.org\",\"@graph\":[{\"@type\":\"WebPage\",\"@id\":\"https:\/\/invego.lv\/videadazi\/en\/developer\/\",\"url\":\"https:\/\/invego.lv\/videadazi\/en\/developer\/\",\"name\":\"Developer - Adazi\",\"isPartOf\":{\"@id\":\"https:\/\/invego.lv\/videadazi\/en\/#website\"},\"datePublished\":\"2023-05-01T14:11:44+00:00\",\"dateModified\":\"2026-03-23T10:46:24+00:00\",\"breadcrumb\":{\"@id\":\"https:\/\/invego.lv\/videadazi\/en\/developer\/#breadcrumb\"},\"inLanguage\":\"en-US\",\"potentialAction\":[{\"@type\":\"ReadAction\",\"target\":[\"https:\/\/invego.lv\/videadazi\/en\/developer\/\"]}]},{\"@type\":\"BreadcrumbList\",\"@id\":\"https:\/\/invego.lv\/videadazi\/en\/developer\/#breadcrumb\",\"itemListElement\":[{\"@type\":\"ListItem\",\"position\":1,\"name\":\"Home\",\"item\":\"https:\/\/invego.lv\/videadazi\/en\/\"},{\"@type\":\"ListItem\",\"position\":2,\"name\":\"Developer\"}]},{\"@type\":\"WebSite\",\"@id\":\"https:\/\/invego.lv\/videadazi\/en\/#website\",\"url\":\"https:\/\/invego.lv\/videadazi\/en\/\",\"name\":\"Vide Adazi\",\"description\":\"Adazi, it\u2019s a good place to live.  Inside out.\",\"publisher\":{\"@id\":\"https:\/\/invego.lv\/videadazi\/en\/#organization\"},\"potentialAction\":[{\"@type\":\"SearchAction\",\"target\":{\"@type\":\"EntryPoint\",\"urlTemplate\":\"https:\/\/invego.lv\/videadazi\/en\/?s={search_term_string}\"},\"query-input\":{\"@type\":\"PropertyValueSpecification\",\"valueRequired\":true,\"valueName\":\"search_term_string\"}}],\"inLanguage\":\"en-US\"},{\"@type\":\"Organization\",\"@id\":\"https:\/\/invego.lv\/videadazi\/en\/#organization\",\"name\":\"Vide Adazi\",\"url\":\"https:\/\/invego.lv\/videadazi\/en\/\",\"logo\":{\"@type\":\"ImageObject\",\"inLanguage\":\"en-US\",\"@id\":\"https:\/\/invego.lv\/videadazi\/en\/#\/schema\/logo\/image\/\",\"url\":\"https:\/\/invego.lv\/videadazi\/wp-content\/uploads\/2024\/06\/Group-2690.svg\",\"contentUrl\":\"https:\/\/invego.lv\/videadazi\/wp-content\/uploads\/2024\/06\/Group-2690.svg\",\"width\":190,\"height\":116,\"caption\":\"Vide Adazi\"},\"image\":{\"@id\":\"https:\/\/invego.lv\/videadazi\/en\/#\/schema\/logo\/image\/\"}}]}<\/script>\n<!-- \/ Yoast SEO plugin. -->","yoast_head_json":{"title":"Developer - Adazi","robots":{"index":"index","follow":"follow","max-snippet":"max-snippet:-1","max-image-preview":"max-image-preview:large","max-video-preview":"max-video-preview:-1"},"canonical":"https:\/\/invego.lv\/videadazi\/en\/developer\/","og_locale":"en_US","og_type":"article","og_title":"Developer - Adazi","og_url":"https:\/\/invego.lv\/videadazi\/en\/developer\/","og_site_name":"Adazi","article_modified_time":"2026-03-23T10:46:24+00:00","og_image":[{"width":1200,"height":675,"url":"https:\/\/invego.lv\/videadazi\/wp-content\/uploads\/2025\/11\/share_picture-min.png","type":"image\/png"}],"twitter_card":"summary_large_image","schema":{"@context":"https:\/\/schema.org","@graph":[{"@type":"WebPage","@id":"https:\/\/invego.lv\/videadazi\/en\/developer\/","url":"https:\/\/invego.lv\/videadazi\/en\/developer\/","name":"Developer - Adazi","isPartOf":{"@id":"https:\/\/invego.lv\/videadazi\/en\/#website"},"datePublished":"2023-05-01T14:11:44+00:00","dateModified":"2026-03-23T10:46:24+00:00","breadcrumb":{"@id":"https:\/\/invego.lv\/videadazi\/en\/developer\/#breadcrumb"},"inLanguage":"en-US","potentialAction":[{"@type":"ReadAction","target":["https:\/\/invego.lv\/videadazi\/en\/developer\/"]}]},{"@type":"BreadcrumbList","@id":"https:\/\/invego.lv\/videadazi\/en\/developer\/#breadcrumb","itemListElement":[{"@type":"ListItem","position":1,"name":"Home","item":"https:\/\/invego.lv\/videadazi\/en\/"},{"@type":"ListItem","position":2,"name":"Developer"}]},{"@type":"WebSite","@id":"https:\/\/invego.lv\/videadazi\/en\/#website","url":"https:\/\/invego.lv\/videadazi\/en\/","name":"Vide Adazi","description":"Adazi, it\u2019s a good place to live.  Inside out.","publisher":{"@id":"https:\/\/invego.lv\/videadazi\/en\/#organization"},"potentialAction":[{"@type":"SearchAction","target":{"@type":"EntryPoint","urlTemplate":"https:\/\/invego.lv\/videadazi\/en\/?s={search_term_string}"},"query-input":{"@type":"PropertyValueSpecification","valueRequired":true,"valueName":"search_term_string"}}],"inLanguage":"en-US"},{"@type":"Organization","@id":"https:\/\/invego.lv\/videadazi\/en\/#organization","name":"Vide Adazi","url":"https:\/\/invego.lv\/videadazi\/en\/","logo":{"@type":"ImageObject","inLanguage":"en-US","@id":"https:\/\/invego.lv\/videadazi\/en\/#\/schema\/logo\/image\/","url":"https:\/\/invego.lv\/videadazi\/wp-content\/uploads\/2024\/06\/Group-2690.svg","contentUrl":"https:\/\/invego.lv\/videadazi\/wp-content\/uploads\/2024\/06\/Group-2690.svg","width":190,"height":116,"caption":"Vide Adazi"},"image":{"@id":"https:\/\/invego.lv\/videadazi\/en\/#\/schema\/logo\/image\/"}}]}},"_links":{"self":[{"href":"https:\/\/invego.lv\/videadazi\/en\/wp-json\/wp\/v2\/pages\/529","targetHints":{"allow":["GET"]}}],"collection":[{"href":"https:\/\/invego.lv\/videadazi\/en\/wp-json\/wp\/v2\/pages"}],"about":[{"href":"https:\/\/invego.lv\/videadazi\/en\/wp-json\/wp\/v2\/types\/page"}],"author":[{"embeddable":true,"href":"https:\/\/invego.lv\/videadazi\/en\/wp-json\/wp\/v2\/users\/1"}],"replies":[{"embeddable":true,"href":"https:\/\/invego.lv\/videadazi\/en\/wp-json\/wp\/v2\/comments?post=529"}],"version-history":[{"count":50,"href":"https:\/\/invego.lv\/videadazi\/en\/wp-json\/wp\/v2\/pages\/529\/revisions"}],"predecessor-version":[{"id":3296,"href":"https:\/\/invego.lv\/videadazi\/en\/wp-json\/wp\/v2\/pages\/529\/revisions\/3296"}],"wp:attachment":[{"href":"https:\/\/invego.lv\/videadazi\/en\/wp-json\/wp\/v2\/media?parent=529"}],"curies":[{"name":"wp","href":"https:\/\/api.w.org\/{rel}","templated":true}]}}