{"id":721,"date":"2023-05-01T17:11:44","date_gmt":"2023-05-01T14:11:44","guid":{"rendered":"https:\/\/invego.lv\/videadazi\/developer\/"},"modified":"2026-03-23T13:46:50","modified_gmt":"2026-03-23T10:46:50","slug":"attistitajs","status":"publish","type":"page","link":"https:\/\/invego.lv\/videadazi\/attistitajs\/","title":{"rendered":"Att\u012bst\u012bt\u0101js"},"content":{"rendered":"\n<section class=\"developer-block pt-8 pb-11\">\n    <div class=\"container fade-in-up\">\n        <div class=\"intro_image text-center\"><img loading=\"lazy\" decoding=\"async\" class=\"pb-4 ms-auto me-auto\" src=\"https:\/\/invego.lv\/videadazi\/wp-content\/uploads\/2025\/11\/invego_logo.svg\" width=\"135\" height=\"38\" alt=\"\"\/><\/div>        <div class=\"intro w100 mb-9 pt-2 ms-auto me-auto\"><h3 style=\"text-align: center;\">Real estate of mind<\/h3>\n<p style=\"text-align: center;\">Vide \u0100da\u017ei ir jauns un p\u0101rdom\u0101ts rajons \u0100da\u017eos. Jauno rindu m\u0101ju rajonu izstr\u0101d\u0101jis Invego. Invego ir viens no Igaunijas vado\u0161ajiem nekustamo \u012bpa\u0161umu att\u012bst\u012bt\u0101jiem, kas p\u0113d\u0113jo piecu gadu laik\u0101 uzc\u0113lis vair\u0101k nek\u0101 1100 m\u0101jas.<\/p>\n<p style=\"text-align: center;\">Vair\u0101k par Invego lasiet \u0161eit: <a style=\"text-decoration: underline;\" href=\"https:\/\/invego.ee\/lv\/\" target=\"_blank\" rel=\"noopener\"><strong>invego.ee\/lv\/<\/strong><\/a><\/p>\n<p style=\"text-align: center;\">\u0160eit j\u016bs varat redz\u0113t Invego izstr\u0101d\u0101tos jaun\u0101kos att\u012bst\u012bbas projektus:<\/p>\n<\/div>        <div class=\"projects row gx-4 gy-4 pt-4\">\n                                            <div class=\"project col col-lg-6 col-12 position-relative\">\n                    <a class=\"image position-relative d-block overflow-hidden\" href=\"https:\/\/invego.lv\/nordale\/\" target=\"_blank\">\n                        <div class=\"position-absolute top-0 start-0 w100 h100 bg-center no-lazy\" style=\"background-image: url('https:\/\/invego.lv\/videadazi\/wp-content\/uploads\/2026\/03\/001-1-1.png');\">\n                            <div class=\"project_logo position-absolute d-flex justify-content-center align-items-center px-3 py-3 bg-white\"><img loading=\"lazy\" decoding=\"async\" src=\"https:\/\/invego.lv\/videadazi\/wp-content\/uploads\/2026\/03\/group-2608790.svg\" width=\"137\" height=\"75\" alt=\"\"\/><\/div>                            <span class=\"see_more position-absolute btn blue\">Redz\u0113t vair\u0101k<\/span>\n                        <\/div>\n                    <\/a>\n                <\/div>\n                                            <div class=\"project col col-lg-6 col-12 position-relative\">\n                    <a class=\"image position-relative d-block overflow-hidden\" href=\"https:\/\/invego.lv\/tornakalna\/\" target=\"_blank\">\n                        <div class=\"position-absolute top-0 start-0 w100 h100 bg-center no-lazy\" style=\"background-image: url('https:\/\/invego.lv\/videadazi\/wp-content\/uploads\/2026\/02\/image-24.png');\">\n                            <div class=\"project_logo position-absolute d-flex justify-content-center align-items-center px-3 py-3 bg-white\"><img loading=\"lazy\" decoding=\"async\" src=\"https:\/\/invego.lv\/videadazi\/wp-content\/uploads\/2026\/02\/group-2608749-2.svg\" width=\"105\" height=\"61\" alt=\"\"\/><\/div>                            <span class=\"see_more position-absolute btn blue\">Redz\u0113t vair\u0101k<\/span>\n                        <\/div>\n                    <\/a>\n                <\/div>\n                                            <div class=\"project col col-lg-6 col-12 position-relative\">\n                    <a class=\"image position-relative d-block overflow-hidden\" href=\"https:\/\/invego.lv\/vitolu\/\" target=\"_blank\">\n                        <div class=\"position-absolute top-0 start-0 w100 h100 bg-center no-lazy\" style=\"background-image: url('https:\/\/invego.lv\/videadazi\/wp-content\/uploads\/2025\/11\/duntes-cam-22-final-2-scaled.jpg');\">\n                            <div class=\"project_logo position-absolute d-flex justify-content-center align-items-center px-3 py-3 bg-white\"><img loading=\"lazy\" decoding=\"async\" src=\"https:\/\/invego.lv\/videadazi\/wp-content\/uploads\/2025\/11\/vitolu.svg\" width=\"61\" height=\"69\" alt=\"\"\/><\/div>                            <span class=\"see_more position-absolute btn blue\">Redz\u0113t vair\u0101k<\/span>\n                        <\/div>\n                    <\/a>\n                <\/div>\n                                            <div class=\"project col col-lg-6 col-12 position-relative\">\n                    <a class=\"image position-relative d-block overflow-hidden\" href=\"https:\/\/skanstes.lv\/\" target=\"_blank\">\n                        <div class=\"position-absolute top-0 start-0 w100 h100 bg-center no-lazy\" style=\"background-image: url('https:\/\/invego.lv\/videadazi\/wp-content\/uploads\/2024\/06\/image-7.png');\">\n                            <div class=\"project_logo position-absolute d-flex justify-content-center align-items-center px-3 py-3 bg-white\"><img loading=\"lazy\" decoding=\"async\" src=\"https:\/\/invego.lv\/videadazi\/wp-content\/uploads\/2025\/11\/skanstes.svg\" width=\"112\" height=\"60\" alt=\"\"\/><\/div>                            <span class=\"see_more position-absolute btn blue\">Redz\u0113t vair\u0101k<\/span>\n                        <\/div>\n                    <\/a>\n                <\/div>\n                                            <div class=\"project col col-lg-6 col-12 position-relative\">\n                    <a class=\"image position-relative d-block overflow-hidden\" href=\"https:\/\/miera.lv\/\" target=\"_blank\">\n                        <div class=\"position-absolute top-0 start-0 w100 h100 bg-center no-lazy\" style=\"background-image: url('https:\/\/invego.lv\/videadazi\/wp-content\/uploads\/2025\/11\/miera_01-scaled.jpg');\">\n                            <div class=\"project_logo position-absolute d-flex justify-content-center align-items-center px-3 py-3 bg-white\"><img loading=\"lazy\" decoding=\"async\" src=\"https:\/\/invego.lv\/videadazi\/wp-content\/uploads\/2025\/11\/miera.svg\" width=\"74\" height=\"85\" alt=\"\"\/><\/div>                            <span class=\"see_more position-absolute btn blue\">Redz\u0113t vair\u0101k<\/span>\n                        <\/div>\n                    <\/a>\n                <\/div>\n                                            <div class=\"project col col-lg-6 col-12 position-relative\">\n                    <a class=\"image position-relative d-block overflow-hidden\" href=\"https:\/\/invego.lv\/marupessirds\/\" target=\"_blank\">\n                        <div class=\"position-absolute top-0 start-0 w100 h100 bg-center no-lazy\" style=\"background-image: url('https:\/\/invego.lv\/videadazi\/wp-content\/uploads\/2025\/11\/04-apartment-house-terrace-scaled.jpg');\">\n                            <div class=\"project_logo position-absolute d-flex justify-content-center align-items-center px-3 py-3 bg-white\"><img loading=\"lazy\" decoding=\"async\" src=\"https:\/\/invego.lv\/videadazi\/wp-content\/uploads\/2025\/11\/marupes.svg\" width=\"95\" height=\"43\" alt=\"\"\/><\/div>                            <span class=\"see_more position-absolute btn blue\">Redz\u0113t vair\u0101k<\/span>\n                        <\/div>\n                    <\/a>\n                <\/div>\n                                            <div class=\"project col col-lg-6 col-12 position-relative\">\n                    <a class=\"image position-relative d-block overflow-hidden\" href=\"https:\/\/parkakvartals.lv\/\" target=\"_blank\">\n                        <div class=\"position-absolute top-0 start-0 w100 h100 bg-center no-lazy\" style=\"background-image: url('https:\/\/invego.lv\/videadazi\/wp-content\/uploads\/2025\/11\/maza-starestu-iela-7-scaled.jpg');\">\n                            <div class=\"project_logo position-absolute d-flex justify-content-center align-items-center px-3 py-3 bg-white\"><img loading=\"lazy\" decoding=\"async\" src=\"https:\/\/invego.lv\/videadazi\/wp-content\/uploads\/2025\/11\/parka.svg\" width=\"101\" height=\"56\" alt=\"\"\/><\/div>                            <span class=\"see_more position-absolute btn blue\">Redz\u0113t vair\u0101k<\/span>\n                        <\/div>\n                    <\/a>\n                <\/div>\n                                            <div class=\"project col col-lg-6 col-12 position-relative\">\n                    <a class=\"image position-relative d-block overflow-hidden\" href=\"https:\/\/invego.ee\/verve\/en\/\" target=\"_blank\">\n                        <div class=\"position-absolute top-0 start-0 w100 h100 bg-center no-lazy\" style=\"background-image: url('https:\/\/invego.lv\/videadazi\/wp-content\/uploads\/2026\/01\/image-10-2.png');\">\n                            <div class=\"project_logo position-absolute d-flex justify-content-center align-items-center px-3 py-3 bg-white\"><img loading=\"lazy\" decoding=\"async\" src=\"https:\/\/invego.lv\/videadazi\/wp-content\/uploads\/2026\/02\/verve-6.svg\" width=\"107\" height=\"64\" alt=\"\"\/><\/div>                            <span class=\"see_more position-absolute btn blue\">Redz\u0113t vair\u0101k<\/span>\n                        <\/div>\n                    <\/a>\n                <\/div>\n                                            <div class=\"project col col-lg-6 col-12 position-relative\">\n                    <a class=\"image position-relative d-block overflow-hidden\" href=\"https:\/\/invego.ee\/keilapargikodud\/en\/\" target=\"_blank\">\n                        <div class=\"position-absolute top-0 start-0 w100 h100 bg-center no-lazy\" style=\"background-image: url('https:\/\/invego.lv\/videadazi\/wp-content\/uploads\/2025\/11\/1m5a2744-scaled.jpg');\">\n                            <div class=\"project_logo position-absolute d-flex justify-content-center align-items-center px-3 py-3 bg-white\"><img loading=\"lazy\" decoding=\"async\" src=\"https:\/\/invego.lv\/videadazi\/wp-content\/uploads\/2025\/11\/keila.svg\" width=\"74\" height=\"55\" alt=\"\"\/><\/div>                            <span class=\"see_more position-absolute btn blue\">Redz\u0113t vair\u0101k<\/span>\n                        <\/div>\n                    <\/a>\n                <\/div>\n                                            <div class=\"project col col-lg-6 col-12 position-relative\">\n                    <a class=\"image position-relative d-block overflow-hidden\" href=\"https:\/\/luccaranna.ee\/en\/\" target=\"_blank\">\n                        <div class=\"position-absolute top-0 start-0 w100 h100 bg-center no-lazy\" style=\"background-image: url('https:\/\/invego.lv\/videadazi\/wp-content\/uploads\/2025\/11\/uld-6.jpg');\">\n                            <div class=\"project_logo position-absolute d-flex justify-content-center align-items-center px-3 py-3 bg-white\"><img loading=\"lazy\" decoding=\"async\" src=\"https:\/\/invego.lv\/videadazi\/wp-content\/uploads\/2025\/11\/luccaranna.svg\" width=\"97\" height=\"52\" alt=\"\"\/><\/div>                            <span class=\"see_more position-absolute btn blue\">Redz\u0113t vair\u0101k<\/span>\n                        <\/div>\n                    <\/a>\n                <\/div>\n                                            <div class=\"project col col-lg-6 col-12 position-relative\">\n                    <a class=\"image position-relative d-block overflow-hidden\" href=\"https:\/\/uusjarvekula.ee\/en\" target=\"_blank\">\n                        <div class=\"position-absolute top-0 start-0 w100 h100 bg-center no-lazy\" style=\"background-image: url('https:\/\/invego.lv\/videadazi\/wp-content\/uploads\/2025\/11\/uj2-scaled.jpg');\">\n                            <div class=\"project_logo position-absolute d-flex justify-content-center align-items-center px-3 py-3 bg-white\"><img loading=\"lazy\" decoding=\"async\" src=\"https:\/\/invego.lv\/videadazi\/wp-content\/uploads\/2025\/11\/uus-jarvekula.svg\" width=\"66\" height=\"65\" alt=\"\"\/><\/div>                            <span class=\"see_more position-absolute btn blue\">Redz\u0113t vair\u0101k<\/span>\n                        <\/div>\n                    <\/a>\n                <\/div>\n                                            <div class=\"project col col-lg-6 col-12 position-relative\">\n                    <a class=\"image position-relative d-block overflow-hidden\" href=\"https:\/\/silveshills.com\/\" target=\"_blank\">\n                        <div class=\"position-absolute top-0 start-0 w100 h100 bg-center no-lazy\" style=\"background-image: url('https:\/\/invego.lv\/videadazi\/wp-content\/uploads\/2025\/11\/image-14.png');\">\n                            <div class=\"project_logo position-absolute d-flex justify-content-center align-items-center px-3 py-3 bg-white\"><img loading=\"lazy\" decoding=\"async\" src=\"https:\/\/invego.lv\/videadazi\/wp-content\/uploads\/2025\/11\/silves-hills.svg\" width=\"122\" height=\"34\" alt=\"\"\/><\/div>                            <span class=\"see_more position-absolute btn blue\">Redz\u0113t vair\u0101k<\/span>\n                        <\/div>\n                    <\/a>\n                <\/div>\n                    <\/div>\n    <\/div>\n<\/section>","protected":false},"excerpt":{"rendered":"","protected":false},"author":1,"featured_media":0,"parent":0,"menu_order":0,"comment_status":"closed","ping_status":"closed","template":"","meta":{"_acf_changed":false,"footnotes":""},"class_list":["post-721","page","type-page","status-publish","hentry"],"acf":[],"yoast_head":"<!-- This site is optimized with the Yoast SEO plugin v25.0 - https:\/\/yoast.com\/wordpress\/plugins\/seo\/ -->\n<title>Att\u012bst\u012bt\u0101js - Adazi<\/title>\n<meta name=\"robots\" content=\"index, follow, max-snippet:-1, max-image-preview:large, max-video-preview:-1\" \/>\n<link rel=\"canonical\" href=\"https:\/\/invego.lv\/videadazi\/attistitajs\/\" \/>\n<meta property=\"og:locale\" content=\"lv_LV\" \/>\n<meta property=\"og:type\" content=\"article\" \/>\n<meta property=\"og:title\" content=\"Att\u012bst\u012bt\u0101js - Adazi\" \/>\n<meta property=\"og:url\" content=\"https:\/\/invego.lv\/videadazi\/attistitajs\/\" \/>\n<meta property=\"og:site_name\" content=\"Adazi\" \/>\n<meta property=\"article:modified_time\" content=\"2026-03-23T10:46:50+00:00\" \/>\n<meta property=\"og:image\" content=\"https:\/\/invego.lv\/videadazi\/wp-content\/uploads\/2025\/11\/share_picture-min.png\" \/>\n\t<meta property=\"og:image:width\" content=\"1200\" \/>\n\t<meta property=\"og:image:height\" content=\"675\" \/>\n\t<meta property=\"og:image:type\" content=\"image\/png\" \/>\n<meta name=\"twitter:card\" content=\"summary_large_image\" \/>\n<script type=\"application\/ld+json\" class=\"yoast-schema-graph\">{\"@context\":\"https:\/\/schema.org\",\"@graph\":[{\"@type\":\"WebPage\",\"@id\":\"https:\/\/invego.lv\/videadazi\/attistitajs\/\",\"url\":\"https:\/\/invego.lv\/videadazi\/attistitajs\/\",\"name\":\"Att\u012bst\u012bt\u0101js - Adazi\",\"isPartOf\":{\"@id\":\"https:\/\/invego.lv\/videadazi\/#website\"},\"datePublished\":\"2023-05-01T14:11:44+00:00\",\"dateModified\":\"2026-03-23T10:46:50+00:00\",\"breadcrumb\":{\"@id\":\"https:\/\/invego.lv\/videadazi\/attistitajs\/#breadcrumb\"},\"inLanguage\":\"lv-LV\",\"potentialAction\":[{\"@type\":\"ReadAction\",\"target\":[\"https:\/\/invego.lv\/videadazi\/attistitajs\/\"]}]},{\"@type\":\"BreadcrumbList\",\"@id\":\"https:\/\/invego.lv\/videadazi\/attistitajs\/#breadcrumb\",\"itemListElement\":[{\"@type\":\"ListItem\",\"position\":1,\"name\":\"Home\",\"item\":\"https:\/\/invego.lv\/videadazi\/\"},{\"@type\":\"ListItem\",\"position\":2,\"name\":\"Att\u012bst\u012bt\u0101js\"}]},{\"@type\":\"WebSite\",\"@id\":\"https:\/\/invego.lv\/videadazi\/#website\",\"url\":\"https:\/\/invego.lv\/videadazi\/\",\"name\":\"Vide Adazi\",\"description\":\"Adazi, it\u2019s a good place to live. Inside out.\",\"publisher\":{\"@id\":\"https:\/\/invego.lv\/videadazi\/#organization\"},\"potentialAction\":[{\"@type\":\"SearchAction\",\"target\":{\"@type\":\"EntryPoint\",\"urlTemplate\":\"https:\/\/invego.lv\/videadazi\/?s={search_term_string}\"},\"query-input\":{\"@type\":\"PropertyValueSpecification\",\"valueRequired\":true,\"valueName\":\"search_term_string\"}}],\"inLanguage\":\"lv-LV\"},{\"@type\":\"Organization\",\"@id\":\"https:\/\/invego.lv\/videadazi\/#organization\",\"name\":\"Vide Adazi\",\"url\":\"https:\/\/invego.lv\/videadazi\/\",\"logo\":{\"@type\":\"ImageObject\",\"inLanguage\":\"lv-LV\",\"@id\":\"https:\/\/invego.lv\/videadazi\/#\/schema\/logo\/image\/\",\"url\":\"https:\/\/invego.lv\/videadazi\/wp-content\/uploads\/2024\/06\/Group-2690.svg\",\"contentUrl\":\"https:\/\/invego.lv\/videadazi\/wp-content\/uploads\/2024\/06\/Group-2690.svg\",\"width\":190,\"height\":116,\"caption\":\"Vide Adazi\"},\"image\":{\"@id\":\"https:\/\/invego.lv\/videadazi\/#\/schema\/logo\/image\/\"}}]}<\/script>\n<!-- \/ Yoast SEO plugin. -->","yoast_head_json":{"title":"Att\u012bst\u012bt\u0101js - Adazi","robots":{"index":"index","follow":"follow","max-snippet":"max-snippet:-1","max-image-preview":"max-image-preview:large","max-video-preview":"max-video-preview:-1"},"canonical":"https:\/\/invego.lv\/videadazi\/attistitajs\/","og_locale":"lv_LV","og_type":"article","og_title":"Att\u012bst\u012bt\u0101js - Adazi","og_url":"https:\/\/invego.lv\/videadazi\/attistitajs\/","og_site_name":"Adazi","article_modified_time":"2026-03-23T10:46:50+00:00","og_image":[{"width":1200,"height":675,"url":"https:\/\/invego.lv\/videadazi\/wp-content\/uploads\/2025\/11\/share_picture-min.png","type":"image\/png"}],"twitter_card":"summary_large_image","schema":{"@context":"https:\/\/schema.org","@graph":[{"@type":"WebPage","@id":"https:\/\/invego.lv\/videadazi\/attistitajs\/","url":"https:\/\/invego.lv\/videadazi\/attistitajs\/","name":"Att\u012bst\u012bt\u0101js - Adazi","isPartOf":{"@id":"https:\/\/invego.lv\/videadazi\/#website"},"datePublished":"2023-05-01T14:11:44+00:00","dateModified":"2026-03-23T10:46:50+00:00","breadcrumb":{"@id":"https:\/\/invego.lv\/videadazi\/attistitajs\/#breadcrumb"},"inLanguage":"lv-LV","potentialAction":[{"@type":"ReadAction","target":["https:\/\/invego.lv\/videadazi\/attistitajs\/"]}]},{"@type":"BreadcrumbList","@id":"https:\/\/invego.lv\/videadazi\/attistitajs\/#breadcrumb","itemListElement":[{"@type":"ListItem","position":1,"name":"Home","item":"https:\/\/invego.lv\/videadazi\/"},{"@type":"ListItem","position":2,"name":"Att\u012bst\u012bt\u0101js"}]},{"@type":"WebSite","@id":"https:\/\/invego.lv\/videadazi\/#website","url":"https:\/\/invego.lv\/videadazi\/","name":"Vide Adazi","description":"Adazi, it\u2019s a good place to live. Inside out.","publisher":{"@id":"https:\/\/invego.lv\/videadazi\/#organization"},"potentialAction":[{"@type":"SearchAction","target":{"@type":"EntryPoint","urlTemplate":"https:\/\/invego.lv\/videadazi\/?s={search_term_string}"},"query-input":{"@type":"PropertyValueSpecification","valueRequired":true,"valueName":"search_term_string"}}],"inLanguage":"lv-LV"},{"@type":"Organization","@id":"https:\/\/invego.lv\/videadazi\/#organization","name":"Vide Adazi","url":"https:\/\/invego.lv\/videadazi\/","logo":{"@type":"ImageObject","inLanguage":"lv-LV","@id":"https:\/\/invego.lv\/videadazi\/#\/schema\/logo\/image\/","url":"https:\/\/invego.lv\/videadazi\/wp-content\/uploads\/2024\/06\/Group-2690.svg","contentUrl":"https:\/\/invego.lv\/videadazi\/wp-content\/uploads\/2024\/06\/Group-2690.svg","width":190,"height":116,"caption":"Vide Adazi"},"image":{"@id":"https:\/\/invego.lv\/videadazi\/#\/schema\/logo\/image\/"}}]}},"_links":{"self":[{"href":"https:\/\/invego.lv\/videadazi\/wp-json\/wp\/v2\/pages\/721","targetHints":{"allow":["GET"]}}],"collection":[{"href":"https:\/\/invego.lv\/videadazi\/wp-json\/wp\/v2\/pages"}],"about":[{"href":"https:\/\/invego.lv\/videadazi\/wp-json\/wp\/v2\/types\/page"}],"author":[{"embeddable":true,"href":"https:\/\/invego.lv\/videadazi\/wp-json\/wp\/v2\/users\/1"}],"replies":[{"embeddable":true,"href":"https:\/\/invego.lv\/videadazi\/wp-json\/wp\/v2\/comments?post=721"}],"version-history":[{"count":37,"href":"https:\/\/invego.lv\/videadazi\/wp-json\/wp\/v2\/pages\/721\/revisions"}],"predecessor-version":[{"id":3297,"href":"https:\/\/invego.lv\/videadazi\/wp-json\/wp\/v2\/pages\/721\/revisions\/3297"}],"wp:attachment":[{"href":"https:\/\/invego.lv\/videadazi\/wp-json\/wp\/v2\/media?parent=721"}],"curies":[{"name":"wp","href":"https:\/\/api.w.org\/{rel}","templated":true}]}}