{"id":911,"date":"2023-05-01T16:38:47","date_gmt":"2023-05-01T13:38:47","guid":{"rendered":"https:\/\/invego.lv\/videadazi\/sales-terms\/"},"modified":"2026-01-06T12:36:16","modified_gmt":"2026-01-06T09:36:16","slug":"pardosanas-nosacijumi","status":"publish","type":"page","link":"https:\/\/invego.lv\/videadazi\/pardosanas-nosacijumi\/","title":{"rendered":"P\u0101rdo\u0161anas nosac\u012bjumi"},"content":{"rendered":"\n<section class=\"sales-information-block\">\n    <div class=\"container\">\n        <div class=\"row gx-xl-7 gx-3 flex-lg-row flex-column justify-content-lg-start justify-content-center\">\n            <div class=\"contacts col d-lg-block d-flex flex-column justify-content-center\">\n                                                        <div class=\"contact d-flex flex-column justify-content-center align-items-center mb-8\">\n                        <img loading=\"lazy\" decoding=\"async\" class=\"image mb-5\" src=\"https:\/\/invego.lv\/videadazi\/wp-content\/uploads\/2024\/11\/Untitled.png\" width=\"464\" height=\"464\" alt=\"\"\/>                        <div class=\"info\"><p style=\"text-align: center;\"><strong>Henrijs Klaids Skuji\u0146\u0161<\/strong><br \/>\nP\u0101rdo\u0161anas mened\u017eeris<br \/>\n<a href=\"mailto:henrijs@invego.lv\">henrijs@invego.lv<\/a><br \/>\n<a href=\"tel:+371 2886 8652\">+371 2886 8652<\/a><br \/>\nLV, EN<\/p>\n<\/div>                    <\/div>\n                                                        <div class=\"contact d-flex flex-column justify-content-center align-items-center mb-8\">\n                        <img loading=\"lazy\" decoding=\"async\" class=\"image mb-5\" src=\"https:\/\/invego.lv\/videadazi\/wp-content\/uploads\/2025\/06\/mask-group-6.png\" width=\"464\" height=\"464\" alt=\"\"\/>                        <div class=\"info\"><p style=\"text-align: center;\"><strong>Valters Man\u010dass<\/strong><br \/>\nP\u0101rdo\u0161anas mened\u017eeris<br \/>\n<a href=\"mailto:valters@invego.lv\">valters@invego.lv<\/a><br \/>\n<a href=\"tel:+371 2929 4936\">+371 2929 4936<\/a><br \/>\nLV, EN, RU<\/p>\n<\/div>                    <\/div>\n                                                        <div class=\"contact d-flex flex-column justify-content-center align-items-center mb-8\">\n                        <img loading=\"lazy\" decoding=\"async\" class=\"image mb-5\" src=\"https:\/\/invego.lv\/videadazi\/wp-content\/uploads\/2025\/12\/mask-group-8.png\" width=\"314\" height=\"321\" alt=\"\"\/>                        <div class=\"info\"><p style=\"text-align: center;\"><strong>Larisa Mat\u0113vi\u010da<br \/>\n<\/strong>P\u0101rdo\u0161anas mened\u017eeris<br \/>\n<a href=\"mailto:larisa@invego.lv\"><span id=\"eeb-173474-906035\">larisa@invego.lv<\/span><\/a><br \/>\n<a href=\"tel:+371 29 135%C2%A0448\">+371 29 135\u00a0448<\/a><br \/>\nLV, EN, RU<\/p>\n<\/div>                    <\/div>\n                            <\/div>\n            \n            <div class=\"content col\"><div class=\"content_text\"><h3>Sazinies:<\/h3>\n<p>Ja v\u0113laties ieg\u0101d\u0101ties k\u0101du no rindu m\u0101j\u0101m, l\u016bdzam sazin\u0101ties ar k\u0101du no projekta p\u0101rdo\u0161anas vad\u012bt\u0101jiem.<\/p>\n<h3>K\u0101 ieg\u0101d\u0101ties:<\/h3>\n<p><strong>1.Solis \u2013 Dz\u012bvok\u013ca rezerv\u0113\u0161ana<\/strong><\/p>\n<p>P\u0113c gal\u012bg\u0101 l\u0113muma pie\u0146em\u0161anas par izv\u0113l\u0113to m\u0101ju ir j\u0101paraksta rezerv\u0101cijas l\u012bgums un klientam j\u0101iemaks\u0101 rezerv\u0101cijas maksa 1500 EUR apm\u0113r\u0101 (rezerv\u0101cijas periods ir 1 m\u0113nesis, rezerv\u0101cijas maksa tiek atmaks\u0101ta tikai gad\u012bjumos, ja kred\u012btiest\u0101de ir atteikusi klientam finans\u0113jumu).<\/p>\n<p><strong>2.Solis \u2013 Pirkuma Priek\u0161l\u012bguma parakst\u012b\u0161ana<\/strong><\/p>\n<p>Kad banka ir apstiprin\u0101jusi kred\u012btu tiek parakst\u012bts Pirkuma Priek\u0161l\u012bgums un klientam j\u0101iemaks\u0101 10% no kop\u0113j\u0101s pirkuma cenas (taj\u0101 iek\u013cauta jau iemaks\u0101t\u0101 rezerv\u0101cijas maksa 1500 eur).<\/p>\n<p><strong>3.Solis \u2013 Pirkuma l\u012bguma parakst\u012b\u0161ana<\/strong><\/p>\n<p>Pirkuma l\u012bgums un Apsaimnieko\u0161anas l\u012bgums tiks parakst\u012bti, kad m\u0101ja b\u016bs gatava, pilnu summu un atbilsto\u0161\u0101s nodevas apmaks\u0101s klients. \u0160aj\u0101 posm\u0101 \u012bpa\u0161ums tiek re\u0123istr\u0113ts Zemesgr\u0101mat\u0101 uz klienta v\u0101rda. Atsl\u0113gas tiek izsniegtas, kad re\u0123istr\u0101cija Zemesgr\u0101mat\u0101 ir finaliz\u0113ta un P\u0101rdev\u0113js ir sa\u0146\u0113mis pilnu pirkuma maksu.<\/p>\n<h3>L\u012bguma cen\u0101 iek\u013cauta:<\/h3>\n<ul>\n<li>dz\u012bvok\u013ca piln\u012bga pabeig\u0161ana saska\u0146\u0101 ar projekta dokument\u0101ciju;<\/li>\n<li>maksa par in\u017eeniert\u012bklu (\u016bdens, elektr\u012bba, kanaliz\u0101cija, apkure, ventil\u0101cija) izb\u016bvi un piesl\u0113gumu tiem;<\/li>\n<li>individu\u0101la un \u0101tra komunik\u0101cija ar klientu;<\/li>\n<li>st\u0101vvieta<\/li>\n<\/ul>\n<p>Autost\u0101vvieta: Iga dz\u012bvoklim ir divas st\u0101vvietas m\u0101jas priek\u0161\u0101.<\/p>\n<h3>L\u012bguma cen\u0101 nav iek\u013cauta:<\/h3>\n<ul>\n<li>notari\u0101l\u0101s nodevas un valsts nodeva par pirkuma l\u012bguma nosl\u0113g\u0161anu (maks\u0101 pirc\u0113js);<\/li>\n<li>piesl\u0113guma maksa par datu sakariem, kabe\u013ctelev\u012bziju, telefona sakariem un dro\u0161\u012bbu.<\/li>\n<\/ul>\n<\/div>\n                            <div class=\"bank-links-wrap\">\n                    <div class=\"info-title mt-lg-96 mt-40\"><h3>Bankas inform\u0101cija<\/h3>\n<p>Jauna m\u0101jok\u013ca ieg\u0101de \u0161odien ar bankas finans\u0113jumu.<\/p>\n<p>Banka pied\u0101v\u0101s m\u0101jok\u013cu kred\u012btus visiem m\u016bsu projektiem \u0161\u0101d\u0101 veid\u0101:<\/p>\n<ul>\n<li>Klients pieprasa mums cenas pied\u0101v\u0101jumu izv\u0113l\u0113tajam jaunajam m\u0101joklim un piesak\u0101s bankas kred\u012btam caur bankas saiti kop\u0101 ar jaun\u0101 m\u0101jok\u013ca pied\u0101v\u0101jumu.<\/li>\n<li>Banka izsniedz kred\u012bta pied\u0101v\u0101jumu klientam, kas b\u016bs der\u012bgs 18 m\u0113ne\u0161us \u2013 pietiekams laiks, lai m\u0101joklis b\u016btu gatavs.<\/li>\n<li>Papildus banka un klients var parakst\u012bt m\u0101jok\u013ca kred\u012bta l\u012bgumu \u0161odien, lai nodro\u0161in\u0101tu m\u0101jok\u013ca kred\u012btu l\u012bdz 18 m\u0113ne\u0161u periodam.<\/li>\n<li>Kad dz\u012bvoklis\/m\u0101ja ir gatava, tiks parakst\u012bts pirkuma l\u012bgums, un klients sa\u0146ems gatavo m\u0101ju, bet banka izsniegs kred\u012btu.<\/li>\n<\/ul>\n<p>&nbsp;<\/p>\n<p><strong>JAUT\u0100JIET PAR M\u0100JOK\u013bA KRED\u012aTU PIED\u0100V\u0100JUMIEM NO M\u016aSU PARTNERIEM:<\/strong><\/p>\n<\/div>                    <div class=\"bank-links mt-lg-24 mt-36 row gy-16\">\n                                                                                <div class=\"bank-item col-12 d-flex align-items-start justify-content-start\">\n                                <a class=\"bank-link d-inline-block\" href=\"https:\/\/www.seb.lv\/\" target=\"_blank\">\n                                    <img loading=\"lazy\" decoding=\"async\" class=\"w-100 h-100\" src=\"https:\/\/invego.lv\/videadazi\/wp-content\/uploads\/2024\/11\/Bitmap.png\" width=\"61\" height=\"33\" alt=\"\" \/>\n                                <\/a>\n                            <\/div>\n                                                                                <div class=\"bank-item col-12 d-flex align-items-start justify-content-start\">\n                                <a class=\"bank-link d-inline-block\" href=\"https:\/\/www.citadele.lv\/lv\/private\/\" target=\"_blank\">\n                                    <img loading=\"lazy\" decoding=\"async\" class=\"w-100 h-100\" src=\"https:\/\/invego.lv\/videadazi\/wp-content\/uploads\/2024\/11\/Layer_1.png\" width=\"104\" height=\"52\" alt=\"\" \/>\n                                <\/a>\n                            <\/div>\n                                                                                <div class=\"bank-item col-12 d-flex align-items-start justify-content-start\">\n                                <a class=\"bank-link d-inline-block\" href=\"https:\/\/luminor.lv\/\" target=\"_blank\">\n                                    <img loading=\"lazy\" decoding=\"async\" class=\"w-100 h-100\" src=\"https:\/\/invego.lv\/videadazi\/wp-content\/uploads\/2024\/11\/image-8.png\" width=\"130\" height=\"44\" alt=\"\" \/>\n                                <\/a>\n                            <\/div>\n                                                                                <div class=\"bank-item col-12 d-flex align-items-start justify-content-start\">\n                                <a class=\"bank-link d-inline-block\" href=\"https:\/\/www.bigbank.lv\/\" target=\"_blank\">\n                                    <img loading=\"lazy\" decoding=\"async\" class=\"w-100 h-100\" src=\"https:\/\/invego.lv\/videadazi\/wp-content\/uploads\/2024\/11\/Bigbank.png\" width=\"115\" height=\"33\" alt=\"\" \/>\n                                <\/a>\n                            <\/div>\n                                                                                <div class=\"bank-item col-12 d-flex align-items-start justify-content-start\">\n                                <a class=\"bank-link d-inline-block\" href=\"https:\/\/www.swedbank.lv\/private\" target=\"_blank\">\n                                    <img loading=\"lazy\" decoding=\"async\" class=\"w-100 h-100\" src=\"https:\/\/invego.lv\/videadazi\/wp-content\/uploads\/2024\/11\/swedbank.png\" width=\"144\" height=\"31\" alt=\"\" \/>\n                                <\/a>\n                            <\/div>\n                                            <\/div>\n                <\/div>\n            \n            <\/div>        <\/div>\n    <\/div>\n<\/section>\n\n\n<section class=\"gallery-slider-block\">\n    <div class=\"container-fluid px-0\">\n        <div class=\"gallery_swiper_wrapper\">\n            <div class=\"gallery-slider swiper-slider w100 h100\">\n                <div class=\"swiper-wrapper w100 h100\">\n                                                                    <div class=\"image swiper-slide h100 bg-center no-lazy\" style=\"background-image: url('https:\/\/invego.lv\/videadazi\/wp-content\/uploads\/2023\/05\/05-1.jpg');\"><\/div>\n                                                                    <div class=\"image swiper-slide h100 bg-center no-lazy\" style=\"background-image: url('https:\/\/invego.lv\/videadazi\/wp-content\/uploads\/2023\/05\/01-2.jpg');\"><\/div>\n                                                                    <div class=\"image swiper-slide h100 bg-center no-lazy\" style=\"background-image: url('https:\/\/invego.lv\/videadazi\/wp-content\/uploads\/2023\/05\/02-1.jpg');\"><\/div>\n                                                                    <div class=\"image swiper-slide h100 bg-center no-lazy\" style=\"background-image: url('https:\/\/invego.lv\/videadazi\/wp-content\/uploads\/2023\/05\/03-1.jpg');\"><\/div>\n                                                                    <div class=\"image swiper-slide h100 bg-center no-lazy\" style=\"background-image: url('https:\/\/invego.lv\/videadazi\/wp-content\/uploads\/2023\/05\/04-1.jpg');\"><\/div>\n                                    <\/div>\n            <\/div>\n            <div class=\"swiper-prev\"><\/div>\n            <div class=\"swiper-next\"><\/div>\n        <\/div>\n    <\/div>\n<\/section>","protected":false},"excerpt":{"rendered":"","protected":false},"author":1,"featured_media":0,"parent":0,"menu_order":0,"comment_status":"closed","ping_status":"closed","template":"","meta":{"_acf_changed":false,"footnotes":""},"class_list":["post-911","page","type-page","status-publish","hentry"],"acf":[],"yoast_head":"<!-- This site is optimized with the Yoast SEO plugin v25.0 - https:\/\/yoast.com\/wordpress\/plugins\/seo\/ -->\n<title>P\u0101rdo\u0161anas nosac\u012bjumi - Adazi<\/title>\n<meta name=\"robots\" content=\"index, follow, max-snippet:-1, max-image-preview:large, max-video-preview:-1\" \/>\n<link rel=\"canonical\" href=\"https:\/\/invego.lv\/videadazi\/pardosanas-nosacijumi\/\" \/>\n<meta property=\"og:locale\" content=\"lv_LV\" \/>\n<meta property=\"og:type\" content=\"article\" \/>\n<meta property=\"og:title\" content=\"P\u0101rdo\u0161anas nosac\u012bjumi - Adazi\" \/>\n<meta property=\"og:url\" content=\"https:\/\/invego.lv\/videadazi\/pardosanas-nosacijumi\/\" \/>\n<meta property=\"og:site_name\" content=\"Adazi\" \/>\n<meta property=\"article:modified_time\" content=\"2026-01-06T09:36:16+00:00\" \/>\n<meta property=\"og:image\" content=\"https:\/\/invego.lv\/videadazi\/wp-content\/uploads\/2025\/11\/share_picture-min.png\" \/>\n\t<meta property=\"og:image:width\" content=\"1200\" \/>\n\t<meta property=\"og:image:height\" content=\"675\" \/>\n\t<meta property=\"og:image:type\" content=\"image\/png\" \/>\n<meta name=\"twitter:card\" content=\"summary_large_image\" \/>\n<script type=\"application\/ld+json\" class=\"yoast-schema-graph\">{\"@context\":\"https:\/\/schema.org\",\"@graph\":[{\"@type\":\"WebPage\",\"@id\":\"https:\/\/invego.lv\/videadazi\/pardosanas-nosacijumi\/\",\"url\":\"https:\/\/invego.lv\/videadazi\/pardosanas-nosacijumi\/\",\"name\":\"P\u0101rdo\u0161anas nosac\u012bjumi - Adazi\",\"isPartOf\":{\"@id\":\"https:\/\/invego.lv\/videadazi\/#website\"},\"datePublished\":\"2023-05-01T13:38:47+00:00\",\"dateModified\":\"2026-01-06T09:36:16+00:00\",\"breadcrumb\":{\"@id\":\"https:\/\/invego.lv\/videadazi\/pardosanas-nosacijumi\/#breadcrumb\"},\"inLanguage\":\"lv-LV\",\"potentialAction\":[{\"@type\":\"ReadAction\",\"target\":[\"https:\/\/invego.lv\/videadazi\/pardosanas-nosacijumi\/\"]}]},{\"@type\":\"BreadcrumbList\",\"@id\":\"https:\/\/invego.lv\/videadazi\/pardosanas-nosacijumi\/#breadcrumb\",\"itemListElement\":[{\"@type\":\"ListItem\",\"position\":1,\"name\":\"Home\",\"item\":\"https:\/\/invego.lv\/videadazi\/\"},{\"@type\":\"ListItem\",\"position\":2,\"name\":\"P\u0101rdo\u0161anas nosac\u012bjumi\"}]},{\"@type\":\"WebSite\",\"@id\":\"https:\/\/invego.lv\/videadazi\/#website\",\"url\":\"https:\/\/invego.lv\/videadazi\/\",\"name\":\"Vide Adazi\",\"description\":\"Adazi, it\u2019s a good place to live. Inside out.\",\"publisher\":{\"@id\":\"https:\/\/invego.lv\/videadazi\/#organization\"},\"potentialAction\":[{\"@type\":\"SearchAction\",\"target\":{\"@type\":\"EntryPoint\",\"urlTemplate\":\"https:\/\/invego.lv\/videadazi\/?s={search_term_string}\"},\"query-input\":{\"@type\":\"PropertyValueSpecification\",\"valueRequired\":true,\"valueName\":\"search_term_string\"}}],\"inLanguage\":\"lv-LV\"},{\"@type\":\"Organization\",\"@id\":\"https:\/\/invego.lv\/videadazi\/#organization\",\"name\":\"Vide Adazi\",\"url\":\"https:\/\/invego.lv\/videadazi\/\",\"logo\":{\"@type\":\"ImageObject\",\"inLanguage\":\"lv-LV\",\"@id\":\"https:\/\/invego.lv\/videadazi\/#\/schema\/logo\/image\/\",\"url\":\"https:\/\/invego.lv\/videadazi\/wp-content\/uploads\/2024\/06\/Group-2690.svg\",\"contentUrl\":\"https:\/\/invego.lv\/videadazi\/wp-content\/uploads\/2024\/06\/Group-2690.svg\",\"width\":190,\"height\":116,\"caption\":\"Vide Adazi\"},\"image\":{\"@id\":\"https:\/\/invego.lv\/videadazi\/#\/schema\/logo\/image\/\"}}]}<\/script>\n<!-- \/ Yoast SEO plugin. -->","yoast_head_json":{"title":"P\u0101rdo\u0161anas nosac\u012bjumi - Adazi","robots":{"index":"index","follow":"follow","max-snippet":"max-snippet:-1","max-image-preview":"max-image-preview:large","max-video-preview":"max-video-preview:-1"},"canonical":"https:\/\/invego.lv\/videadazi\/pardosanas-nosacijumi\/","og_locale":"lv_LV","og_type":"article","og_title":"P\u0101rdo\u0161anas nosac\u012bjumi - Adazi","og_url":"https:\/\/invego.lv\/videadazi\/pardosanas-nosacijumi\/","og_site_name":"Adazi","article_modified_time":"2026-01-06T09:36:16+00:00","og_image":[{"width":1200,"height":675,"url":"https:\/\/invego.lv\/videadazi\/wp-content\/uploads\/2025\/11\/share_picture-min.png","type":"image\/png"}],"twitter_card":"summary_large_image","schema":{"@context":"https:\/\/schema.org","@graph":[{"@type":"WebPage","@id":"https:\/\/invego.lv\/videadazi\/pardosanas-nosacijumi\/","url":"https:\/\/invego.lv\/videadazi\/pardosanas-nosacijumi\/","name":"P\u0101rdo\u0161anas nosac\u012bjumi - Adazi","isPartOf":{"@id":"https:\/\/invego.lv\/videadazi\/#website"},"datePublished":"2023-05-01T13:38:47+00:00","dateModified":"2026-01-06T09:36:16+00:00","breadcrumb":{"@id":"https:\/\/invego.lv\/videadazi\/pardosanas-nosacijumi\/#breadcrumb"},"inLanguage":"lv-LV","potentialAction":[{"@type":"ReadAction","target":["https:\/\/invego.lv\/videadazi\/pardosanas-nosacijumi\/"]}]},{"@type":"BreadcrumbList","@id":"https:\/\/invego.lv\/videadazi\/pardosanas-nosacijumi\/#breadcrumb","itemListElement":[{"@type":"ListItem","position":1,"name":"Home","item":"https:\/\/invego.lv\/videadazi\/"},{"@type":"ListItem","position":2,"name":"P\u0101rdo\u0161anas nosac\u012bjumi"}]},{"@type":"WebSite","@id":"https:\/\/invego.lv\/videadazi\/#website","url":"https:\/\/invego.lv\/videadazi\/","name":"Vide Adazi","description":"Adazi, it\u2019s a good place to live. Inside out.","publisher":{"@id":"https:\/\/invego.lv\/videadazi\/#organization"},"potentialAction":[{"@type":"SearchAction","target":{"@type":"EntryPoint","urlTemplate":"https:\/\/invego.lv\/videadazi\/?s={search_term_string}"},"query-input":{"@type":"PropertyValueSpecification","valueRequired":true,"valueName":"search_term_string"}}],"inLanguage":"lv-LV"},{"@type":"Organization","@id":"https:\/\/invego.lv\/videadazi\/#organization","name":"Vide Adazi","url":"https:\/\/invego.lv\/videadazi\/","logo":{"@type":"ImageObject","inLanguage":"lv-LV","@id":"https:\/\/invego.lv\/videadazi\/#\/schema\/logo\/image\/","url":"https:\/\/invego.lv\/videadazi\/wp-content\/uploads\/2024\/06\/Group-2690.svg","contentUrl":"https:\/\/invego.lv\/videadazi\/wp-content\/uploads\/2024\/06\/Group-2690.svg","width":190,"height":116,"caption":"Vide Adazi"},"image":{"@id":"https:\/\/invego.lv\/videadazi\/#\/schema\/logo\/image\/"}}]}},"_links":{"self":[{"href":"https:\/\/invego.lv\/videadazi\/wp-json\/wp\/v2\/pages\/911","targetHints":{"allow":["GET"]}}],"collection":[{"href":"https:\/\/invego.lv\/videadazi\/wp-json\/wp\/v2\/pages"}],"about":[{"href":"https:\/\/invego.lv\/videadazi\/wp-json\/wp\/v2\/types\/page"}],"author":[{"embeddable":true,"href":"https:\/\/invego.lv\/videadazi\/wp-json\/wp\/v2\/users\/1"}],"replies":[{"embeddable":true,"href":"https:\/\/invego.lv\/videadazi\/wp-json\/wp\/v2\/comments?post=911"}],"version-history":[{"count":43,"href":"https:\/\/invego.lv\/videadazi\/wp-json\/wp\/v2\/pages\/911\/revisions"}],"predecessor-version":[{"id":3204,"href":"https:\/\/invego.lv\/videadazi\/wp-json\/wp\/v2\/pages\/911\/revisions\/3204"}],"wp:attachment":[{"href":"https:\/\/invego.lv\/videadazi\/wp-json\/wp\/v2\/media?parent=911"}],"curies":[{"name":"wp","href":"https:\/\/api.w.org\/{rel}","templated":true}]}}