{"id":607,"date":"2024-09-02T16:54:14","date_gmt":"2024-09-02T13:54:14","guid":{"rendered":"https:\/\/invego.lv\/vitolu\/pardosanas-noteikumi\/"},"modified":"2025-12-31T10:51:38","modified_gmt":"2025-12-31T07:51:38","slug":"pardosanas-noteikumi","status":"publish","type":"page","link":"https:\/\/invego.lv\/vitolu\/pardosanas-noteikumi\/","title":{"rendered":"P\u0101rdo\u0161anas noteikumi"},"content":{"rendered":"\n<section class=\"terms-of-sale-block pt-lg-42 pb-lg-96 pb-40\" data-bg-class=\"bg-white\">\n    <div class=\"container px-lg-96\">\n        <div class=\"row gx-lg-96\">\n            <div class=\"block-content-wrap col col-lg-8 col-12\">\n                <h1 class=\"mb-24 d-lg-block d-none title\">Dz\u012bvok\u013ca <br>ieg\u0101de<\/h1>                <div class=\"block-content\"><p><strong>1. SOLIS: DZ\u012aVOK\u013bA REZERV\u0112\u0160ANA<\/strong><\/p>\n<p>P\u0113c l\u0113muma pie\u0146em\u0161anas par izv\u0113l\u0113t\u0101 dz\u012bvok\u013ca ieg\u0101di ir j\u0101paraksta Rezerv\u0101cijas l\u012bgums un klientam j\u0101iemaks\u0101 rezerv\u0101cijas maksa 2500 eiro apm\u0113r\u0101. Rezerv\u0101cijas periods ir 30 dienas, rezerv\u0101cijas maksa tiks atmaks\u0101ta, ja \u0161aj\u0101 termi\u0146\u0101 netiks parakst\u012bts Pirkuma priek\u0161l\u012bgums.<\/p>\n<p><strong>2.SOLIS \u2013 PIRKUMA PRIEK\u0160L\u012aGUMA PARAKST\u012a\u0160ANA<\/strong><\/p>\n<p>30 dienu laik\u0101 nepiecie\u0161ams parakst\u012bt Pirkuma priek\u0161l\u012bgumu un samaks\u0101t 15% no dz\u012bvok\u013ca kop\u0113j\u0101s cenas (\u0161aj\u0101 summ\u0101 tiks iek\u013cauta iemaks\u0101t\u0101 rezerv\u0101cijas maksa 2500 eiro apm\u0113r\u0101).<br \/>\n* % apm\u0113rs var at\u0161\u0137irties, ja tiek izmantota Altum programma.<\/p>\n<p><strong>3.SOLIS \u2013 PIRKUMA L\u012aGUMA PARAKST\u012a\u0160ANA<\/strong><\/p>\n<p>Pirkuma l\u012bgums un Apsaimnieko\u0161anas l\u012bgums tiks parakst\u012bti, kad dz\u012bvoklis b\u016bs gatavs. Klientam b\u016bs j\u0101samaks\u0101 atlikus\u012b summa un attiec\u012bg\u0101s nodevas, un dz\u012bvoklis tiks re\u0123istr\u0113ts Zemesgr\u0101mat\u0101 uz klienta v\u0101rda. Atsl\u0113gas tiks izsniegtas, kad re\u0123istr\u0101cija Zemesgr\u0101mat\u0101 tiks pabeigta.<\/p>\n<p><strong>L\u012aGUMA CEN\u0100 IEK\u013bAUTA<\/strong><\/p>\n<ul>\n<li>dz\u012bvok\u013ca piln\u012bga pabeig\u0161ana saska\u0146\u0101 ar projekta dokument\u0101ciju;<\/li>\n<li>maksa par in\u017eeniert\u012bklu (\u016bdens, elektr\u012bba, kanaliz\u0101cija, apkure, ventil\u0101cija) izb\u016bvi un piesl\u0113gumu tiem;<\/li>\n<li>individu\u0101la un \u0101tra komunik\u0101cija ar klientu.<\/li>\n<\/ul>\n<p><strong>L\u012aGUMA CEN\u0100 NAV IEK\u013bAUTA<\/strong><\/p>\n<ul>\n<li>st\u0101vvieta, noliktava;<\/li>\n<li>notari\u0101l\u0101s nodevas un valsts nodeva par pirkuma l\u012bguma nosl\u0113g\u0161anu (maks\u0101 pirc\u0113js);<\/li>\n<li>piesl\u0113guma maksa par datu sakariem, kabe\u013ctelev\u012bziju, telefona sakariem un dro\u0161\u012bbu.<\/li>\n<\/ul>\n<p>AUTOST\u0100VVIETA<\/p>\n<p>Vietu skaits autost\u0101vviet\u0101 ir ierobe\u017eots. Tr\u012bs un \u010detru istabu dz\u012bvok\u013cu \u012bpa\u0161niekiem ir rezerv\u0113ta viena vieta. Vietas cena ir 7 900 &#8211; 9 900 eiro, un vietas tiks numur\u0113tas atbilsto\u0161i to \u012bpa\u0161niekiem.<\/p>\n<p>MANTU GLAB\u0100TUVES<\/p>\n<p data-renderer-start-pos=\"2802\">Mantu glab\u0101tuvju skaits ir ierobe\u017eots un t\u0101s b\u016bs iesp\u0113ja ieg\u0101d\u0101ties par papildus maksu 6 900 eiro atkar\u012bb\u0101 no lieluma.<\/p>\n<\/div>                                    <div class=\"bank-links-wrap\">\n                        <div class=\"info-title mt-lg-96 mt-40\"><p><strong>BANKAS INFORM\u0100CIJA<\/strong><\/p>\n<p>Jauna m\u0101jok\u013ca ieg\u0101de \u0161odien ar bankas finans\u0113jumu.<\/p>\n<p>Banka pied\u0101v\u0101s m\u0101jok\u013cu kred\u012btus visiem m\u016bsu projektiem \u0161\u0101d\u0101 veid\u0101:<\/p>\n<ul>\n<li>Klients pieprasa mums cenas pied\u0101v\u0101jumu izv\u0113l\u0113tajam jaunajam m\u0101joklim un piesak\u0101s bankas kred\u012btam caur bankas saiti kop\u0101 ar jaun\u0101 m\u0101jok\u013ca pied\u0101v\u0101jumu.<\/li>\n<li>Banka izsniedz kred\u012bta pied\u0101v\u0101jumu klientam, kas b\u016bs der\u012bgs 18 m\u0113ne\u0161us \u2013 pietiekams laiks, lai m\u0101joklis b\u016btu gatavs.<\/li>\n<li>Papildus banka un klients var parakst\u012bt m\u0101jok\u013ca kred\u012bta l\u012bgumu \u0161odien, lai nodro\u0161in\u0101tu m\u0101jok\u013ca kred\u012btu l\u012bdz 18 m\u0113ne\u0161u periodam.<\/li>\n<li>Kad dz\u012bvoklis\/m\u0101ja ir gatava, tiks parakst\u012bts pirkuma l\u012bgums, un klients sa\u0146ems gatavo m\u0101ju, bet banka izsniegs kred\u012btu.<\/li>\n<\/ul>\n<p>&nbsp;<\/p>\n<p><strong>JAUT\u0100JIET PAR M\u0100JOK\u013bA KRED\u012aTU PIED\u0100V\u0100JUMIEM NO M\u016aSU PARTNERIEM:<\/strong><\/p>\n<\/div>                        <div class=\"bank-links mt-lg-24 mt-36 row gy-lg-8 gy-16\">\n                                                                                            <div class=\"col-12 d-flex align-items-start justify-content-start\">\n                                    <a class=\"bank-link d-inline-block\" href=\"https:\/\/www.seb.lv\/\" target=\"_blank\" rel=\"noopener\">\n                                        <img decoding=\"async\" class=\"w-100 h-100\" src=\"https:\/\/invego.lv\/vitolu\/wp-content\/uploads\/2024\/09\/Bitmap.png\" width=\"61\" height=\"33\" alt=\"\" \/>\n                                    <\/a>\n                                <\/div>\n                                                                                            <div class=\"col-12 d-flex align-items-start justify-content-start\">\n                                    <a class=\"bank-link d-inline-block\" href=\"https:\/\/www.citadele.lv\/lv\/private\/\" target=\"_blank\" rel=\"noopener\">\n                                        <img decoding=\"async\" class=\"w-100 h-100\" src=\"https:\/\/invego.lv\/vitolu\/wp-content\/uploads\/2024\/09\/Layer_1.png\" width=\"104\" height=\"52\" alt=\"\" \/>\n                                    <\/a>\n                                <\/div>\n                                                                                            <div class=\"col-12 d-flex align-items-start justify-content-start\">\n                                    <a class=\"bank-link d-inline-block\" href=\"https:\/\/luminor.lv\/\" target=\"_blank\" rel=\"noopener\">\n                                        <img decoding=\"async\" class=\"w-100 h-100\" src=\"https:\/\/invego.lv\/vitolu\/wp-content\/uploads\/2024\/09\/image-8.png\" width=\"130\" height=\"44\" alt=\"\" \/>\n                                    <\/a>\n                                <\/div>\n                                                                                            <div class=\"col-12 d-flex align-items-start justify-content-start\">\n                                    <a class=\"bank-link d-inline-block\" href=\"https:\/\/www.bigbank.lv\/\" target=\"_blank\" rel=\"noopener\">\n                                        <img decoding=\"async\" class=\"w-100 h-100\" src=\"https:\/\/invego.lv\/vitolu\/wp-content\/uploads\/2024\/09\/Bigbank.png\" width=\"115\" height=\"33\" alt=\"\" \/>\n                                    <\/a>\n                                <\/div>\n                                                                                            <div class=\"col-12 d-flex align-items-start justify-content-start\">\n                                    <a class=\"bank-link d-inline-block\" href=\"https:\/\/www.swedbank.lv\/private\" target=\"_blank\" rel=\"noopener\">\n                                        <img decoding=\"async\" class=\"w-100 h-100\" src=\"https:\/\/invego.lv\/vitolu\/wp-content\/uploads\/2024\/09\/swedbank.png\" width=\"144\" height=\"31\" alt=\"\" \/>\n                                    <\/a>\n                                <\/div>\n                                                    <\/div>\n                    <\/div>\n                                \n            <\/div>\n            <div class=\"right-content-outside d-lg-none d-block col col-lg-4 col-12 pb-lg-24 pb-40\">\n                <h1 class=\"d-lg-none d-block text-center mb-lg-18 mb-40\">Dz\u012bvok\u013ca <br>ieg\u0101de<\/h1>                <div class=\"right-content-wrap d-flex flex-column align-items-center pt-lg-42\">\n                                            <div class=\"contact-image rounded-circle px-8 py-8 mt-lg-42 mb-lg-16 mb-20 fade-in-up\">\n                            <img decoding=\"async\" class=\"w-100 h-100 rounded-circle\" src=\"https:\/\/invego.lv\/vitolu\/wp-content\/uploads\/2025\/07\/40_invego_2-scaled.jpg\" width=\"2560\" height=\"2560\" alt=\"\" \/>\n                        <\/div>\n                    \n                    <div class=\"contact-info text-center\"><h4>Henrijs<br \/>\nKlaids<br \/>\nSkuji\u0146\u0161<\/h4>\n<p><a href=\"tel:+371 2886 8652\">+371 2886 8652<\/a><br \/>\n<a href=\"mailto:henrijs@invego.lv\">henrijs@invego.lv<\/a><br \/>\nLV, EN<\/p>\n<\/div>                \n                                    <\/div>\n                <div class=\"right-content-wrap d-flex flex-column align-items-center pt-lg-42\">\n                                            <div class=\"contact-image rounded-circle px-8 py-8 mt-lg-42 mb-lg-16 mb-20 fade-in-up\">\n                            <img decoding=\"async\" class=\"w-100 h-100 rounded-circle\" src=\"https:\/\/invego.lv\/vitolu\/wp-content\/uploads\/2025\/06\/979cf07f70b2bfb8896168ae42fb5a950de19ae8-1-1.jpg\" width=\"1477\" height=\"1477\" alt=\"\" \/>\n                        <\/div>\n                    \n                    <div class=\"contact-info text-center\"><h4>Valters<br \/>\nMan\u010dass<\/h4>\n<p><a href=\"tel:+371 2929 4936\">+371 2929 4936<\/a><br \/>\n<a href=\"mailto:valters@invego.lv\">valters@invego.lv<\/a><br \/>\nLV, EN, RU<\/p>\n<\/div>                \n                                    <\/div>\n                <div class=\"right-content-wrap d-flex flex-column align-items-center pt-lg-42\">\n                                            <div class=\"contact-image rounded-circle px-8 py-8 mt-lg-42 mb-lg-16 mb-20 fade-in-up\">\n                            <img decoding=\"async\" class=\"w-100 h-100 rounded-circle\" src=\"https:\/\/invego.lv\/vitolu\/wp-content\/uploads\/2025\/12\/bd7a7380-1-1.png\" width=\"441\" height=\"441\" alt=\"\" \/>\n                        <\/div>\n                    \n                    <div class=\"contact-info text-center\"><h4>Larisa<br \/>\nMat\u0113vi\u010da<\/h4>\n<p><a href=\"tel:+371 29 135 448\">+371 29 135 448<\/a><br \/>\n<a href=\"mailto:larisa@invego.lv\">larisa@invego.lv<\/a><br \/>\nLV, EN, RU<\/p>\n<\/div>                \n                                    <\/div>\n            <\/div>\n        <\/div>\n    <\/div>\n\n    <div class=\"right-content-outside desktop d-lg-flex flex-column align-items-start d-none\">\n        <h1 class=\"d-lg-none d-block text-center mb-lg-18 mb-40\">Dz\u012bvok\u013ca <br>ieg\u0101de<\/h1>        <div class=\"right-content-wrap d-flex flex-column align-items-center pt-lg-42\">\n                            <div class=\"contact-image rounded-circle px-8 py-8 mt-lg-42 mb-lg-16 mb-20 fade-in-up\">\n                    <img decoding=\"async\" class=\"w-100 h-100 rounded-circle\" src=\"https:\/\/invego.lv\/vitolu\/wp-content\/uploads\/2025\/07\/40_invego_2-scaled.jpg\" width=\"2560\" height=\"2560\" alt=\"\" \/>\n                <\/div>\n            \n            <div class=\"contact-info text-center\"><h4>Henrijs<br \/>\nKlaids<br \/>\nSkuji\u0146\u0161<\/h4>\n<p><a href=\"tel:+371 2886 8652\">+371 2886 8652<\/a><br \/>\n<a href=\"mailto:henrijs@invego.lv\">henrijs@invego.lv<\/a><br \/>\nLV, EN<\/p>\n<\/div>        \n                    <\/div>\n        <div class=\"right-content-wrap d-flex flex-column align-items-center pt-lg-42\">\n                            <div class=\"contact-image rounded-circle px-8 py-8 mt-lg-42 mb-lg-16 mb-20 fade-in-up\">\n                    <img decoding=\"async\" class=\"w-100 h-100 rounded-circle\" src=\"https:\/\/invego.lv\/vitolu\/wp-content\/uploads\/2025\/06\/979cf07f70b2bfb8896168ae42fb5a950de19ae8-1-1.jpg\" width=\"1477\" height=\"1477\" alt=\"\" \/>\n                <\/div>\n            \n            <div class=\"contact-info text-center\"><h4>Valters<br \/>\nMan\u010dass<\/h4>\n<p><a href=\"tel:+371 2929 4936\">+371 2929 4936<\/a><br \/>\n<a href=\"mailto:valters@invego.lv\">valters@invego.lv<\/a><br \/>\nLV, EN, RU<\/p>\n<\/div>        \n                    <\/div>\n        <div class=\"right-content-wrap d-flex flex-column align-items-center pt-lg-42\">\n                            <div class=\"contact-image rounded-circle px-8 py-8 mt-lg-42 mb-lg-16 mb-20 fade-in-up\">\n                    <img decoding=\"async\" class=\"w-100 h-100 rounded-circle\" src=\"https:\/\/invego.lv\/vitolu\/wp-content\/uploads\/2025\/12\/bd7a7380-1-1.png\" width=\"441\" height=\"441\" alt=\"\" \/>\n                <\/div>\n            \n            <div class=\"contact-info text-center\"><h4>Larisa<br \/>\nMat\u0113vi\u010da<\/h4>\n<p><a href=\"tel:+371 29 135 448\">+371 29 135 448<\/a><br \/>\n<a href=\"mailto:larisa@invego.lv\">larisa@invego.lv<\/a><br \/>\nLV, EN, RU<\/p>\n<\/div>        \n                    <\/div>\n        <div class=\"side-element d-none d-lg-block\">\n            <img decoding=\"async\" src=\"https:\/\/invego.lv\/vitolu\/wp-content\/themes\/vitoluparks\/images\/Graafika.png\" alt=\"\">\n        <\/div>\n    <\/div>\n\n<\/section>","protected":false},"excerpt":{"rendered":"","protected":false},"author":1,"featured_media":0,"parent":0,"menu_order":0,"comment_status":"closed","ping_status":"closed","template":"","meta":{"_acf_changed":false,"footnotes":""},"class_list":["post-607","page","type-page","status-publish","hentry"],"acf":[],"rankMath":{"parentDomain":"invego.lv","noFollowDomains":[],"noFollowExcludeDomains":[],"noFollowExternalLinks":false,"featuredImageNotice":"The featured image should be at least 200 by 200 pixels to be picked up by Facebook and other social media sites.","pluginReviewed":false,"postSettings":{"linkSuggestions":true,"useFocusKeyword":false},"frontEndScore":false,"postName":"pardosanas-noteikumi","permalinkFormat":"https:\/\/invego.lv\/vitolu\/%pagename%\/","showLockModifiedDate":true,"assessor":{"focusKeywordLink":"https:\/\/invego.lv\/vitolu\/wp-admin\/edit.php?focus_keyword=%focus_keyword%&post_type=%post_type%","hasTOCPlugin":false,"primaryTaxonomy":false,"serpData":{"title":"","description":"","focusKeywords":"","pillarContent":false,"canonicalUrl":"","breadcrumbTitle":"","advancedRobots":[],"facebookTitle":"","facebookDescription":"","facebookImage":"","facebookImageID":"","facebookHasOverlay":false,"facebookImageOverlay":"","facebookAuthor":"","twitterCardType":"","twitterUseFacebook":true,"twitterTitle":"","twitterDescription":"","twitterImage":"","twitterImageID":"","twitterHasOverlay":false,"twitterImageOverlay":"","twitterPlayerUrl":"","twitterPlayerSize":"","twitterPlayerStream":"","twitterPlayerStreamCtype":"","twitterAppDescription":"","twitterAppIphoneName":"","twitterAppIphoneID":"","twitterAppIphoneUrl":"","twitterAppIpadName":"","twitterAppIpadID":"","twitterAppIpadUrl":"","twitterAppGoogleplayName":"","twitterAppGoogleplayID":"","twitterAppGoogleplayUrl":"","twitterAppCountry":"","robots":{"index":true},"twitterAuthor":"username","primaryTerm":0,"authorName":"Reaktiiv","titleTemplate":"%title% %sep% %sitename%","descriptionTemplate":"%excerpt%","showScoreFrontend":true,"lockModifiedDate":false},"powerWords":[],"diacritics":{"A":"[\\u0041\\u24B6\\uFF21\\u00C0\\u00C1\\u00C2\\u1EA6\\u1EA4\\u1EAA\\u1EA8\\u00C3\\u0100\\u0102\\u1EB0\\u1EAE\\u1EB4\\u1EB2\\u0226\\u01E0\\u00C4\\u01DE\\u1EA2\\u00C5\\u01FA\\u01CD\\u0200\\u0202\\u1EA0\\u1EAC\\u1EB6\\u1E00\\u0104\\u023A\\u2C6F]","AA":"[\\uA732]","AE":"[\\u00C6\\u01FC\\u01E2]","AO":"[\\uA734]","AU":"[\\uA736]","AV":"[\\uA738\\uA73A]","AY":"[\\uA73C]","B":"[\\u0042\\u24B7\\uFF22\\u1E02\\u1E04\\u1E06\\u0243\\u0182\\u0181]","C":"[\\u0043\\u24B8\\uFF23\\u0106\\u0108\\u010A\\u010C\\u00C7\\u1E08\\u0187\\u023B\\uA73E]","D":"[\\u0044\\u24B9\\uFF24\\u1E0A\\u010E\\u1E0C\\u1E10\\u1E12\\u1E0E\\u0110\\u018B\\u018A\\u0189\\uA779]","DZ":"[\\u01F1\\u01C4]","Dz":"[\\u01F2\\u01C5]","E":"[\\u0045\\u24BA\\uFF25\\u00C8\\u00C9\\u00CA\\u1EC0\\u1EBE\\u1EC4\\u1EC2\\u1EBC\\u0112\\u1E14\\u1E16\\u0114\\u0116\\u00CB\\u1EBA\\u011A\\u0204\\u0206\\u1EB8\\u1EC6\\u0228\\u1E1C\\u0118\\u1E18\\u1E1A\\u0190\\u018E]","F":"[\\u0046\\u24BB\\uFF26\\u1E1E\\u0191\\uA77B]","G":"[\\u0047\\u24BC\\uFF27\\u01F4\\u011C\\u1E20\\u011E\\u0120\\u01E6\\u0122\\u01E4\\u0193\\uA7A0\\uA77D\\uA77E]","H":"[\\u0048\\u24BD\\uFF28\\u0124\\u1E22\\u1E26\\u021E\\u1E24\\u1E28\\u1E2A\\u0126\\u2C67\\u2C75\\uA78D]","I":"[\\u0049\\u24BE\\uFF29\\u00CC\\u00CD\\u00CE\\u0128\\u012A\\u012C\\u0130\\u00CF\\u1E2E\\u1EC8\\u01CF\\u0208\\u020A\\u1ECA\\u012E\\u1E2C\\u0197]","J":"[\\u004A\\u24BF\\uFF2A\\u0134\\u0248]","K":"[\\u004B\\u24C0\\uFF2B\\u1E30\\u01E8\\u1E32\\u0136\\u1E34\\u0198\\u2C69\\uA740\\uA742\\uA744\\uA7A2]","L":"[\\u004C\\u24C1\\uFF2C\\u013F\\u0139\\u013D\\u1E36\\u1E38\\u013B\\u1E3C\\u1E3A\\u0141\\u023D\\u2C62\\u2C60\\uA748\\uA746\\uA780]","LJ":"[\\u01C7]","Lj":"[\\u01C8]","M":"[\\u004D\\u24C2\\uFF2D\\u1E3E\\u1E40\\u1E42\\u2C6E\\u019C]","N":"[\\u004E\\u24C3\\uFF2E\\u01F8\\u0143\\u00D1\\u1E44\\u0147\\u1E46\\u0145\\u1E4A\\u1E48\\u0220\\u019D\\uA790\\uA7A4]","NJ":"[\\u01CA]","Nj":"[\\u01CB]","O":"[\\u004F\\u24C4\\uFF2F\\u00D2\\u00D3\\u00D4\\u1ED2\\u1ED0\\u1ED6\\u1ED4\\u00D5\\u1E4C\\u022C\\u1E4E\\u014C\\u1E50\\u1E52\\u014E\\u022E\\u0230\\u00D6\\u022A\\u1ECE\\u0150\\u01D1\\u020C\\u020E\\u01A0\\u1EDC\\u1EDA\\u1EE0\\u1EDE\\u1EE2\\u1ECC\\u1ED8\\u01EA\\u01EC\\u00D8\\u01FE\\u0186\\u019F\\uA74A\\uA74C]","OI":"[\\u01A2]","OO":"[\\uA74E]","OU":"[\\u0222]","P":"[\\u0050\\u24C5\\uFF30\\u1E54\\u1E56\\u01A4\\u2C63\\uA750\\uA752\\uA754]","Q":"[\\u0051\\u24C6\\uFF31\\uA756\\uA758\\u024A]","R":"[\\u0052\\u24C7\\uFF32\\u0154\\u1E58\\u0158\\u0210\\u0212\\u1E5A\\u1E5C\\u0156\\u1E5E\\u024C\\u2C64\\uA75A\\uA7A6\\uA782]","S":"[\\u0053\\u24C8\\uFF33\\u1E9E\\u015A\\u1E64\\u015C\\u1E60\\u0160\\u1E66\\u1E62\\u1E68\\u0218\\u015E\\u2C7E\\uA7A8\\uA784]","T":"[\\u0054\\u24C9\\uFF34\\u1E6A\\u0164\\u1E6C\\u021A\\u0162\\u1E70\\u1E6E\\u0166\\u01AC\\u01AE\\u023E\\uA786]","TZ":"[\\uA728]","U":"[\\u0055\\u24CA\\uFF35\\u00D9\\u00DA\\u00DB\\u0168\\u1E78\\u016A\\u1E7A\\u016C\\u00DC\\u01DB\\u01D7\\u01D5\\u01D9\\u1EE6\\u016E\\u0170\\u01D3\\u0214\\u0216\\u01AF\\u1EEA\\u1EE8\\u1EEE\\u1EEC\\u1EF0\\u1EE4\\u1E72\\u0172\\u1E76\\u1E74\\u0244]","V":"[\\u0056\\u24CB\\uFF36\\u1E7C\\u1E7E\\u01B2\\uA75E\\u0245]","VY":"[\\uA760]","W":"[\\u0057\\u24CC\\uFF37\\u1E80\\u1E82\\u0174\\u1E86\\u1E84\\u1E88\\u2C72]","X":"[\\u0058\\u24CD\\uFF38\\u1E8A\\u1E8C]","Y":"[\\u0059\\u24CE\\uFF39\\u1EF2\\u00DD\\u0176\\u1EF8\\u0232\\u1E8E\\u0178\\u1EF6\\u1EF4\\u01B3\\u024E\\u1EFE]","Z":"[\\u005A\\u24CF\\uFF3A\\u0179\\u1E90\\u017B\\u017D\\u1E92\\u1E94\\u01B5\\u0224\\u2C7F\\u2C6B\\uA762]","a":"[\\u0061\\u24D0\\uFF41\\u1E9A\\u00E0\\u00E1\\u00E2\\u1EA7\\u1EA5\\u1EAB\\u1EA9\\u00E3\\u0101\\u0103\\u1EB1\\u1EAF\\u1EB5\\u1EB3\\u0227\\u01E1\\u00E4\\u01DF\\u1EA3\\u00E5\\u01FB\\u01CE\\u0201\\u0203\\u1EA1\\u1EAD\\u1EB7\\u1E01\\u0105\\u2C65\\u0250]","aa":"[\\uA733]","ae":"[\\u00E6\\u01FD\\u01E3]","ao":"[\\uA735]","au":"[\\uA737]","av":"[\\uA739\\uA73B]","ay":"[\\uA73D]","b":"[\\u0062\\u24D1\\uFF42\\u1E03\\u1E05\\u1E07\\u0180\\u0183\\u0253]","c":"[\\u0063\\u24D2\\uFF43\\u0107\\u0109\\u010B\\u010D\\u00E7\\u1E09\\u0188\\u023C\\uA73F\\u2184]","d":"[\\u0064\\u24D3\\uFF44\\u1E0B\\u010F\\u1E0D\\u1E11\\u1E13\\u1E0F\\u0111\\u018C\\u0256\\u0257\\uA77A]","dz":"[\\u01F3\\u01C6]","e":"[\\u0065\\u24D4\\uFF45\\u00E8\\u00E9\\u00EA\\u1EC1\\u1EBF\\u1EC5\\u1EC3\\u1EBD\\u0113\\u1E15\\u1E17\\u0115\\u0117\\u00EB\\u1EBB\\u011B\\u0205\\u0207\\u1EB9\\u1EC7\\u0229\\u1E1D\\u0119\\u1E19\\u1E1B\\u0247\\u025B\\u01DD]","f":"[\\u0066\\u24D5\\uFF46\\u1E1F\\u0192\\uA77C]","g":"[\\u0067\\u24D6\\uFF47\\u01F5\\u011D\\u1E21\\u011F\\u0121\\u01E7\\u0123\\u01E5\\u0260\\uA7A1\\u1D79\\uA77F]","h":"[\\u0068\\u24D7\\uFF48\\u0125\\u1E23\\u1E27\\u021F\\u1E25\\u1E29\\u1E2B\\u1E96\\u0127\\u2C68\\u2C76\\u0265]","hv":"[\\u0195]","i":"[\\u0069\\u24D8\\uFF49\\u00EC\\u00ED\\u00EE\\u0129\\u012B\\u012D\\u00EF\\u1E2F\\u1EC9\\u01D0\\u0209\\u020B\\u1ECB\\u012F\\u1E2D\\u0268\\u0131]","j":"[\\u006A\\u24D9\\uFF4A\\u0135\\u01F0\\u0249]","k":"[\\u006B\\u24DA\\uFF4B\\u1E31\\u01E9\\u1E33\\u0137\\u1E35\\u0199\\u2C6A\\uA741\\uA743\\uA745\\uA7A3]","l":"[\\u006C\\u24DB\\uFF4C\\u0140\\u013A\\u013E\\u1E37\\u1E39\\u013C\\u1E3D\\u1E3B\\u017F\\u0142\\u019A\\u026B\\u2C61\\uA749\\uA781\\uA747]","lj":"[\\u01C9]","m":"[\\u006D\\u24DC\\uFF4D\\u1E3F\\u1E41\\u1E43\\u0271\\u026F]","n":"[\\u006E\\u24DD\\uFF4E\\u01F9\\u0144\\u00F1\\u1E45\\u0148\\u1E47\\u0146\\u1E4B\\u1E49\\u019E\\u0272\\u0149\\uA791\\uA7A5]","nj":"[\\u01CC]","o":"[\\u006F\\u24DE\\uFF4F\\u00F2\\u00F3\\u00F4\\u1ED3\\u1ED1\\u1ED7\\u1ED5\\u00F5\\u1E4D\\u022D\\u1E4F\\u014D\\u1E51\\u1E53\\u014F\\u022F\\u0231\\u00F6\\u022B\\u1ECF\\u0151\\u01D2\\u020D\\u020F\\u01A1\\u1EDD\\u1EDB\\u1EE1\\u1EDF\\u1EE3\\u1ECD\\u1ED9\\u01EB\\u01ED\\u00F8\\u01FF\\u0254\\uA74B\\uA74D\\u0275]","oi":"[\\u01A3]","ou":"[\\u0223]","oo":"[\\uA74F]","p":"[\\u0070\\u24DF\\uFF50\\u1E55\\u1E57\\u01A5\\u1D7D\\uA751\\uA753\\uA755]","q":"[\\u0071\\u24E0\\uFF51\\u024B\\uA757\\uA759]","r":"[\\u0072\\u24E1\\uFF52\\u0155\\u1E59\\u0159\\u0211\\u0213\\u1E5B\\u1E5D\\u0157\\u1E5F\\u024D\\u027D\\uA75B\\uA7A7\\uA783]","s":"[\\u0073\\u24E2\\uFF53\\u015B\\u1E65\\u015D\\u1E61\\u0161\\u1E67\\u1E63\\u1E69\\u0219\\u015F\\u023F\\uA7A9\\uA785\\u1E9B]","ss":"[\\u00DF]","t":"[\\u0074\\u24E3\\uFF54\\u1E6B\\u1E97\\u0165\\u1E6D\\u021B\\u0163\\u1E71\\u1E6F\\u0167\\u01AD\\u0288\\u2C66\\uA787]","tz":"[\\uA729]","u":"[\\u0075\\u24E4\\uFF55\\u00F9\\u00FA\\u00FB\\u0169\\u1E79\\u016B\\u1E7B\\u016D\\u00FC\\u01DC\\u01D8\\u01D6\\u01DA\\u1EE7\\u016F\\u0171\\u01D4\\u0215\\u0217\\u01B0\\u1EEB\\u1EE9\\u1EEF\\u1EED\\u1EF1\\u1EE5\\u1E73\\u0173\\u1E77\\u1E75\\u0289]","v":"[\\u0076\\u24E5\\uFF56\\u1E7D\\u1E7F\\u028B\\uA75F\\u028C]","vy":"[\\uA761]","w":"[\\u0077\\u24E6\\uFF57\\u1E81\\u1E83\\u0175\\u1E87\\u1E85\\u1E98\\u1E89\\u2C73]","x":"[\\u0078\\u24E7\\uFF58\\u1E8B\\u1E8D]","y":"[\\u0079\\u24E8\\uFF59\\u1EF3\\u00FD\\u0177\\u1EF9\\u0233\\u1E8F\\u00FF\\u1EF7\\u1E99\\u1EF5\\u01B4\\u024F\\u1EFF]","z":"[\\u007A\\u24E9\\uFF5A\\u017A\\u1E91\\u017C\\u017E\\u1E93\\u1E95\\u01B6\\u0225\\u0240\\u2C6C\\uA763]"},"researchesTests":["contentHasTOC","contentHasShortParagraphs","contentHasAssets","keywordInTitle","keywordInMetaDescription","keywordInPermalink","keywordIn10Percent","keywordInContent","keywordInSubheadings","keywordInImageAlt","keywordDensity","keywordNotUsed","lengthContent","lengthPermalink","linksHasInternal","linksHasExternals","linksNotAllExternals","titleStartWithKeyword","titleSentiment","titleHasPowerWords","titleHasNumber","hasContentAI"],"hasRedirection":false,"hasBreadcrumb":false},"homeUrl":"https:\/\/invego.lv\/vitolu","objectID":607,"objectType":"post","locale":"lv","localeFull":"lv_LV","overlayImages":{"play":{"name":"Play icon","url":"https:\/\/invego.lv\/vitolu\/wp-content\/plugins\/seo-by-rank-math\/assets\/admin\/img\/icon-play.png","path":"\/data01\/virt126802\/domeenid\/www.invego.lv\/htdocs\/vitolu\/wp-content\/plugins\/seo-by-rank-math\/assets\/admin\/img\/icon-play.png","position":"middle_center"},"gif":{"name":"GIF icon","url":"https:\/\/invego.lv\/vitolu\/wp-content\/plugins\/seo-by-rank-math\/assets\/admin\/img\/icon-gif.png","path":"\/data01\/virt126802\/domeenid\/www.invego.lv\/htdocs\/vitolu\/wp-content\/plugins\/seo-by-rank-math\/assets\/admin\/img\/icon-gif.png","position":"middle_center"}},"defautOgImage":"https:\/\/invego.lv\/vitolu\/wp-content\/plugins\/seo-by-rank-math\/assets\/admin\/img\/social-placeholder.jpg","customPermalinks":true,"isUserRegistered":false,"autoSuggestKeywords":false,"connectSiteUrl":"https:\/\/rankmath.com\/auth?site=https%3A%2F%2Finvego.lv%2Fvitolu&r=https%3A%2F%2Finvego.lv%2Fvitolu%2Fwp-json%2Fwp%2Fv2%2Fpages%2F607%3Fnonce%3D682de01143","maxTags":5,"trendsIcon":"<svg viewBox=\"0 0 610 610\"><path d=\"M18.85,446,174.32,290.48l58.08,58.08L76.93,504a14.54,14.54,0,0,1-20.55,0L18.83,466.48a14.54,14.54,0,0,1,0-20.55Z\" style=\"fill:#4285f4\"\/><path d=\"M242.65,242.66,377.59,377.6l-47.75,47.75a14.54,14.54,0,0,1-20.55,0L174.37,290.43l47.75-47.75A14.52,14.52,0,0,1,242.65,242.66Z\" style=\"fill:#ea4335\"\/><polygon points=\"319.53 319.53 479.26 159.8 537.34 217.88 377.61 377.62 319.53 319.53\" style=\"fill:#fabb05\"\/><path d=\"M594.26,262.73V118.61h0a16.94,16.94,0,0,0-16.94-16.94H433.2a16.94,16.94,0,0,0-12,28.92L565.34,274.71h0a16.94,16.94,0,0,0,28.92-12Z\" style=\"fill:#34a853\"\/><rect width=\"610\" height=\"610\" style=\"fill:none\"\/><\/svg>","showScore":true,"siteFavIcon":"https:\/\/invego.lv\/vitolu\/wp-content\/uploads\/2024\/10\/cropped-cropped-FAVICON-1-32x32.png","canUser":{"general":false,"advanced":false,"snippet":false,"social":false,"analysis":false,"analytics":false,"content_ai":false},"showKeywordIntent":true,"isPro":false,"is_front_page":false,"trendsUpgradeLink":"https:\/\/rankmath.com\/pricing\/?utm_source=Plugin&utm_medium=CE%20General%20Tab%20Trends&utm_campaign=WP","trendsUpgradeLabel":"Upgrade","trendsPreviewImage":"https:\/\/invego.lv\/vitolu\/wp-content\/plugins\/seo-by-rank-math\/assets\/admin\/img\/trends-preview.jpg","currentEditor":false,"homepageData":{"assessor":{"powerWords":[],"diacritics":true,"researchesTests":["contentHasTOC","contentHasShortParagraphs","contentHasAssets","keywordInTitle","keywordInMetaDescription","keywordInPermalink","keywordIn10Percent","keywordInContent","keywordInSubheadings","keywordInImageAlt","keywordDensity","keywordNotUsed","lengthContent","lengthPermalink","linksHasInternal","linksHasExternals","linksNotAllExternals","titleStartWithKeyword","titleSentiment","titleHasPowerWords","titleHasNumber","hasContentAI"],"hasBreadcrumb":false,"serpData":{"title":"%sitename% %page% %sep% %sitedesc%","description":"","titleTemplate":"%sitename% %page% %sep% %sitedesc%","descriptionTemplate":"","focusKeywords":"","breadcrumbTitle":"Home","robots":{"index":true},"advancedRobots":[],"facebookTitle":"","facebookDescription":"","facebookImage":"","facebookImageID":""}}},"tocTitle":"Table of Contents","tocExcludeHeadings":[],"listStyle":"ul"},"_links":{"self":[{"href":"https:\/\/invego.lv\/vitolu\/wp-json\/wp\/v2\/pages\/607","targetHints":{"allow":["GET"]}}],"collection":[{"href":"https:\/\/invego.lv\/vitolu\/wp-json\/wp\/v2\/pages"}],"about":[{"href":"https:\/\/invego.lv\/vitolu\/wp-json\/wp\/v2\/types\/page"}],"author":[{"embeddable":true,"href":"https:\/\/invego.lv\/vitolu\/wp-json\/wp\/v2\/users\/1"}],"replies":[{"embeddable":true,"href":"https:\/\/invego.lv\/vitolu\/wp-json\/wp\/v2\/comments?post=607"}],"version-history":[{"count":38,"href":"https:\/\/invego.lv\/vitolu\/wp-json\/wp\/v2\/pages\/607\/revisions"}],"predecessor-version":[{"id":3956,"href":"https:\/\/invego.lv\/vitolu\/wp-json\/wp\/v2\/pages\/607\/revisions\/3956"}],"wp:attachment":[{"href":"https:\/\/invego.lv\/vitolu\/wp-json\/wp\/v2\/media?parent=607"}],"curies":[{"name":"wp","href":"https:\/\/api.w.org\/{rel}","templated":true}]}}